{"id":17839,"date":"2025-04-21T18:10:23","date_gmt":"2025-04-21T17:10:23","guid":{"rendered":"https:\/\/renovatus.si\/product\/hp-elitedesk-800-g4-twr-i5-8500-8gb-256gb-sata-ssd\/"},"modified":"2025-04-23T08:30:32","modified_gmt":"2025-04-23T07:30:32","slug":"hp-elitedesk-800-g4-szgt7210","status":"publish","type":"product","link":"https:\/\/renovatus.si\/sl\/izdelek\/hp-elitedesk-800-g4-szgt7210\/","title":{"rendered":"HP EliteDesk 800 G4 TWR i5-8500 &#8211; 8GB &#8211; 256GB SATA SSD"},"content":{"rendered":"<p>HP EliteDesk 800 G4 TWR je primeren za uporabnike, ki \u017eelijo zanesljiv sistem z mo\u017enostjo prihodnje nadgradnje. Procesor i5-8500, 8 GB RAM-a in SSD disk omogo\u010dajo hitro delo z aplikacijami in dokumenti. Ohi\u0161je omogo\u010da enostavno dostopnost in \u0161iritev zmogljivosti.<\/p>\n","protected":false},"excerpt":{"rendered":"<p>Zanesljiv HP EliteDesk 800 G4 v Tower obliki z i5-8500 in SSD \u2013 idealen za raz\u0161irljivo delovno okolje.<\/p>\n","protected":false},"featured_media":17840,"comment_status":"open","ping_status":"closed","template":"","meta":{"_acf_changed":false},"product_brand":[253],"product_cat":[275,225],"product_tag":[],"class_list":{"0":"post-17839","1":"product","2":"type-product","3":"status-publish","4":"has-post-thumbnail","6":"product_brand-hp","7":"product_cat-delovne-postaje","8":"product_cat-namizni-racunalniki","9":"pa_generacija-procesorja-i5-8500","10":"pa_model-elitedesk-800-g4","11":"pa_os-windows-11","12":"pa_podpira-windows-11-da","13":"pa_tip-diska-sata-ssd","14":"pa_velikost-diska-256gb","16":"first","17":"outofstock","18":"taxable","19":"shipping-taxable","20":"purchasable","21":"product-type-simple"},"acf":[],"_links":{"self":[{"href":"https:\/\/renovatus.si\/sl\/wp-json\/wp\/v2\/product\/17839","targetHints":{"allow":["GET"]}}],"collection":[{"href":"https:\/\/renovatus.si\/sl\/wp-json\/wp\/v2\/product"}],"about":[{"href":"https:\/\/renovatus.si\/sl\/wp-json\/wp\/v2\/types\/product"}],"replies":[{"embeddable":true,"href":"https:\/\/renovatus.si\/sl\/wp-json\/wp\/v2\/comments?post=17839"}],"wp:featuredmedia":[{"embeddable":true,"href":"https:\/\/renovatus.si\/sl\/wp-json\/wp\/v2\/media\/17840"}],"wp:attachment":[{"href":"https:\/\/renovatus.si\/sl\/wp-json\/wp\/v2\/media?parent=17839"}],"wp:term":[{"taxonomy":"product_brand","embeddable":true,"href":"https:\/\/renovatus.si\/sl\/wp-json\/wp\/v2\/product_brand?post=17839"},{"taxonomy":"product_cat","embeddable":true,"href":"https:\/\/renovatus.si\/sl\/wp-json\/wp\/v2\/product_cat?post=17839"},{"taxonomy":"product_tag","embeddable":true,"href":"https:\/\/renovatus.si\/sl\/wp-json\/wp\/v2\/product_tag?post=17839"}],"curies":[{"name":"wp","href":"https:\/\/api.w.org\/{rel}","templated":true}]}}