{"id":17853,"date":"2025-04-21T18:10:46","date_gmt":"2025-04-21T17:10:46","guid":{"rendered":"https:\/\/renovatus.si\/product\/hp-workstation-z440-twr-xeon-e5-1620v3-16gb-256gb-sata-ssd-dvd-nvs-310\/"},"modified":"2025-04-30T10:49:06","modified_gmt":"2025-04-30T09:49:06","slug":"hp-workstation-z440-szgw7417","status":"publish","type":"product","link":"https:\/\/renovatus.si\/sl\/izdelek\/hp-workstation-z440-szgw7417\/","title":{"rendered":"HP Workstation Z440 TWR Xeon E5-1620v3 &#8211; 16GB &#8211; 256GB SATA SSD &#8211; DVD &#8211; NVS 310"},"content":{"rendered":"<p>HP Workstation Z440 je resna delovna postaja z Xeon E5-1620v3, 16 GB ECC pomnilnika in NVS 310 grafi\u010dno kartico. Primeren za delo z ve\u010d monitorji, osnovno CAD okolje ali kot stabilna render enota. Zanesljiva izbira za profesionalno okolje z mo\u017enostjo raz\u0161iritve.<\/p>\n","protected":false},"excerpt":{"rendered":"<p>HP Workstation Z440 z Xeon procesorjem in NVS grafiko \u2013 robustna platforma za profesionalce.<\/p>\n","protected":false},"featured_media":17854,"comment_status":"open","ping_status":"closed","template":"","meta":{"_acf_changed":false},"product_brand":[253],"product_cat":[275,225],"product_tag":[],"class_list":{"0":"post-17853","1":"product","2":"type-product","3":"status-publish","4":"has-post-thumbnail","6":"product_brand-hp","7":"product_cat-delovne-postaje","8":"product_cat-namizni-racunalniki","9":"pa_generacija-procesorja-xeon-e5-1620v3","10":"pa_model-workstation-z440","11":"pa_os-windows-10","12":"pa_podpira-windows-11-ne","13":"pa_tip-diska-sata-ssd","14":"pa_velikost-diska-256gb","16":"first","17":"outofstock","18":"taxable","19":"shipping-taxable","20":"purchasable","21":"product-type-simple"},"acf":[],"_links":{"self":[{"href":"https:\/\/renovatus.si\/sl\/wp-json\/wp\/v2\/product\/17853","targetHints":{"allow":["GET"]}}],"collection":[{"href":"https:\/\/renovatus.si\/sl\/wp-json\/wp\/v2\/product"}],"about":[{"href":"https:\/\/renovatus.si\/sl\/wp-json\/wp\/v2\/types\/product"}],"replies":[{"embeddable":true,"href":"https:\/\/renovatus.si\/sl\/wp-json\/wp\/v2\/comments?post=17853"}],"wp:featuredmedia":[{"embeddable":true,"href":"https:\/\/renovatus.si\/sl\/wp-json\/wp\/v2\/media\/17854"}],"wp:attachment":[{"href":"https:\/\/renovatus.si\/sl\/wp-json\/wp\/v2\/media?parent=17853"}],"wp:term":[{"taxonomy":"product_brand","embeddable":true,"href":"https:\/\/renovatus.si\/sl\/wp-json\/wp\/v2\/product_brand?post=17853"},{"taxonomy":"product_cat","embeddable":true,"href":"https:\/\/renovatus.si\/sl\/wp-json\/wp\/v2\/product_cat?post=17853"},{"taxonomy":"product_tag","embeddable":true,"href":"https:\/\/renovatus.si\/sl\/wp-json\/wp\/v2\/product_tag?post=17853"}],"curies":[{"name":"wp","href":"https:\/\/api.w.org\/{rel}","templated":true}]}}