{"id":17857,"date":"2025-04-21T18:10:46","date_gmt":"2025-04-21T17:10:46","guid":{"rendered":"https:\/\/renovatus.si\/product\/hp-workstation-z840-twr-2x-xeon-e5-2667v3-32gb-256gb-sata-ssd-k4200\/"},"modified":"2025-04-23T08:31:15","modified_gmt":"2025-04-23T07:31:15","slug":"hp-workstation-z840-szgw7423","status":"publish","type":"product","link":"https:\/\/renovatus.si\/sl\/izdelek\/hp-workstation-z840-szgw7423\/","title":{"rendered":"HP Workstation Z840 TWR 2x Xeon E5-2667v3 &#8211; 32GB &#8211; 256GB SATA SSD &#8211; K4200"},"content":{"rendered":"<p>HP Workstation Z840 je vrhunska delovna postaja za zahtevna profesionalna okolja. Dvojni Xeon E5-2667v3 procesor, 32 GB RAM in NVIDIA Quadro K4200 omogo\u010dajo brezkompromisno zmogljivost za 3D modeliranje, znanstvene simulacije ali urejanje videa. Masivno ohi\u0161je, tiho delovanje, resna ma\u0161ina.<\/p>\n","protected":false},"excerpt":{"rendered":"<p>HP Workstation Z840 z dvema Xeon procesorjema in K4200 grafiko \u2013 prava po\u0161ast za napredne naloge.<\/p>\n","protected":false},"featured_media":17858,"comment_status":"open","ping_status":"closed","template":"","meta":{"_acf_changed":false},"product_brand":[253],"product_cat":[275,225],"product_tag":[],"class_list":{"0":"post-17857","1":"product","2":"type-product","3":"status-publish","4":"has-post-thumbnail","6":"product_brand-hp","7":"product_cat-delovne-postaje","8":"product_cat-namizni-racunalniki","9":"pa_generacija-procesorja-xeon-e5-2667v3","10":"pa_model-workstation-z840","11":"pa_os-windows-10","12":"pa_podpira-windows-11-ne","13":"pa_tip-diska-sata-ssd","14":"pa_velikost-diska-256gb","16":"first","17":"outofstock","18":"taxable","19":"shipping-taxable","20":"purchasable","21":"product-type-simple"},"acf":[],"_links":{"self":[{"href":"https:\/\/renovatus.si\/sl\/wp-json\/wp\/v2\/product\/17857","targetHints":{"allow":["GET"]}}],"collection":[{"href":"https:\/\/renovatus.si\/sl\/wp-json\/wp\/v2\/product"}],"about":[{"href":"https:\/\/renovatus.si\/sl\/wp-json\/wp\/v2\/types\/product"}],"replies":[{"embeddable":true,"href":"https:\/\/renovatus.si\/sl\/wp-json\/wp\/v2\/comments?post=17857"}],"wp:featuredmedia":[{"embeddable":true,"href":"https:\/\/renovatus.si\/sl\/wp-json\/wp\/v2\/media\/17858"}],"wp:attachment":[{"href":"https:\/\/renovatus.si\/sl\/wp-json\/wp\/v2\/media?parent=17857"}],"wp:term":[{"taxonomy":"product_brand","embeddable":true,"href":"https:\/\/renovatus.si\/sl\/wp-json\/wp\/v2\/product_brand?post=17857"},{"taxonomy":"product_cat","embeddable":true,"href":"https:\/\/renovatus.si\/sl\/wp-json\/wp\/v2\/product_cat?post=17857"},{"taxonomy":"product_tag","embeddable":true,"href":"https:\/\/renovatus.si\/sl\/wp-json\/wp\/v2\/product_tag?post=17857"}],"curies":[{"name":"wp","href":"https:\/\/api.w.org\/{rel}","templated":true}]}}