{"id":17863,"date":"2025-04-21T18:11:02","date_gmt":"2025-04-21T17:11:02","guid":{"rendered":"https:\/\/renovatus.si\/product\/hp-zbook-15-g3-15-i7-6820hq-32gb-512gb-sata-ssd-nvidia-quadro-m2000m-2\/"},"modified":"2025-10-02T11:00:45","modified_gmt":"2025-10-02T10:00:45","slug":"hp-zbook-g3-b-nbb15443","status":"publish","type":"product","link":"https:\/\/renovatus.si\/sl\/izdelek\/hp-zbook-g3-b-nbb15443\/","title":{"rendered":"HP zBook 15 G3 15&#8243; i7-6820HQ &#8211; 32GB &#8211; 512GB SATA SSD &#8211; Nvidia Quadro M2000M"},"content":{"rendered":"<p>HP zBook 15 G3 je pripravljen na vse, od renderiranja do naprednega CAD-a. Vgrajen ima zmogljiv i7-6820HQ, 32 GB RAM-a, 512 GB SSD in Quadro M2000M grafi\u010dno kartico. Full HD zaslon omogo\u010da natan\u010dno delo na terenu ali v pisarni. Ocenjen z \u201cB\u201d \u2013 deluje brezhibno, z rahlimi sledmi uporabe.<\/p>\n","protected":false},"excerpt":{"rendered":"<p>Mobilna delovna postaja hp zBook z i7-6820HQ, 32 GB RAM in Quadro grafiko \u2013 mo\u010dna izbira za profesionalce.<\/p>\n","protected":false},"featured_media":17860,"comment_status":"open","ping_status":"closed","template":"","meta":{"_acf_changed":false},"product_brand":[253],"product_cat":[371,226],"product_tag":[],"class_list":{"0":"post-17863","1":"product","2":"type-product","3":"status-publish","4":"has-post-thumbnail","6":"product_brand-hp","7":"product_cat-b_kakovost_obnovljeni_racunalniki","8":"product_cat-prenosni-racunalniki","9":"pa_generacija-procesorja-i7-6820hq","10":"pa_model-zbook-g3","11":"pa_os-windows-10","12":"pa_podpira-windows-11-ne","13":"pa_razred-ohranjenosti-b","14":"pa_resolucija-fullhd","15":"pa_spletna-kamera-da","16":"pa_tip-diska-sata-ssd","17":"pa_velikost-diska-512gb","19":"first","20":"outofstock","21":"taxable","22":"shipping-taxable","23":"purchasable","24":"product-type-simple"},"acf":[],"_links":{"self":[{"href":"https:\/\/renovatus.si\/sl\/wp-json\/wp\/v2\/product\/17863","targetHints":{"allow":["GET"]}}],"collection":[{"href":"https:\/\/renovatus.si\/sl\/wp-json\/wp\/v2\/product"}],"about":[{"href":"https:\/\/renovatus.si\/sl\/wp-json\/wp\/v2\/types\/product"}],"replies":[{"embeddable":true,"href":"https:\/\/renovatus.si\/sl\/wp-json\/wp\/v2\/comments?post=17863"}],"wp:featuredmedia":[{"embeddable":true,"href":"https:\/\/renovatus.si\/sl\/wp-json\/wp\/v2\/media\/17860"}],"wp:attachment":[{"href":"https:\/\/renovatus.si\/sl\/wp-json\/wp\/v2\/media?parent=17863"}],"wp:term":[{"taxonomy":"product_brand","embeddable":true,"href":"https:\/\/renovatus.si\/sl\/wp-json\/wp\/v2\/product_brand?post=17863"},{"taxonomy":"product_cat","embeddable":true,"href":"https:\/\/renovatus.si\/sl\/wp-json\/wp\/v2\/product_cat?post=17863"},{"taxonomy":"product_tag","embeddable":true,"href":"https:\/\/renovatus.si\/sl\/wp-json\/wp\/v2\/product_tag?post=17863"}],"curies":[{"name":"wp","href":"https:\/\/api.w.org\/{rel}","templated":true}]}}