{"id":17869,"date":"2025-04-21T18:11:02","date_gmt":"2025-04-21T17:11:02","guid":{"rendered":"https:\/\/renovatus.si\/product\/lenovo-thinkcentre-m720s-sff-i5-8600-8gb-256gb-nvme-ssd\/"},"modified":"2025-04-23T08:31:55","modified_gmt":"2025-04-23T07:31:55","slug":"lenovo-thinkcentre-m720s-szgs7306","status":"publish","type":"product","link":"https:\/\/renovatus.si\/sl\/izdelek\/lenovo-thinkcentre-m720s-szgs7306\/","title":{"rendered":"Lenovo ThinkCentre M720S SFF i5-8600 &#8211; 8GB &#8211; 256GB NVME SSD"},"content":{"rendered":"<p>Lenovo ThinkCentre M720S je SFF ra\u010dunalnik z mo\u010djo \u0161estjedrnega i5-8600 procesorja in hitrim NVMe SSD diskom. Kompakten, a izredno hiter \u2013 idealen za sodobne pisarne, kjer \u0161teje vsak centimeter in vsaka sekunda odziva. Stabilen, tih in pripravljen na dolgotrajno uporabo.<\/p>\n","protected":false},"excerpt":{"rendered":"<p>ThinkCentre M720S z i5-8600 in NVMe SSD \u2013 zmogljiv poslovni ra\u010dunalnik v kompaktnem ohi\u0161ju.<\/p>\n","protected":false},"featured_media":17870,"comment_status":"open","ping_status":"closed","template":"","meta":{"_acf_changed":false},"product_brand":[254],"product_cat":[225,367],"product_tag":[],"class_list":{"0":"post-17869","1":"product","2":"type-product","3":"status-publish","4":"has-post-thumbnail","6":"product_brand-lenovo","7":"product_cat-namizni-racunalniki","8":"product_cat-sff","9":"pa_generacija-procesorja-i5-8600","10":"pa_model-thinkcentre-m720s","11":"pa_os-windows-11","12":"pa_podpira-windows-11-da","13":"pa_tip-diska-nvme-ssd","14":"pa_velikost-diska-256gb","16":"first","17":"outofstock","18":"taxable","19":"shipping-taxable","20":"purchasable","21":"product-type-simple"},"acf":[],"_links":{"self":[{"href":"https:\/\/renovatus.si\/sl\/wp-json\/wp\/v2\/product\/17869","targetHints":{"allow":["GET"]}}],"collection":[{"href":"https:\/\/renovatus.si\/sl\/wp-json\/wp\/v2\/product"}],"about":[{"href":"https:\/\/renovatus.si\/sl\/wp-json\/wp\/v2\/types\/product"}],"replies":[{"embeddable":true,"href":"https:\/\/renovatus.si\/sl\/wp-json\/wp\/v2\/comments?post=17869"}],"wp:featuredmedia":[{"embeddable":true,"href":"https:\/\/renovatus.si\/sl\/wp-json\/wp\/v2\/media\/17870"}],"wp:attachment":[{"href":"https:\/\/renovatus.si\/sl\/wp-json\/wp\/v2\/media?parent=17869"}],"wp:term":[{"taxonomy":"product_brand","embeddable":true,"href":"https:\/\/renovatus.si\/sl\/wp-json\/wp\/v2\/product_brand?post=17869"},{"taxonomy":"product_cat","embeddable":true,"href":"https:\/\/renovatus.si\/sl\/wp-json\/wp\/v2\/product_cat?post=17869"},{"taxonomy":"product_tag","embeddable":true,"href":"https:\/\/renovatus.si\/sl\/wp-json\/wp\/v2\/product_tag?post=17869"}],"curies":[{"name":"wp","href":"https:\/\/api.w.org\/{rel}","templated":true}]}}