{"id":17889,"date":"2025-04-21T18:11:54","date_gmt":"2025-04-21T17:11:54","guid":{"rendered":"https:\/\/renovatus.si\/product\/lenovo-thinkpad-t14-g1-14-i5-10210u-16gb-256gb-nvme-ssd\/"},"modified":"2026-03-16T14:05:52","modified_gmt":"2026-03-16T13:05:52","slug":"lenovo-thinkpad-t14-b-nbb14753","status":"publish","type":"product","link":"https:\/\/renovatus.si\/sl\/izdelek\/lenovo-thinkpad-t14-b-nbb14753\/","title":{"rendered":"Lenovo ThinkPad T14 G1 14&#8243; i5-10210U &#8211; 16GB &#8211; 256GB NVME SSD"},"content":{"rendered":"<p>Lenovo ThinkPad T14 G1 z i5-10210U, 16 GB RAM-a in NVMe SSD diskom je hiter, zanesljiv in pripravljen na vsakodnevne naloge. Legendarna tipkovnica, \u010dvrsto ohi\u0161je in zaslon polne HD lo\u010dljivosti zagotavljajo profesionalno uporabni\u0161ko izku\u0161njo. Razred \u201cB\u201d.<\/p>\n","protected":false},"excerpt":{"rendered":"<p>Lenovo ThinkPad T14 G1 z Intel i5 10. gen in 16 GB RAM \u2013 zmogljiv prenosnik za delo od kjerkoli.<\/p>\n","protected":false},"featured_media":17890,"comment_status":"open","ping_status":"closed","template":"","meta":{"_acf_changed":false},"product_brand":[254],"product_cat":[226],"product_tag":[],"class_list":{"0":"post-17889","1":"product","2":"type-product","3":"status-publish","4":"has-post-thumbnail","6":"product_brand-lenovo","7":"product_cat-prenosni-racunalniki","8":"pa_generacija-procesorja-i5-10210u","9":"pa_model-thinkpad-t14","10":"pa_os-windows-11","11":"pa_podpira-windows-11-da","12":"pa_razred-ohranjenosti-b","13":"pa_resolucija-fullhd","14":"pa_spletna-kamera-da","15":"pa_tip-diska-nvme-ssd","16":"pa_velikost-diska-256gb","18":"first","19":"outofstock","20":"sale","21":"taxable","22":"shipping-taxable","23":"purchasable","24":"product-type-simple"},"acf":[],"_links":{"self":[{"href":"https:\/\/renovatus.si\/sl\/wp-json\/wp\/v2\/product\/17889","targetHints":{"allow":["GET"]}}],"collection":[{"href":"https:\/\/renovatus.si\/sl\/wp-json\/wp\/v2\/product"}],"about":[{"href":"https:\/\/renovatus.si\/sl\/wp-json\/wp\/v2\/types\/product"}],"replies":[{"embeddable":true,"href":"https:\/\/renovatus.si\/sl\/wp-json\/wp\/v2\/comments?post=17889"}],"wp:featuredmedia":[{"embeddable":true,"href":"https:\/\/renovatus.si\/sl\/wp-json\/wp\/v2\/media\/17890"}],"wp:attachment":[{"href":"https:\/\/renovatus.si\/sl\/wp-json\/wp\/v2\/media?parent=17889"}],"wp:term":[{"taxonomy":"product_brand","embeddable":true,"href":"https:\/\/renovatus.si\/sl\/wp-json\/wp\/v2\/product_brand?post=17889"},{"taxonomy":"product_cat","embeddable":true,"href":"https:\/\/renovatus.si\/sl\/wp-json\/wp\/v2\/product_cat?post=17889"},{"taxonomy":"product_tag","embeddable":true,"href":"https:\/\/renovatus.si\/sl\/wp-json\/wp\/v2\/product_tag?post=17889"}],"curies":[{"name":"wp","href":"https:\/\/api.w.org\/{rel}","templated":true}]}}