{"id":17906,"date":"2025-04-21T18:12:19","date_gmt":"2025-04-21T17:12:19","guid":{"rendered":"https:\/\/renovatus.si\/product\/lenovo-thinkpad-t490s-14-i5-8365u-8gb-256gb-nvme-ssd\/"},"modified":"2025-04-23T08:36:51","modified_gmt":"2025-04-23T07:36:51","slug":"lenovo-thinkpad-t490s-b-nbb141018","status":"publish","type":"product","link":"https:\/\/renovatus.si\/sl\/izdelek\/lenovo-thinkpad-t490s-b-nbb141018\/","title":{"rendered":"Lenovo ThinkPad T490S 14&#8243; i5-8365u &#8211; 8GB &#8211; 256GB NVME SSD"},"content":{"rendered":"<p>Lenovo ThinkPad T490S je poslovni ultrabook s poudarkom na mobilnosti in zanesljivosti. i5-8365U, 8 GB RAM in 256 GB NVMe SSD disk poskrbijo za hitro delovanje, FHD zaslon pa za odli\u010dno uporabni\u0161ko izku\u0161njo. \u201cB\u201d razred pomeni nekaj kozmetike, deluje vrhunsko.<\/p>\n","protected":false},"excerpt":{"rendered":"<p>Lenovo ThinkPad T490S z i5 procesorjem in NVMe SSD \u2013 vitka, profesionalna izbira za vsak dan.<\/p>\n","protected":false},"featured_media":17907,"comment_status":"open","ping_status":"closed","template":"","meta":{"_acf_changed":false},"product_brand":[254],"product_cat":[],"product_tag":[],"class_list":{"0":"post-17906","1":"product","2":"type-product","3":"status-publish","4":"has-post-thumbnail","6":"product_brand-lenovo","7":"pa_generacija-procesorja-i5-8365u","8":"pa_model-thinkpad-t490s","9":"pa_os-windows-11","10":"pa_podpira-windows-11-da","11":"pa_razred-ohranjenosti-b","12":"pa_resolucija-fullhd","13":"pa_spletna-kamera-da","14":"pa_tip-diska-nvme-ssd","15":"pa_velikost-diska-256gb","17":"first","18":"outofstock","19":"taxable","20":"shipping-taxable","21":"purchasable","22":"product-type-simple"},"acf":[],"_links":{"self":[{"href":"https:\/\/renovatus.si\/sl\/wp-json\/wp\/v2\/product\/17906","targetHints":{"allow":["GET"]}}],"collection":[{"href":"https:\/\/renovatus.si\/sl\/wp-json\/wp\/v2\/product"}],"about":[{"href":"https:\/\/renovatus.si\/sl\/wp-json\/wp\/v2\/types\/product"}],"replies":[{"embeddable":true,"href":"https:\/\/renovatus.si\/sl\/wp-json\/wp\/v2\/comments?post=17906"}],"wp:featuredmedia":[{"embeddable":true,"href":"https:\/\/renovatus.si\/sl\/wp-json\/wp\/v2\/media\/17907"}],"wp:attachment":[{"href":"https:\/\/renovatus.si\/sl\/wp-json\/wp\/v2\/media?parent=17906"}],"wp:term":[{"taxonomy":"product_brand","embeddable":true,"href":"https:\/\/renovatus.si\/sl\/wp-json\/wp\/v2\/product_brand?post=17906"},{"taxonomy":"product_cat","embeddable":true,"href":"https:\/\/renovatus.si\/sl\/wp-json\/wp\/v2\/product_cat?post=17906"},{"taxonomy":"product_tag","embeddable":true,"href":"https:\/\/renovatus.si\/sl\/wp-json\/wp\/v2\/product_tag?post=17906"}],"curies":[{"name":"wp","href":"https:\/\/api.w.org\/{rel}","templated":true}]}}