{"id":18185,"date":"2025-04-16T18:43:34","date_gmt":"2025-04-16T17:43:34","guid":{"rendered":"https:\/\/renovatus.si\/product\/hp-probook-450-g6-15-i5-8265u-8gb-256gb-nvme-ssd-2\/"},"modified":"2026-03-05T15:58:17","modified_gmt":"2026-03-05T14:58:17","slug":"hp-probook-450-g6-15-i5-8265u-8gb-256gb-nvme-ssd-2","status":"publish","type":"product","link":"https:\/\/renovatus.si\/sl\/izdelek\/hp-probook-450-g6-15-i5-8265u-8gb-256gb-nvme-ssd-2\/","title":{"rendered":"HP ProBook 450 G6 15&#8243; i5-8265U &#8211; 8GB &#8211; 256GB NVME SSD"},"content":{"rendered":"<p>Razi\u0161\u010dite na\u0161 izdelek, SKU NBB15511! Ta izdelek ponuja izjemno kakovost in vrednost. Ne zamudite te fantasti\u010dne prilo\u017enosti, da izbolj\u0161ate svojo izku\u0161njo z na\u0161o vrhunsko izbiro!<\/p>\n","protected":false},"excerpt":{"rendered":"<p>Razi\u0161\u010dite na\u0161 izdelek, SKU NBB15511! Ta izdelek ponuja izjemno kakovost in vrednost. Ne zamudite te fantasti\u010dne prilo\u017enosti, da izbolj\u0161ate svojo izku\u0161njo z na\u0161o vrhunsko izbiro!<\/p>\n","protected":false},"featured_media":18186,"comment_status":"closed","ping_status":"closed","template":"","meta":{"_acf_changed":false},"product_brand":[253],"product_cat":[371,226],"product_tag":[],"class_list":{"0":"post-18185","1":"product","2":"type-product","3":"status-publish","4":"has-post-thumbnail","6":"product_brand-hp","7":"product_cat-b_kakovost_obnovljeni_racunalniki","8":"product_cat-prenosni-racunalniki","9":"pa_podpira-windows-11-da","10":"pa_resolucija-fullhd","11":"pa_tip-diska-nvme-ssd","13":"first","14":"outofstock","15":"sale","16":"taxable","17":"shipping-taxable","18":"purchasable","19":"product-type-simple"},"acf":[],"_links":{"self":[{"href":"https:\/\/renovatus.si\/sl\/wp-json\/wp\/v2\/product\/18185","targetHints":{"allow":["GET"]}}],"collection":[{"href":"https:\/\/renovatus.si\/sl\/wp-json\/wp\/v2\/product"}],"about":[{"href":"https:\/\/renovatus.si\/sl\/wp-json\/wp\/v2\/types\/product"}],"replies":[{"embeddable":true,"href":"https:\/\/renovatus.si\/sl\/wp-json\/wp\/v2\/comments?post=18185"}],"wp:featuredmedia":[{"embeddable":true,"href":"https:\/\/renovatus.si\/sl\/wp-json\/wp\/v2\/media\/18186"}],"wp:attachment":[{"href":"https:\/\/renovatus.si\/sl\/wp-json\/wp\/v2\/media?parent=18185"}],"wp:term":[{"taxonomy":"product_brand","embeddable":true,"href":"https:\/\/renovatus.si\/sl\/wp-json\/wp\/v2\/product_brand?post=18185"},{"taxonomy":"product_cat","embeddable":true,"href":"https:\/\/renovatus.si\/sl\/wp-json\/wp\/v2\/product_cat?post=18185"},{"taxonomy":"product_tag","embeddable":true,"href":"https:\/\/renovatus.si\/sl\/wp-json\/wp\/v2\/product_tag?post=18185"}],"curies":[{"name":"wp","href":"https:\/\/api.w.org\/{rel}","templated":true}]}}