{"id":18735,"date":"2025-04-21T18:17:20","date_gmt":"2025-04-21T17:17:20","guid":{"rendered":"https:\/\/renovatus.si\/?post_type=product&#038;p=18735"},"modified":"2025-04-23T08:32:58","modified_gmt":"2025-04-23T07:32:58","slug":"dell-optiplex-5060-szgs7246","status":"publish","type":"product","link":"https:\/\/renovatus.si\/sl\/izdelek\/dell-optiplex-5060-szgs7246\/","title":{"rendered":"Dell Optiplex 5060 SFF i3-8100 &#8211; 8GB &#8211; 256GB SATA SSD"},"content":{"rendered":"<p>Dell Optiplex 5060 Small Form Factor (SFF) je sodoben poslovni ra\u010dunalnik, ki ponuja odli\u010dne zmogljivosti v kompaktnem ohi\u0161ju. Opremljen je s \u0161tirijedrnim Intel Core i3-8100 procesorjem 8. generacije, 8 GB delovnega pomnilnika in 256 GB SSD diskom, kar omogo\u010da hitro in stabilno delovanje sistema. Idealen je za uporabo v pisarnah, \u0161olah ali doma\u010dem delovnem prostoru. SFF ohi\u0161je zavzame zelo malo prostora, zato je primeren tudi za manj\u0161e mize. Optiplex linija slovi po svoji vzdr\u017eljivosti, tihosti in dolgi \u017eivljenjski dobi. Odli\u010den za delo z dokumenti, brskanje, video klice in ve\u010dopravilnost brez prekinitev.<\/p>\n","protected":false},"excerpt":{"rendered":"<p>Dell Optiplex 5060 SFF je zmogljiv pisarni\u0161ki ra\u010dunalnik z Intel Core i3-8100 procesorjem, 8 GB RAM-a in 256 GB SSD diskom. Kompaktna in zanesljiva re\u0161itev za vsakodnevno delo.<\/p>\n","protected":false},"featured_media":18681,"comment_status":"open","ping_status":"closed","template":"","meta":{"_acf_changed":false},"product_brand":[255],"product_cat":[225],"product_tag":[],"class_list":{"0":"post-18735","1":"product","2":"type-product","3":"status-publish","4":"has-post-thumbnail","6":"product_brand-dell","7":"product_cat-namizni-racunalniki","8":"pa_generacija-procesorja-i3-8100","9":"pa_model-optiplex-5060","10":"pa_os-windows-11","11":"pa_podpira-windows-11-da","12":"pa_tip-diska-sata-ssd","13":"pa_velikost-diska-256gb","15":"first","16":"outofstock","17":"taxable","18":"shipping-taxable","19":"purchasable","20":"product-type-simple"},"acf":[],"_links":{"self":[{"href":"https:\/\/renovatus.si\/sl\/wp-json\/wp\/v2\/product\/18735","targetHints":{"allow":["GET"]}}],"collection":[{"href":"https:\/\/renovatus.si\/sl\/wp-json\/wp\/v2\/product"}],"about":[{"href":"https:\/\/renovatus.si\/sl\/wp-json\/wp\/v2\/types\/product"}],"replies":[{"embeddable":true,"href":"https:\/\/renovatus.si\/sl\/wp-json\/wp\/v2\/comments?post=18735"}],"wp:featuredmedia":[{"embeddable":true,"href":"https:\/\/renovatus.si\/sl\/wp-json\/wp\/v2\/media\/18681"}],"wp:attachment":[{"href":"https:\/\/renovatus.si\/sl\/wp-json\/wp\/v2\/media?parent=18735"}],"wp:term":[{"taxonomy":"product_brand","embeddable":true,"href":"https:\/\/renovatus.si\/sl\/wp-json\/wp\/v2\/product_brand?post=18735"},{"taxonomy":"product_cat","embeddable":true,"href":"https:\/\/renovatus.si\/sl\/wp-json\/wp\/v2\/product_cat?post=18735"},{"taxonomy":"product_tag","embeddable":true,"href":"https:\/\/renovatus.si\/sl\/wp-json\/wp\/v2\/product_tag?post=18735"}],"curies":[{"name":"wp","href":"https:\/\/api.w.org\/{rel}","templated":true}]}}