{"id":18829,"date":"2025-04-23T14:55:29","date_gmt":"2025-04-23T13:55:29","guid":{"rendered":"https:\/\/renovatus.si\/product\/dell-latitude-5410-a-nba141001\/"},"modified":"2025-06-10T13:21:56","modified_gmt":"2025-06-10T12:21:56","slug":"dell-latitude-5410-a-nba141001","status":"publish","type":"product","link":"https:\/\/renovatus.si\/sl\/izdelek\/dell-latitude-5410-a-nba141001\/","title":{"rendered":"Dell Latitude 5410 14&#8243; i5-10210U &#8211; 16GB &#8211; 256GB NVME SSD"},"content":{"rendered":"<p>Prenosnik Dell Latitude 5410 je ustvarjen za produktivnost. Opremljen je z Intel Core i5-10210U, 16 GB DDR4 RAM-a in 256 GB NVMe SSD-jem. Njegov 14&#8243; Full HD zaslon nudi odli\u010dno sliko, spletna kamera pa omogo\u010da brezhibno komunikacijo. Sodobna zasnova in visoka zmogljivost ga uvr\u0161\u010data med vodilne poslovne naprave.<\/p>\n","protected":false},"excerpt":{"rendered":"<p>Hitrost in zmogljivost v elegantnem Dell Latitude 5410 z i5 procesorjem in 16 GB RAM-a. Popoln za delo in \u0161tudij.<\/p>\n","protected":false},"featured_media":18830,"comment_status":"open","ping_status":"closed","template":"","meta":{"_acf_changed":false},"product_brand":[255],"product_cat":[370,226],"product_tag":[],"class_list":{"0":"post-18829","1":"product","2":"type-product","3":"status-publish","4":"has-post-thumbnail","6":"product_brand-dell","7":"product_cat-a_kakovost_obnovljeni_racunalniki","8":"product_cat-prenosni-racunalniki","9":"pa_generacija-procesorja-i5-10210u","10":"pa_model-latitude-5410","11":"pa_os-windows-11","12":"pa_podpira-windows-11-da","13":"pa_razred-ohranjenosti-a","14":"pa_resolucija-fullhd","15":"pa_spletna-kamera-da","16":"pa_tip-diska-nvme-ssd","17":"pa_velikost-diska-256gb","19":"first","20":"outofstock","21":"taxable","22":"shipping-taxable","23":"purchasable","24":"product-type-simple"},"acf":[],"_links":{"self":[{"href":"https:\/\/renovatus.si\/sl\/wp-json\/wp\/v2\/product\/18829","targetHints":{"allow":["GET"]}}],"collection":[{"href":"https:\/\/renovatus.si\/sl\/wp-json\/wp\/v2\/product"}],"about":[{"href":"https:\/\/renovatus.si\/sl\/wp-json\/wp\/v2\/types\/product"}],"replies":[{"embeddable":true,"href":"https:\/\/renovatus.si\/sl\/wp-json\/wp\/v2\/comments?post=18829"}],"wp:featuredmedia":[{"embeddable":true,"href":"https:\/\/renovatus.si\/sl\/wp-json\/wp\/v2\/media\/18830"}],"wp:attachment":[{"href":"https:\/\/renovatus.si\/sl\/wp-json\/wp\/v2\/media?parent=18829"}],"wp:term":[{"taxonomy":"product_brand","embeddable":true,"href":"https:\/\/renovatus.si\/sl\/wp-json\/wp\/v2\/product_brand?post=18829"},{"taxonomy":"product_cat","embeddable":true,"href":"https:\/\/renovatus.si\/sl\/wp-json\/wp\/v2\/product_cat?post=18829"},{"taxonomy":"product_tag","embeddable":true,"href":"https:\/\/renovatus.si\/sl\/wp-json\/wp\/v2\/product_tag?post=18829"}],"curies":[{"name":"wp","href":"https:\/\/api.w.org\/{rel}","templated":true}]}}