{"id":18837,"date":"2025-04-23T14:55:58","date_gmt":"2025-04-23T13:55:58","guid":{"rendered":"https:\/\/renovatus.si\/product\/dell-latitude-5410-b-nbb14994\/"},"modified":"2025-04-30T10:55:19","modified_gmt":"2025-04-30T09:55:19","slug":"dell-latitude-5410-b-nbb14994","status":"publish","type":"product","link":"https:\/\/renovatus.si\/sl\/izdelek\/dell-latitude-5410-b-nbb14994\/","title":{"rendered":"Dell Latitude 5410 14&#8243; i5-10310U &#8211; 16GB &#8211; 512GB NVME SSD"},"content":{"rendered":"<p>Opremljen z Intel i5-10310U, 512 GB NVMe SSD diskom in 16 GB RAM-a, model Dell Latitude 5410 ponuja odli\u010dne zmogljivosti za delo in ve\u010dopravilnost. 14-pal\u010dni FHD zaslon ter ocena stanja &#8220;B&#8221; zagotavljata funkcionalnost po dostopni ceni.<\/p>\n","protected":false},"excerpt":{"rendered":"<p>Zmogljiv prenosnik Dell Latitude 5410 z ve\u010djo shrambo \u2013 popoln za profesionalce na poti.<\/p>\n","protected":false},"featured_media":18830,"comment_status":"open","ping_status":"closed","template":"","meta":{"_acf_changed":false},"product_brand":[255],"product_cat":[226],"product_tag":[],"class_list":{"0":"post-18837","1":"product","2":"type-product","3":"status-publish","4":"has-post-thumbnail","6":"product_brand-dell","7":"product_cat-prenosni-racunalniki","8":"pa_generacija-procesorja-i5-10310u","9":"pa_model-latitude-5410","10":"pa_os-windows-11","11":"pa_podpira-windows-11-da","12":"pa_razred-ohranjenosti-b","13":"pa_resolucija-fullhd","14":"pa_spletna-kamera-da","15":"pa_tip-diska-nvme-ssd","16":"pa_velikost-diska-512gb","18":"first","19":"outofstock","20":"taxable","21":"shipping-taxable","22":"purchasable","23":"product-type-simple"},"acf":[],"_links":{"self":[{"href":"https:\/\/renovatus.si\/sl\/wp-json\/wp\/v2\/product\/18837","targetHints":{"allow":["GET"]}}],"collection":[{"href":"https:\/\/renovatus.si\/sl\/wp-json\/wp\/v2\/product"}],"about":[{"href":"https:\/\/renovatus.si\/sl\/wp-json\/wp\/v2\/types\/product"}],"replies":[{"embeddable":true,"href":"https:\/\/renovatus.si\/sl\/wp-json\/wp\/v2\/comments?post=18837"}],"wp:featuredmedia":[{"embeddable":true,"href":"https:\/\/renovatus.si\/sl\/wp-json\/wp\/v2\/media\/18830"}],"wp:attachment":[{"href":"https:\/\/renovatus.si\/sl\/wp-json\/wp\/v2\/media?parent=18837"}],"wp:term":[{"taxonomy":"product_brand","embeddable":true,"href":"https:\/\/renovatus.si\/sl\/wp-json\/wp\/v2\/product_brand?post=18837"},{"taxonomy":"product_cat","embeddable":true,"href":"https:\/\/renovatus.si\/sl\/wp-json\/wp\/v2\/product_cat?post=18837"},{"taxonomy":"product_tag","embeddable":true,"href":"https:\/\/renovatus.si\/sl\/wp-json\/wp\/v2\/product_tag?post=18837"}],"curies":[{"name":"wp","href":"https:\/\/api.w.org\/{rel}","templated":true}]}}