{"id":18885,"date":"2025-04-23T14:58:48","date_gmt":"2025-04-23T13:58:48","guid":{"rendered":"https:\/\/renovatus.si\/product\/hp-elite-x2-g4-a-nbam13104\/"},"modified":"2025-06-10T13:24:17","modified_gmt":"2025-06-10T12:24:17","slug":"hp-elite-x2-g4-a-nbam13104","status":"publish","type":"product","link":"https:\/\/renovatus.si\/sl\/izdelek\/hp-elite-x2-g4-a-nbam13104\/","title":{"rendered":"HP Elite X2 G4 12&#8243; i7-8565u &#8211; 16GB &#8211; 256GB SSD"},"content":{"rendered":"<p>HP Elite X2 G4 je vrhunski hibridni prenosnik, ki zdru\u017euje funkcionalnost tablice in zmogljivost prenosnika. S Core i7-8565U, 16 GB RAM-a in 256 GB SSD-jem omogo\u010da hitro in odzivno delovanje. 12\u201d Full HD zaslon na dotik, snemljiva tipkovnica in kompaktna zasnova so popolna kombinacija za poslovne\u017ee na poti. Stanje &#8220;A-&#8221; pomeni odli\u010dno ohranjenost. Odli\u010den za delo, predstavitve in sestanke.<\/p>\n","protected":false},"excerpt":{"rendered":"<p>Lahek in zmogljiv HP Elite X2 G4 \u2013 tablica in prenosnik v enem z naprednim i7 procesorjem.<\/p>\n","protected":false},"featured_media":18886,"comment_status":"open","ping_status":"closed","template":"","meta":{"_acf_changed":false},"product_brand":[253],"product_cat":[226],"product_tag":[],"class_list":{"0":"post-18885","1":"product","2":"type-product","3":"status-publish","4":"has-post-thumbnail","6":"product_brand-hp","7":"product_cat-prenosni-racunalniki","8":"pa_generacija-procesorja-i7-8565u","9":"pa_model-elite-x2-g4","10":"pa_os-windows-11","11":"pa_podpira-windows-11-da","12":"pa_razred-ohranjenosti-a-2","13":"pa_resolucija-fullhd","14":"pa_spletna-kamera-da","15":"pa_tip-diska-sata-ssd","16":"pa_velikost-diska-256gb","18":"first","19":"outofstock","20":"taxable","21":"shipping-taxable","22":"purchasable","23":"product-type-simple"},"acf":[],"_links":{"self":[{"href":"https:\/\/renovatus.si\/sl\/wp-json\/wp\/v2\/product\/18885","targetHints":{"allow":["GET"]}}],"collection":[{"href":"https:\/\/renovatus.si\/sl\/wp-json\/wp\/v2\/product"}],"about":[{"href":"https:\/\/renovatus.si\/sl\/wp-json\/wp\/v2\/types\/product"}],"replies":[{"embeddable":true,"href":"https:\/\/renovatus.si\/sl\/wp-json\/wp\/v2\/comments?post=18885"}],"wp:featuredmedia":[{"embeddable":true,"href":"https:\/\/renovatus.si\/sl\/wp-json\/wp\/v2\/media\/18886"}],"wp:attachment":[{"href":"https:\/\/renovatus.si\/sl\/wp-json\/wp\/v2\/media?parent=18885"}],"wp:term":[{"taxonomy":"product_brand","embeddable":true,"href":"https:\/\/renovatus.si\/sl\/wp-json\/wp\/v2\/product_brand?post=18885"},{"taxonomy":"product_cat","embeddable":true,"href":"https:\/\/renovatus.si\/sl\/wp-json\/wp\/v2\/product_cat?post=18885"},{"taxonomy":"product_tag","embeddable":true,"href":"https:\/\/renovatus.si\/sl\/wp-json\/wp\/v2\/product_tag?post=18885"}],"curies":[{"name":"wp","href":"https:\/\/api.w.org\/{rel}","templated":true}]}}