{"id":18915,"date":"2025-04-23T15:00:32","date_gmt":"2025-04-23T14:00:32","guid":{"rendered":"https:\/\/renovatus.si\/product\/lenovo-thinkcentre-m810z-a-szga1533\/"},"modified":"2026-01-15T16:18:35","modified_gmt":"2026-01-15T15:18:35","slug":"lenovo-thinkcentre-m810z-a-szga1533","status":"publish","type":"product","link":"https:\/\/renovatus.si\/sl\/izdelek\/lenovo-thinkcentre-m810z-a-szga1533\/","title":{"rendered":"Lenovo ThinkCentre M810z AIO 21&#8243; i5-6400 &#8211; 8GB &#8211; 128GB SATA SSD"},"content":{"rendered":"<p>Lenovo ThinkCentre M810z AIO prina\u0161a eleganco in mo\u010d v eni napravi. Z Intel i5-6400, 8 GB RAM-a in 128 GB SSD, je popoln za pisarni\u0161ko ali \u0161olsko okolje. Njegov 21,5&#8243; Full HD zaslon zagotavlja dobro sliko, vgrajena kamera pa omogo\u010da profesionalne spletne klice. Oznaka &#8220;A-&#8221; pomeni minimalne znake uporabe, vendar popolno delovanje. Kompaktna zasnova pomeni manj kablov in ve\u010d prostora na mizi. SSD omogo\u010da hitrej\u0161i zagon sistema in aplikacij, kar pove\u010duje produktivnost. Zanesljiva izbira za vse, ki i\u0161\u010dejo preprostost in zmogljivost v enem.<\/p>\n","protected":false},"excerpt":{"rendered":"<p>Lenovo ThinkCentre M810z AIO s 21\u201d zaslonom, i5-6400 procesorjem in 8 GB RAM \u2013 odli\u010dna vse-v-enem re\u0161itev z oceno &#8220;A-&#8220;.<\/p>\n","protected":false},"featured_media":18916,"comment_status":"open","ping_status":"closed","template":"","meta":{"_acf_changed":false},"product_brand":[254],"product_cat":[368,225],"product_tag":[],"class_list":{"0":"post-18915","1":"product","2":"type-product","3":"status-publish","4":"has-post-thumbnail","6":"product_brand-lenovo","7":"product_cat-all_in_one_obnovljeni_racunalniki","8":"product_cat-namizni-racunalniki","9":"pa_generacija-procesorja-i5-6400","10":"pa_model-thinkcentre-m810z","11":"pa_os-windows-10","12":"pa_podpira-windows-11-ne","13":"pa_razred-ohranjenosti-a-2","14":"pa_resolucija-fullhd","15":"pa_spletna-kamera-da","16":"pa_tip-diska-sata-ssd","17":"pa_velikost-diska-128gb","19":"first","20":"outofstock","21":"taxable","22":"shipping-taxable","23":"purchasable","24":"product-type-simple"},"acf":[],"_links":{"self":[{"href":"https:\/\/renovatus.si\/sl\/wp-json\/wp\/v2\/product\/18915","targetHints":{"allow":["GET"]}}],"collection":[{"href":"https:\/\/renovatus.si\/sl\/wp-json\/wp\/v2\/product"}],"about":[{"href":"https:\/\/renovatus.si\/sl\/wp-json\/wp\/v2\/types\/product"}],"replies":[{"embeddable":true,"href":"https:\/\/renovatus.si\/sl\/wp-json\/wp\/v2\/comments?post=18915"}],"wp:featuredmedia":[{"embeddable":true,"href":"https:\/\/renovatus.si\/sl\/wp-json\/wp\/v2\/media\/18916"}],"wp:attachment":[{"href":"https:\/\/renovatus.si\/sl\/wp-json\/wp\/v2\/media?parent=18915"}],"wp:term":[{"taxonomy":"product_brand","embeddable":true,"href":"https:\/\/renovatus.si\/sl\/wp-json\/wp\/v2\/product_brand?post=18915"},{"taxonomy":"product_cat","embeddable":true,"href":"https:\/\/renovatus.si\/sl\/wp-json\/wp\/v2\/product_cat?post=18915"},{"taxonomy":"product_tag","embeddable":true,"href":"https:\/\/renovatus.si\/sl\/wp-json\/wp\/v2\/product_tag?post=18915"}],"curies":[{"name":"wp","href":"https:\/\/api.w.org\/{rel}","templated":true}]}}