{"id":18919,"date":"2025-04-23T15:00:32","date_gmt":"2025-04-23T14:00:32","guid":{"rendered":"https:\/\/renovatus.si\/product\/lenovo-thinkpad-l460-b-nbb141071\/"},"modified":"2025-08-11T21:26:37","modified_gmt":"2025-08-11T20:26:37","slug":"lenovo-thinkpad-l460-b-nbb141071","status":"publish","type":"product","link":"https:\/\/renovatus.si\/sl\/izdelek\/lenovo-thinkpad-l460-b-nbb141071\/","title":{"rendered":"Lenovo ThinkPad L460 14&#8243; i5-6300u &#8211; 8GB &#8211; 256GB SATA SSD"},"content":{"rendered":"<p>Lenovo ThinkPad L460 je poslovni prenosnik, znan po vzdr\u017eljivosti in funkcionalnosti. Opremljen je z Intel Core i5-6300U, 8 GB RAM-a in 256 GB SSD diskom, kar omogo\u010da teko\u010de delo z dokumenti, spletnimi aplikacijami in orodji za komunikacijo. 14&#8243; Full HD zaslon in vgrajena spletna kamera omogo\u010data jasno sliko in videoklice. Oznaka &#8220;B&#8221; pomeni vidne sledi rabe, ki pa ne vplivajo na delovanje. Klasi\u010dna ThinkPad kakovost pomeni dobro tipkovnico, dolgo \u017eivljenjsko dobo in zanesljivost. Odli\u010den za \u0161tudente, u\u010ditelje in manj\u0161a podjetja.<\/p>\n","protected":false},"excerpt":{"rendered":"<p>Lenovo ThinkPad L460 z i5-6300U procesorjem in 8 GB RAM \u2013 zanesljiv prenosnik za vsakodnevna opravila.<\/p>\n","protected":false},"featured_media":18920,"comment_status":"open","ping_status":"closed","template":"","meta":{"_acf_changed":false},"product_brand":[254],"product_cat":[371,226],"product_tag":[],"class_list":{"0":"post-18919","1":"product","2":"type-product","3":"status-publish","4":"has-post-thumbnail","6":"product_brand-lenovo","7":"product_cat-b_kakovost_obnovljeni_racunalniki","8":"product_cat-prenosni-racunalniki","9":"pa_generacija-procesorja-i5-6300u","10":"pa_model-thinkpad-l460","11":"pa_os-windows-10","12":"pa_podpira-windows-11-ne","13":"pa_razred-ohranjenosti-b","14":"pa_resolucija-fullhd","15":"pa_spletna-kamera-da","16":"pa_tip-diska-sata-ssd","17":"pa_velikost-diska-256gb","19":"first","20":"outofstock","21":"taxable","22":"shipping-taxable","23":"purchasable","24":"product-type-simple"},"acf":[],"_links":{"self":[{"href":"https:\/\/renovatus.si\/sl\/wp-json\/wp\/v2\/product\/18919","targetHints":{"allow":["GET"]}}],"collection":[{"href":"https:\/\/renovatus.si\/sl\/wp-json\/wp\/v2\/product"}],"about":[{"href":"https:\/\/renovatus.si\/sl\/wp-json\/wp\/v2\/types\/product"}],"replies":[{"embeddable":true,"href":"https:\/\/renovatus.si\/sl\/wp-json\/wp\/v2\/comments?post=18919"}],"wp:featuredmedia":[{"embeddable":true,"href":"https:\/\/renovatus.si\/sl\/wp-json\/wp\/v2\/media\/18920"}],"wp:attachment":[{"href":"https:\/\/renovatus.si\/sl\/wp-json\/wp\/v2\/media?parent=18919"}],"wp:term":[{"taxonomy":"product_brand","embeddable":true,"href":"https:\/\/renovatus.si\/sl\/wp-json\/wp\/v2\/product_brand?post=18919"},{"taxonomy":"product_cat","embeddable":true,"href":"https:\/\/renovatus.si\/sl\/wp-json\/wp\/v2\/product_cat?post=18919"},{"taxonomy":"product_tag","embeddable":true,"href":"https:\/\/renovatus.si\/sl\/wp-json\/wp\/v2\/product_tag?post=18919"}],"curies":[{"name":"wp","href":"https:\/\/api.w.org\/{rel}","templated":true}]}}