{"id":18936,"date":"2025-04-23T15:01:08","date_gmt":"2025-04-23T14:01:08","guid":{"rendered":"https:\/\/renovatus.si\/product\/lenovo-thinkpad-t480-a-nba2041\/"},"modified":"2025-08-11T21:27:07","modified_gmt":"2025-08-11T20:27:07","slug":"lenovo-thinkpad-t480-a-nba2041","status":"publish","type":"product","link":"https:\/\/renovatus.si\/sl\/izdelek\/lenovo-thinkpad-t480-a-nba2041\/","title":{"rendered":"Lenovo ThinkPad T480 14&#8243; Touch i5-8350u &#8211; 8GB &#8211; 256GB NVME SSD"},"content":{"rendered":"<p>Lenovo ThinkPad T480 je poslovni prenosnik z odli\u010dno kombinacijo zmogljivosti in funkcionalnosti. Zaslon na dotik velikosti 14&#8243; Full HD nudi dodatno fleksibilnost in intuitivno upravljanje. Pona\u0161a se z i5-8350U, 8 GB RAM-a in 256 GB NVMe SSD diskom, kar zadostuje za vsa obi\u010dajna poslovna opravila. Trpe\u017ena ThinkPad konstrukcija in kvalitetna tipkovnica zagotavljata udobno delo tudi na terenu. SSD omogo\u010da hiter zagon in odzivnost aplikacij, kar pove\u010duje produktivnost. Primeren je za strokovnjake, ki potrebujejo mobilnost in zanesljivost.<\/p>\n","protected":false},"excerpt":{"rendered":"<p>Lenovo ThinkPad T480 z i5-8350U procesorjem, 8 GB RAM-a in zaslonom na dotik \u2013 uravnote\u017een prenosnik za sodobnega uporabnika.<\/p>\n","protected":false},"featured_media":18937,"comment_status":"open","ping_status":"closed","template":"","meta":{"_acf_changed":false},"product_brand":[254],"product_cat":[226],"product_tag":[],"class_list":{"0":"post-18936","1":"product","2":"type-product","3":"status-publish","4":"has-post-thumbnail","6":"product_brand-lenovo","7":"product_cat-prenosni-racunalniki","8":"pa_generacija-procesorja-i5-8350u","9":"pa_model-thinkpad-t480","10":"pa_os-windows-11","11":"pa_podpira-windows-11-da","12":"pa_razred-ohranjenosti-a","13":"pa_resolucija-fullhd","14":"pa_spletna-kamera-da","15":"pa_tip-diska-nvme-ssd","16":"pa_velikost-diska-256gb","18":"first","19":"outofstock","20":"taxable","21":"shipping-taxable","22":"purchasable","23":"product-type-simple"},"acf":[],"_links":{"self":[{"href":"https:\/\/renovatus.si\/sl\/wp-json\/wp\/v2\/product\/18936","targetHints":{"allow":["GET"]}}],"collection":[{"href":"https:\/\/renovatus.si\/sl\/wp-json\/wp\/v2\/product"}],"about":[{"href":"https:\/\/renovatus.si\/sl\/wp-json\/wp\/v2\/types\/product"}],"replies":[{"embeddable":true,"href":"https:\/\/renovatus.si\/sl\/wp-json\/wp\/v2\/comments?post=18936"}],"wp:featuredmedia":[{"embeddable":true,"href":"https:\/\/renovatus.si\/sl\/wp-json\/wp\/v2\/media\/18937"}],"wp:attachment":[{"href":"https:\/\/renovatus.si\/sl\/wp-json\/wp\/v2\/media?parent=18936"}],"wp:term":[{"taxonomy":"product_brand","embeddable":true,"href":"https:\/\/renovatus.si\/sl\/wp-json\/wp\/v2\/product_brand?post=18936"},{"taxonomy":"product_cat","embeddable":true,"href":"https:\/\/renovatus.si\/sl\/wp-json\/wp\/v2\/product_cat?post=18936"},{"taxonomy":"product_tag","embeddable":true,"href":"https:\/\/renovatus.si\/sl\/wp-json\/wp\/v2\/product_tag?post=18936"}],"curies":[{"name":"wp","href":"https:\/\/api.w.org\/{rel}","templated":true}]}}