{"id":19010,"date":"2025-04-30T12:31:02","date_gmt":"2025-04-30T11:31:02","guid":{"rendered":"https:\/\/renovatus.si\/product\/dell-latitude-5510-a-nba15824\/"},"modified":"2025-06-24T09:01:48","modified_gmt":"2025-06-24T08:01:48","slug":"dell-latitude-5510-a-nba15824","status":"publish","type":"product","link":"https:\/\/renovatus.si\/sl\/izdelek\/dell-latitude-5510-a-nba15824\/","title":{"rendered":"Dell Latitude 5510 15&#8243; i5-10310u &#8211; 8GB &#8211; 512GB NVME SSD"},"content":{"rendered":"<p>Dell Latitude 5510 je vrhunski poslovni prenosnik s 15-pal\u010dnim zaslonom Full HD, ki zagotavlja izjemno produktivnost. Poganja ga zmogljiv Intel Core i5-10310U procesor, podprt z 8 GB RAM-a in izjemno hitrim 512 GB NVMe SSD diskom. Prenosnik vklju\u010duje vgrajeno spletno kamero in je odli\u010dna izbira za zahtevnej\u0161e uporabnike, ki i\u0161\u010dejo zanesljivo in zmogljivo re\u0161itev za delo od doma ali v pisarni.<\/p>\n","protected":false},"excerpt":{"rendered":"<p>Dell 5510 s 15&#8243; zaslonom in velikim SSD diskom za u\u010dinkovito delo. Zmogljiv poslovni prenosnik z dolgo avtonomijo.<\/p>\n","protected":false},"featured_media":19011,"comment_status":"open","ping_status":"closed","template":"","meta":{"_acf_changed":false},"product_brand":[255],"product_cat":[226],"product_tag":[],"class_list":{"0":"post-19010","1":"product","2":"type-product","3":"status-publish","4":"has-post-thumbnail","6":"product_brand-dell","7":"product_cat-prenosni-racunalniki","8":"pa_generacija-procesorja-i5-10310u","9":"pa_model-latitude-5510","10":"pa_os-windows-11","11":"pa_podpira-windows-11-da","12":"pa_razred-ohranjenosti-a","13":"pa_resolucija-fullhd","14":"pa_spletna-kamera-da","15":"pa_tip-diska-nvme-ssd","16":"pa_velikost-diska-512gb","18":"first","19":"outofstock","20":"taxable","21":"shipping-taxable","22":"purchasable","23":"product-type-simple"},"acf":[],"_links":{"self":[{"href":"https:\/\/renovatus.si\/sl\/wp-json\/wp\/v2\/product\/19010","targetHints":{"allow":["GET"]}}],"collection":[{"href":"https:\/\/renovatus.si\/sl\/wp-json\/wp\/v2\/product"}],"about":[{"href":"https:\/\/renovatus.si\/sl\/wp-json\/wp\/v2\/types\/product"}],"replies":[{"embeddable":true,"href":"https:\/\/renovatus.si\/sl\/wp-json\/wp\/v2\/comments?post=19010"}],"wp:featuredmedia":[{"embeddable":true,"href":"https:\/\/renovatus.si\/sl\/wp-json\/wp\/v2\/media\/19011"}],"wp:attachment":[{"href":"https:\/\/renovatus.si\/sl\/wp-json\/wp\/v2\/media?parent=19010"}],"wp:term":[{"taxonomy":"product_brand","embeddable":true,"href":"https:\/\/renovatus.si\/sl\/wp-json\/wp\/v2\/product_brand?post=19010"},{"taxonomy":"product_cat","embeddable":true,"href":"https:\/\/renovatus.si\/sl\/wp-json\/wp\/v2\/product_cat?post=19010"},{"taxonomy":"product_tag","embeddable":true,"href":"https:\/\/renovatus.si\/sl\/wp-json\/wp\/v2\/product_tag?post=19010"}],"curies":[{"name":"wp","href":"https:\/\/api.w.org\/{rel}","templated":true}]}}