{"id":19023,"date":"2025-04-30T12:31:48","date_gmt":"2025-04-30T11:31:48","guid":{"rendered":"https:\/\/renovatus.si\/product\/dell-latitude-7390-a-nbam134\/"},"modified":"2025-06-10T13:26:52","modified_gmt":"2025-06-10T12:26:52","slug":"dell-latitude-7390-a-nbam134","status":"publish","type":"product","link":"https:\/\/renovatus.si\/sl\/izdelek\/dell-latitude-7390-a-nbam134\/","title":{"rendered":"Dell Latitude 7390 13&#8243; i5-8350u &#8211; 16GB &#8211; 256GB NVME SSD"},"content":{"rendered":"<p>Dell Latitude 7390 je elegantni 13-pal\u010dni poslovni prenosnik z visoko lo\u010dljivostjo zaslona (1920&#215;1080), idealen za profesionalce, ki i\u0161\u010dejo zanesljivo in prenosljivo napravo. Opremljen je z Intel i5-8350U procesorjem, 16 GB pomnilnika in 256 GB NVMe SSD diskom, ki zagotavlja hitro odzivnost. Zaradi svoje robustne in tanke zasnove je idealen za vsakodnevno delo doma ali na poti.<\/p>\n","protected":false},"excerpt":{"rendered":"<p>Dell 7390 z visokozmogljivim RAM-om in SSD diskom. Kompakten prenosnik za zahtevnej\u0161e uporabnike in poslovne\u017ee.<\/p>\n","protected":false},"featured_media":19024,"comment_status":"open","ping_status":"closed","template":"","meta":{"_acf_changed":false},"product_brand":[255],"product_cat":[226],"product_tag":[],"class_list":{"0":"post-19023","1":"product","2":"type-product","3":"status-publish","4":"has-post-thumbnail","6":"product_brand-dell","7":"product_cat-prenosni-racunalniki","8":"pa_generacija-procesorja-i5-8350u","9":"pa_model-latitude-7390","10":"pa_os-windows-11","11":"pa_podpira-windows-11-da","12":"pa_razred-ohranjenosti-a-2","13":"pa_resolucija-fullhd","14":"pa_spletna-kamera-da","15":"pa_tip-diska-nvme-ssd","16":"pa_velikost-diska-256gb","18":"first","19":"outofstock","20":"taxable","21":"shipping-taxable","22":"purchasable","23":"product-type-simple"},"acf":[],"_links":{"self":[{"href":"https:\/\/renovatus.si\/sl\/wp-json\/wp\/v2\/product\/19023","targetHints":{"allow":["GET"]}}],"collection":[{"href":"https:\/\/renovatus.si\/sl\/wp-json\/wp\/v2\/product"}],"about":[{"href":"https:\/\/renovatus.si\/sl\/wp-json\/wp\/v2\/types\/product"}],"replies":[{"embeddable":true,"href":"https:\/\/renovatus.si\/sl\/wp-json\/wp\/v2\/comments?post=19023"}],"wp:featuredmedia":[{"embeddable":true,"href":"https:\/\/renovatus.si\/sl\/wp-json\/wp\/v2\/media\/19024"}],"wp:attachment":[{"href":"https:\/\/renovatus.si\/sl\/wp-json\/wp\/v2\/media?parent=19023"}],"wp:term":[{"taxonomy":"product_brand","embeddable":true,"href":"https:\/\/renovatus.si\/sl\/wp-json\/wp\/v2\/product_brand?post=19023"},{"taxonomy":"product_cat","embeddable":true,"href":"https:\/\/renovatus.si\/sl\/wp-json\/wp\/v2\/product_cat?post=19023"},{"taxonomy":"product_tag","embeddable":true,"href":"https:\/\/renovatus.si\/sl\/wp-json\/wp\/v2\/product_tag?post=19023"}],"curies":[{"name":"wp","href":"https:\/\/api.w.org\/{rel}","templated":true}]}}