{"id":19048,"date":"2025-04-30T12:32:47","date_gmt":"2025-04-30T11:32:47","guid":{"rendered":"https:\/\/renovatus.si\/product\/lenovo-thinkpad-t430-b-nbb141075\/"},"modified":"2025-05-14T11:30:16","modified_gmt":"2025-05-14T10:30:16","slug":"lenovo-thinkpad-t430-b-nbb141075","status":"publish","type":"product","link":"https:\/\/renovatus.si\/sl\/izdelek\/lenovo-thinkpad-t430-b-nbb141075\/","title":{"rendered":"Lenovo ThinkPad T430 14&#8243; i5-3320M &#8211; 4GB &#8211; 180GB SATA SSD &#8211; DVD RW"},"content":{"rendered":"<p>Lenovo ThinkPad T430 je opremljen s 4 GB pomnilnika in 180 GB SSD diskom, kar omogo\u010da osnovno uporabo za delo, \u0161olo ali doma\u010do pisarno. 14-pal\u010dni zaslon in Intel i5-3320M zagotavljata dobro uporabni\u0161ko izku\u0161njo, opti\u010dni pogon pa nudi dodatno funkcionalnost. Odli\u010dna izbira za uporabnike, ki i\u0161\u010dejo zanesljiv in cenovno dostopen prenosnik.<\/p>\n","protected":false},"excerpt":{"rendered":"<p>Cenovno ugoden Lenovo T430 z 4 GB RAM-a in SSD diskom. Zanesljiv prenosnik za osnovna opravila, \u0161olo ali pisarno.<\/p>\n","protected":false},"featured_media":19036,"comment_status":"open","ping_status":"closed","template":"","meta":{"_acf_changed":false},"product_brand":[254],"product_cat":[371,226],"product_tag":[],"class_list":{"0":"post-19048","1":"product","2":"type-product","3":"status-publish","4":"has-post-thumbnail","6":"product_brand-lenovo","7":"product_cat-b_kakovost_obnovljeni_racunalniki","8":"product_cat-prenosni-racunalniki","9":"pa_generacija-procesorja-i5-3320m","10":"pa_model-thinkpad-t430","11":"pa_os-windows-10","12":"pa_podpira-windows-11-ne","13":"pa_razred-ohranjenosti-b","14":"pa_resolucija-hd","15":"pa_spletna-kamera-da","16":"pa_tip-diska-sata-ssd","17":"pa_velikost-diska-180gb","19":"first","20":"outofstock","21":"taxable","22":"shipping-taxable","23":"purchasable","24":"product-type-simple"},"acf":[],"_links":{"self":[{"href":"https:\/\/renovatus.si\/sl\/wp-json\/wp\/v2\/product\/19048","targetHints":{"allow":["GET"]}}],"collection":[{"href":"https:\/\/renovatus.si\/sl\/wp-json\/wp\/v2\/product"}],"about":[{"href":"https:\/\/renovatus.si\/sl\/wp-json\/wp\/v2\/types\/product"}],"replies":[{"embeddable":true,"href":"https:\/\/renovatus.si\/sl\/wp-json\/wp\/v2\/comments?post=19048"}],"wp:featuredmedia":[{"embeddable":true,"href":"https:\/\/renovatus.si\/sl\/wp-json\/wp\/v2\/media\/19036"}],"wp:attachment":[{"href":"https:\/\/renovatus.si\/sl\/wp-json\/wp\/v2\/media?parent=19048"}],"wp:term":[{"taxonomy":"product_brand","embeddable":true,"href":"https:\/\/renovatus.si\/sl\/wp-json\/wp\/v2\/product_brand?post=19048"},{"taxonomy":"product_cat","embeddable":true,"href":"https:\/\/renovatus.si\/sl\/wp-json\/wp\/v2\/product_cat?post=19048"},{"taxonomy":"product_tag","embeddable":true,"href":"https:\/\/renovatus.si\/sl\/wp-json\/wp\/v2\/product_tag?post=19048"}],"curies":[{"name":"wp","href":"https:\/\/api.w.org\/{rel}","templated":true}]}}