{"id":19049,"date":"2025-04-30T12:32:47","date_gmt":"2025-04-30T11:32:47","guid":{"rendered":"https:\/\/renovatus.si\/product\/lenovo-thinkpad-t430-b-nbb141076\/"},"modified":"2025-05-14T11:30:44","modified_gmt":"2025-05-14T10:30:44","slug":"lenovo-thinkpad-t430-b-nbb141076","status":"publish","type":"product","link":"https:\/\/renovatus.si\/sl\/izdelek\/lenovo-thinkpad-t430-b-nbb141076\/","title":{"rendered":"Lenovo ThinkPad T430 14&#8243; i5-3320M &#8211; 8GB &#8211; 180GB SATA SSD &#8211; DVD RW"},"content":{"rendered":"<p>Lenovo T430 s 14-pal\u010dnim zaslonom in Intel i5 procesorjem je popolna re\u0161itev za vse, ki potrebujejo zanesljiv poslovni prenosnik. Z 8 GB RAM-a in 180 GB SSD diskom ponuja ve\u010d hitrosti in odzivnosti, kar je idealno za pisarni\u0161ko delo, brskanje in osnovne ra\u010dunalni\u0161ke naloge. Vgrajena spletna kamera omogo\u010da enostavno komunikacijo na daljavo.<\/p>\n","protected":false},"excerpt":{"rendered":"<p>Prenosnik Lenovo T430 s 14-pal\u010dnim zaslonom, 8 GB RAM-a in SSD diskom. Zmogljivost in stabilnost po dostopni ceni.<\/p>\n","protected":false},"featured_media":19036,"comment_status":"open","ping_status":"closed","template":"","meta":{"_acf_changed":false},"product_brand":[254],"product_cat":[371,226],"product_tag":[],"class_list":{"0":"post-19049","1":"product","2":"type-product","3":"status-publish","4":"has-post-thumbnail","6":"product_brand-lenovo","7":"product_cat-b_kakovost_obnovljeni_racunalniki","8":"product_cat-prenosni-racunalniki","9":"pa_generacija-procesorja-i5-3320m","10":"pa_model-thinkpad-t430","11":"pa_os-windows-10","12":"pa_podpira-windows-11-ne","13":"pa_razred-ohranjenosti-b","14":"pa_resolucija-hd","15":"pa_spletna-kamera-da","16":"pa_tip-diska-sata-ssd","17":"pa_velikost-diska-180gb","19":"first","20":"outofstock","21":"taxable","22":"shipping-taxable","23":"purchasable","24":"product-type-simple"},"acf":[],"_links":{"self":[{"href":"https:\/\/renovatus.si\/sl\/wp-json\/wp\/v2\/product\/19049","targetHints":{"allow":["GET"]}}],"collection":[{"href":"https:\/\/renovatus.si\/sl\/wp-json\/wp\/v2\/product"}],"about":[{"href":"https:\/\/renovatus.si\/sl\/wp-json\/wp\/v2\/types\/product"}],"replies":[{"embeddable":true,"href":"https:\/\/renovatus.si\/sl\/wp-json\/wp\/v2\/comments?post=19049"}],"wp:featuredmedia":[{"embeddable":true,"href":"https:\/\/renovatus.si\/sl\/wp-json\/wp\/v2\/media\/19036"}],"wp:attachment":[{"href":"https:\/\/renovatus.si\/sl\/wp-json\/wp\/v2\/media?parent=19049"}],"wp:term":[{"taxonomy":"product_brand","embeddable":true,"href":"https:\/\/renovatus.si\/sl\/wp-json\/wp\/v2\/product_brand?post=19049"},{"taxonomy":"product_cat","embeddable":true,"href":"https:\/\/renovatus.si\/sl\/wp-json\/wp\/v2\/product_cat?post=19049"},{"taxonomy":"product_tag","embeddable":true,"href":"https:\/\/renovatus.si\/sl\/wp-json\/wp\/v2\/product_tag?post=19049"}],"curies":[{"name":"wp","href":"https:\/\/api.w.org\/{rel}","templated":true}]}}