{"id":19050,"date":"2025-04-30T12:32:47","date_gmt":"2025-04-30T11:32:47","guid":{"rendered":"https:\/\/renovatus.si\/product\/lenovo-thinkpad-t430-b-nbb141083\/"},"modified":"2025-05-14T11:31:10","modified_gmt":"2025-05-14T10:31:10","slug":"lenovo-thinkpad-t430-b-nbb141083","status":"publish","type":"product","link":"https:\/\/renovatus.si\/sl\/izdelek\/lenovo-thinkpad-t430-b-nbb141083\/","title":{"rendered":"Lenovo ThinkPad T430 14&#8243; i5-3320M &#8211; 8GB &#8211; 180GB SATA SSD &#8211; DVD"},"content":{"rendered":"<p>Lenovo ThinkPad T430 zdru\u017euje klasi\u010dno obliko z zmogljivostjo, ki jo ponuja 8 GB RAM-a in 180 GB SSD disk. 14&#8243; zaslon je primeren za dolgotrajno delo, vklju\u010den DVD pogon pa omogo\u010da uporabo CD\/DVD medijev. Odli\u010den za uporabnike, ki i\u0161\u010dejo preizku\u0161en in trpe\u017een prenosnik za osnovne potrebe.<\/p>\n","protected":false},"excerpt":{"rendered":"<p>ThinkPad T430 z DVD pogonom, 8 GB RAM-a in SSD diskom. Odli\u010den za uporabnike, ki potrebujejo klasi\u010dne funkcije in zanesljivost.<\/p>\n","protected":false},"featured_media":19036,"comment_status":"open","ping_status":"closed","template":"","meta":{"_acf_changed":false},"product_brand":[254],"product_cat":[371,226],"product_tag":[],"class_list":{"0":"post-19050","1":"product","2":"type-product","3":"status-publish","4":"has-post-thumbnail","6":"product_brand-lenovo","7":"product_cat-b_kakovost_obnovljeni_racunalniki","8":"product_cat-prenosni-racunalniki","9":"pa_generacija-procesorja-i5-3320m","10":"pa_model-thinkpad-t430","11":"pa_os-windows-10","12":"pa_podpira-windows-11-ne","13":"pa_razred-ohranjenosti-b","14":"pa_resolucija-hd","15":"pa_spletna-kamera-da","16":"pa_tip-diska-sata-ssd","17":"pa_velikost-diska-180gb","19":"first","20":"outofstock","21":"taxable","22":"shipping-taxable","23":"purchasable","24":"product-type-simple"},"acf":[],"_links":{"self":[{"href":"https:\/\/renovatus.si\/sl\/wp-json\/wp\/v2\/product\/19050","targetHints":{"allow":["GET"]}}],"collection":[{"href":"https:\/\/renovatus.si\/sl\/wp-json\/wp\/v2\/product"}],"about":[{"href":"https:\/\/renovatus.si\/sl\/wp-json\/wp\/v2\/types\/product"}],"replies":[{"embeddable":true,"href":"https:\/\/renovatus.si\/sl\/wp-json\/wp\/v2\/comments?post=19050"}],"wp:featuredmedia":[{"embeddable":true,"href":"https:\/\/renovatus.si\/sl\/wp-json\/wp\/v2\/media\/19036"}],"wp:attachment":[{"href":"https:\/\/renovatus.si\/sl\/wp-json\/wp\/v2\/media?parent=19050"}],"wp:term":[{"taxonomy":"product_brand","embeddable":true,"href":"https:\/\/renovatus.si\/sl\/wp-json\/wp\/v2\/product_brand?post=19050"},{"taxonomy":"product_cat","embeddable":true,"href":"https:\/\/renovatus.si\/sl\/wp-json\/wp\/v2\/product_cat?post=19050"},{"taxonomy":"product_tag","embeddable":true,"href":"https:\/\/renovatus.si\/sl\/wp-json\/wp\/v2\/product_tag?post=19050"}],"curies":[{"name":"wp","href":"https:\/\/api.w.org\/{rel}","templated":true}]}}