{"id":19055,"date":"2025-04-30T12:33:22","date_gmt":"2025-04-30T11:33:22","guid":{"rendered":"https:\/\/renovatus.si\/product\/dell-latitude-7490-b-nbb14795\/"},"modified":"2025-08-11T21:28:23","modified_gmt":"2025-08-11T20:28:23","slug":"dell-latitude-7490-b-nbb14795","status":"publish","type":"product","link":"https:\/\/renovatus.si\/sl\/izdelek\/dell-latitude-7490-b-nbb14795\/","title":{"rendered":"Dell Latitude 7490 14&#8243; i5-8350U &#8211; 8GB &#8211; 256GB SATA SSD"},"content":{"rendered":"<p>Dell Latitude 7490 je zanesljiv 14-pal\u010dni poslovni prenosnik z Intel i5-8350U procesorjem, 8 GB RAM-a in 256 GB SATA SSD diskom. Zaslon z lo\u010dljivostjo 1366&#215;768 omogo\u010da pregledno delo, robustno ohi\u0161je pa poskrbi za vzdr\u017eljivost. Odli\u010den za uporabnike, ki i\u0161\u010dejo prenosnik za osnovna in srednje zahtevna opravila.<\/p>\n","protected":false},"excerpt":{"rendered":"<p>Dell 7490 je kompakten in vzdr\u017eljiv poslovni prenosnik z Intel i5 procesorjem. Idealna izbira za mobilne profesionalce.<\/p>\n","protected":false},"featured_media":19056,"comment_status":"open","ping_status":"closed","template":"","meta":{"_acf_changed":false},"product_brand":[255],"product_cat":[371,226],"product_tag":[],"class_list":{"0":"post-19055","1":"product","2":"type-product","3":"status-publish","4":"has-post-thumbnail","6":"product_brand-dell","7":"product_cat-b_kakovost_obnovljeni_racunalniki","8":"product_cat-prenosni-racunalniki","9":"pa_generacija-procesorja-i5-8350u","10":"pa_model-latitude-7490","11":"pa_os-windows-11","12":"pa_podpira-windows-11-da","13":"pa_razred-ohranjenosti-b","14":"pa_resolucija-hd","15":"pa_spletna-kamera-da","16":"pa_tip-diska-sata-ssd","17":"pa_velikost-diska-256gb","19":"first","20":"outofstock","21":"taxable","22":"shipping-taxable","23":"purchasable","24":"product-type-simple"},"acf":[],"_links":{"self":[{"href":"https:\/\/renovatus.si\/sl\/wp-json\/wp\/v2\/product\/19055","targetHints":{"allow":["GET"]}}],"collection":[{"href":"https:\/\/renovatus.si\/sl\/wp-json\/wp\/v2\/product"}],"about":[{"href":"https:\/\/renovatus.si\/sl\/wp-json\/wp\/v2\/types\/product"}],"replies":[{"embeddable":true,"href":"https:\/\/renovatus.si\/sl\/wp-json\/wp\/v2\/comments?post=19055"}],"wp:featuredmedia":[{"embeddable":true,"href":"https:\/\/renovatus.si\/sl\/wp-json\/wp\/v2\/media\/19056"}],"wp:attachment":[{"href":"https:\/\/renovatus.si\/sl\/wp-json\/wp\/v2\/media?parent=19055"}],"wp:term":[{"taxonomy":"product_brand","embeddable":true,"href":"https:\/\/renovatus.si\/sl\/wp-json\/wp\/v2\/product_brand?post=19055"},{"taxonomy":"product_cat","embeddable":true,"href":"https:\/\/renovatus.si\/sl\/wp-json\/wp\/v2\/product_cat?post=19055"},{"taxonomy":"product_tag","embeddable":true,"href":"https:\/\/renovatus.si\/sl\/wp-json\/wp\/v2\/product_tag?post=19055"}],"curies":[{"name":"wp","href":"https:\/\/api.w.org\/{rel}","templated":true}]}}