{"id":19367,"date":"2025-08-12T13:02:50","date_gmt":"2025-08-12T12:02:50","guid":{"rendered":"https:\/\/renovatus.si\/product\/dell-latitude-7410-b-nbb14894\/"},"modified":"2026-02-21T16:43:10","modified_gmt":"2026-02-21T15:43:10","slug":"dell-latitude-7410-b-nbb14894","status":"publish","type":"product","link":"https:\/\/renovatus.si\/sl\/izdelek\/dell-latitude-7410-b-nbb14894\/","title":{"rendered":"Dell Latitude 7410 14&#8243; Touch i5-10310U &#8211; 16GB &#8211; 512GB NVME SSD"},"content":{"rendered":"<h2 data-start=\"143\" data-end=\"234\"><strong data-start=\"149\" data-end=\"234\">Dell Latitude 7410 14&#8243; Touch \u2013 Poslovni prenosnik z intuitivnim zaslonom na dotik<\/strong><\/h2>\n<p data-start=\"236\" data-end=\"581\">Dell Latitude 7410 z 14-pal\u010dnim <strong data-start=\"268\" data-end=\"286\">Touch zaslonom<\/strong> je odli\u010dna izbira za poslovne uporabnike, ki i\u0161\u010dejo zanesljivo in zmogljivo napravo z dodatno funkcionalnostjo na dotik. Opremljen z u\u010dinkovitim procesorjem <strong data-start=\"444\" data-end=\"468\">Intel Core i5-10310U<\/strong>, 16 GB pomnilnika in hitrim 512 GB NVMe SSD, omogo\u010da teko\u010de delovanje in odzivnost pri vseh poslovnih opravilih.<\/p>\n<hr data-start=\"583\" data-end=\"586\" \/>\n<h3 data-start=\"588\" data-end=\"618\">\ud83d\udd27 <strong data-start=\"595\" data-end=\"618\">Tehni\u010dne lastnosti:<\/strong><\/h3>\n<ul data-start=\"620\" data-end=\"1280\">\n<li data-start=\"620\" data-end=\"653\">\n<p data-start=\"622\" data-end=\"653\"><strong data-start=\"622\" data-end=\"632\">Model:<\/strong> Dell Latitude 7410<\/p>\n<\/li>\n<li data-start=\"654\" data-end=\"757\">\n<p data-start=\"656\" data-end=\"757\"><strong data-start=\"656\" data-end=\"667\">Zaslon:<\/strong> 14&#8243; Full HD (1920 x 1080) IPS, Touch \u2013 odziven zaslon na dotik z odli\u010dnimi vidnimi koti<\/p>\n<\/li>\n<li data-start=\"758\" data-end=\"857\">\n<p data-start=\"760\" data-end=\"857\"><strong data-start=\"760\" data-end=\"773\">Procesor:<\/strong> Intel Core i5-10310U (4 jedra \/ 8 niti, do 4.4 GHz, 10. generacija, vPro podpora)<\/p>\n<\/li>\n<li data-start=\"858\" data-end=\"924\">\n<p data-start=\"860\" data-end=\"924\"><strong data-start=\"860\" data-end=\"880\">Pomnilnik (RAM):<\/strong> 16 GB LPDDR4x \u2013 idealno za ve\u010dopravilnost<\/p>\n<\/li>\n<li data-start=\"925\" data-end=\"994\">\n<p data-start=\"927\" data-end=\"994\"><strong data-start=\"927\" data-end=\"936\">Disk:<\/strong> 512 GB NVMe SSD \u2013 hitra shranjevanje in zagon programov<\/p>\n<\/li>\n<li data-start=\"995\" data-end=\"1076\">\n<p data-start=\"997\" data-end=\"1076\"><strong data-start=\"997\" data-end=\"1009\">Grafika:<\/strong> Intel UHD Graphics \u2013 primerna za poslovno uporabo in multimedijo<\/p>\n<\/li>\n<li data-start=\"1228\" data-end=\"1280\">\n<p data-start=\"1230\" data-end=\"1280\"><strong data-start=\"1230\" data-end=\"1239\">Te\u017ea:<\/strong> Pribli\u017eno 1,3 kg \u2013 lahek in prenosljiv<\/p>\n<\/li>\n<\/ul>\n<hr data-start=\"1282\" data-end=\"1285\" \/>\n<h3 data-start=\"1287\" data-end=\"1320\">\ud83d\udd0c <strong data-start=\"1294\" data-end=\"1320\">Povezljivost in vhodi:<\/strong><\/h3>\n<ul data-start=\"1322\" data-end=\"1695\">\n<li data-start=\"1322\" data-end=\"1411\">\n<p data-start=\"1324\" data-end=\"1411\">2x USB-C Thunderbolt 3 (za polnjenje, podatkovni prenos in priklop zunanjih zaslonov)<\/p>\n<\/li>\n<li data-start=\"1412\" data-end=\"1433\">\n<p data-start=\"1414\" data-end=\"1433\">2x USB 3.1 Type-A<\/p>\n<\/li>\n<li data-start=\"1434\" data-end=\"1446\">\n<p data-start=\"1436\" data-end=\"1446\">HDMI 2.0<\/p>\n<\/li>\n<li data-start=\"1447\" data-end=\"1473\">\n<p data-start=\"1449\" data-end=\"1473\">microSD \u010ditalec kartic<\/p>\n<\/li>\n<li data-start=\"1474\" data-end=\"1501\">\n<p data-start=\"1476\" data-end=\"1501\">3.5 mm avdio vhod\/izhod<\/p>\n<\/li>\n<li data-start=\"1502\" data-end=\"1564\">\n<p data-start=\"1504\" data-end=\"1564\">Wi-Fi\u00a0 (802.11ax) za hitro in stabilno brez\u017ei\u010dno povezavo<\/p>\n<\/li>\n<li data-start=\"1565\" data-end=\"1582\">\n<p data-start=\"1567\" data-end=\"1582\">Bluetooth 5.1<\/p>\n<\/li>\n<li data-start=\"1583\" data-end=\"1621\">\n<p data-start=\"1585\" data-end=\"1621\">Vgrajena spletna kamera z zaklopko<\/p>\n<\/li>\n<\/ul>\n<hr data-start=\"1697\" data-end=\"1700\" \/>\n<h3 data-start=\"1702\" data-end=\"1730\">\u2705 <strong data-start=\"1708\" data-end=\"1730\">Prednosti naprave:<\/strong><\/h3>\n<ul data-start=\"1732\" data-end=\"2173\">\n<li data-start=\"1732\" data-end=\"1799\">\n<p data-start=\"1734\" data-end=\"1799\">\u2705 Zmogljiv Intel Core i5 procesor 10. generacije s podporo vPro<\/p>\n<\/li>\n<li data-start=\"1800\" data-end=\"1842\">\n<p data-start=\"1802\" data-end=\"1842\">\u2705 16 GB RAM za nemoteno ve\u010dopravilnost<\/p>\n<\/li>\n<li data-start=\"1843\" data-end=\"1910\">\n<p data-start=\"1845\" data-end=\"1910\">\u2705 Hitri 512 GB NVMe SSD za hitro nalaganje in delovanje sistema<\/p>\n<\/li>\n<li data-start=\"1911\" data-end=\"1984\">\n<p data-start=\"1913\" data-end=\"1984\">\u2705 Intuitiven in odziven 14&#8243; Touch zaslon za la\u017eje upravljanje in delo<\/p>\n<\/li>\n<li data-start=\"1985\" data-end=\"2055\">\n<p data-start=\"1987\" data-end=\"2055\">\u2705 Thunderbolt 3 za napredno povezljivost in hitre prenose podatkov<\/p>\n<\/li>\n<li data-start=\"2110\" data-end=\"2173\">\n<p data-start=\"2112\" data-end=\"2173\">\u2705 Napredne varnostne funkcije za za\u0161\u010dito poslovnih podatkov<\/p>\n<\/li>\n<\/ul>\n<hr data-start=\"2175\" data-end=\"2178\" \/>\n<h3 data-start=\"2180\" data-end=\"2206\">\ud83e\uddd1\u200d\ud83d\udcbb <strong data-start=\"2190\" data-end=\"2206\">Primerno za:<\/strong><\/h3>\n<ul data-start=\"2208\" data-end=\"2405\">\n<li data-start=\"2208\" data-end=\"2248\">\n<p data-start=\"2210\" data-end=\"2248\">Poslovne uporabnike in profesionalce<\/p>\n<\/li>\n<li data-start=\"2249\" data-end=\"2320\">\n<p data-start=\"2251\" data-end=\"2320\">Uporabnike, ki cenijo prenosljivost in mo\u017enost upravljanja na dotik<\/p>\n<\/li>\n<li data-start=\"2321\" data-end=\"2373\">\n<p data-start=\"2323\" data-end=\"2373\">Ve\u010dopravilnost in delo z zahtevnimi aplikacijami<\/p>\n<\/li>\n<li data-start=\"2374\" data-end=\"2405\">\n<p data-start=\"2376\" data-end=\"2405\">Delo v pisarni in na terenu<\/p>\n<\/li>\n<\/ul>\n<hr data-start=\"2678\" data-end=\"2681\" \/>\n<h3 data-start=\"2683\" data-end=\"2732\">\u2b50 <strong data-start=\"2689\" data-end=\"2732\">Zakaj izbrati Dell Latitude 7410 Touch?<\/strong><\/h3>\n<p data-start=\"2734\" data-end=\"2988\">Dell Latitude 7410 z zaslonom na dotik je idealen poslovni partner, ki zdru\u017euje zmogljivost, varnost in uporabnost z inovativno tehnologijo upravljanja na dotik. Popolna izbira za sodobne profesionalce, ki \u017eelijo maksimalno fleksibilnost in u\u010dinkovitost.<\/p>\n","protected":false},"excerpt":{"rendered":"<p>Dell Latitude 7410 Touch, 14-pal\u010dni zaslon na dotik, i5-10310U, 16 GB RAM in 512 GB NVMe SSD \u2013 odli\u010dna kombinacija mo\u010di in funkcionalnosti.<\/p>\n","protected":false},"featured_media":19364,"comment_status":"open","ping_status":"closed","template":"","meta":{"_acf_changed":false},"product_brand":[255],"product_cat":[371,226],"product_tag":[],"class_list":{"0":"post-19367","1":"product","2":"type-product","3":"status-publish","4":"has-post-thumbnail","6":"product_brand-dell","7":"product_cat-b_kakovost_obnovljeni_racunalniki","8":"product_cat-prenosni-racunalniki","9":"pa_generacija-procesorja-i5-10310u","10":"pa_model-latitude-7410","11":"pa_os-windows-11","12":"pa_podpira-windows-11-da","13":"pa_razred-ohranjenosti-b","14":"pa_resolucija-fullhd","15":"pa_spletna-kamera-da","16":"pa_tip-diska-nvme-ssd","17":"pa_velikost-diska-512gb","19":"first","20":"outofstock","21":"sale","22":"taxable","23":"shipping-taxable","24":"purchasable","25":"product-type-simple"},"acf":[],"_links":{"self":[{"href":"https:\/\/renovatus.si\/sl\/wp-json\/wp\/v2\/product\/19367","targetHints":{"allow":["GET"]}}],"collection":[{"href":"https:\/\/renovatus.si\/sl\/wp-json\/wp\/v2\/product"}],"about":[{"href":"https:\/\/renovatus.si\/sl\/wp-json\/wp\/v2\/types\/product"}],"replies":[{"embeddable":true,"href":"https:\/\/renovatus.si\/sl\/wp-json\/wp\/v2\/comments?post=19367"}],"wp:featuredmedia":[{"embeddable":true,"href":"https:\/\/renovatus.si\/sl\/wp-json\/wp\/v2\/media\/19364"}],"wp:attachment":[{"href":"https:\/\/renovatus.si\/sl\/wp-json\/wp\/v2\/media?parent=19367"}],"wp:term":[{"taxonomy":"product_brand","embeddable":true,"href":"https:\/\/renovatus.si\/sl\/wp-json\/wp\/v2\/product_brand?post=19367"},{"taxonomy":"product_cat","embeddable":true,"href":"https:\/\/renovatus.si\/sl\/wp-json\/wp\/v2\/product_cat?post=19367"},{"taxonomy":"product_tag","embeddable":true,"href":"https:\/\/renovatus.si\/sl\/wp-json\/wp\/v2\/product_tag?post=19367"}],"curies":[{"name":"wp","href":"https:\/\/api.w.org\/{rel}","templated":true}]}}