{"id":19385,"date":"2025-08-12T13:04:11","date_gmt":"2025-08-12T12:04:11","guid":{"rendered":"https:\/\/renovatus.si\/product\/dell-optiplex-7040-szgu2004\/"},"modified":"2025-09-07T17:01:18","modified_gmt":"2025-09-07T16:01:18","slug":"dell-optiplex-7040-szgu2004","status":"publish","type":"product","link":"https:\/\/renovatus.si\/sl\/izdelek\/dell-optiplex-7040-szgu2004\/","title":{"rendered":"Dell Optiplex 7040 Micro i5-6500T &#8211; 8GB &#8211; 128GB SATA SSD"},"content":{"rendered":"<h2 data-start=\"120\" data-end=\"201\"><strong data-start=\"123\" data-end=\"201\">Dell OptiPlex 7040 Micro \u2013 Kompaktnost in zanesljivost za vsakodnevno rabo<\/strong><\/h2>\n<p data-start=\"203\" data-end=\"641\"><strong data-start=\"203\" data-end=\"231\">Dell OptiPlex 7040 Micro<\/strong> je izjemno kompakten ra\u010dunalnik, ki ponuja odli\u010dno zmogljivost v manj\u0161em formatu. Z <strong data-start=\"316\" data-end=\"339\">Intel Core i5-6500T<\/strong> procesorjem, <strong data-start=\"353\" data-end=\"367\">8 GB RAM-a<\/strong> in <strong data-start=\"371\" data-end=\"390\">128 GB SATA SSD<\/strong> diskom je idealen za pisarni\u0161ke naloge, brskanje po spletu, uporabo multimedijskih vsebin in osnovno obdelavo podatkov. OptiPlex 7040 Micro je popoln za uporabnike, ki i\u0161\u010dejo zmogljivost v manj\u0161em ohi\u0161ju, brez da bi \u017ertvovali hitrost in zanesljivost.<\/p>\n<hr data-start=\"643\" data-end=\"646\" \/>\n<h3 data-start=\"648\" data-end=\"678\">\ud83d\udd27 <strong data-start=\"655\" data-end=\"678\">Tehni\u010dne lastnosti:<\/strong><\/h3>\n<ul data-start=\"680\" data-end=\"1169\">\n<li data-start=\"680\" data-end=\"719\">\n<p data-start=\"682\" data-end=\"719\"><strong data-start=\"682\" data-end=\"692\">Model:<\/strong> Dell OptiPlex 7040 Micro<\/p>\n<\/li>\n<li data-start=\"720\" data-end=\"788\">\n<p data-start=\"722\" data-end=\"788\"><strong data-start=\"722\" data-end=\"733\">Ohi\u0161je:<\/strong> Micro Tower \u2013 izjemno kompaktno in prostorsko var\u010dno<\/p>\n<\/li>\n<li data-start=\"789\" data-end=\"871\">\n<p data-start=\"791\" data-end=\"871\"><strong data-start=\"791\" data-end=\"804\">Procesor:<\/strong> Intel Core i5-6500T (4 jedra, 4 niti, 2.5 GHz, Turbo do 3.1 GHz)<\/p>\n<\/li>\n<li data-start=\"872\" data-end=\"953\">\n<p data-start=\"874\" data-end=\"953\"><strong data-start=\"874\" data-end=\"888\">Pomnilnik:<\/strong> 8 GB DDR4 RAM \u2013 dovolj za vsakodnevne naloge in ve\u010dopravilnost<\/p>\n<\/li>\n<li data-start=\"954\" data-end=\"1030\">\n<p data-start=\"956\" data-end=\"1030\"><strong data-start=\"956\" data-end=\"965\">Disk:<\/strong> 128 GB SATA SSD \u2013 hitrej\u0161i dostop do podatkov in zagon sistema<\/p>\n<\/li>\n<li data-start=\"1031\" data-end=\"1091\">\n<p data-start=\"1033\" data-end=\"1091\"><strong data-start=\"1033\" data-end=\"1045\">Grafika:<\/strong> Intel HD Graphics 530 (integrirana grafika)<\/p>\n<\/li>\n<li data-start=\"1092\" data-end=\"1169\">\n<p data-start=\"1094\" data-end=\"1169\"><strong data-start=\"1094\" data-end=\"1117\">Operacijski sistem:<\/strong> Windows 10 Pro \/ Windows 11 Pro<\/p>\n<\/li>\n<\/ul>\n<hr data-start=\"1171\" data-end=\"1174\" \/>\n<h3 data-start=\"1176\" data-end=\"1209\">\ud83d\udd0c <strong data-start=\"1183\" data-end=\"1209\">Povezljivost in vhodi:<\/strong><\/h3>\n<ul data-start=\"1211\" data-end=\"1415\">\n<li data-start=\"1211\" data-end=\"1237\">\n<p data-start=\"1213\" data-end=\"1237\">1x <strong data-start=\"1216\" data-end=\"1235\">DisplayPort 1.2<\/strong><\/p>\n<\/li>\n<li data-start=\"1238\" data-end=\"1257\">\n<p data-start=\"1240\" data-end=\"1257\">1x <strong data-start=\"1243\" data-end=\"1255\">HDMI 1.4<\/strong><\/p>\n<\/li>\n<li data-start=\"1258\" data-end=\"1276\">\n<p data-start=\"1260\" data-end=\"1276\">6x <strong data-start=\"1263\" data-end=\"1274\">USB 3.0<\/strong><\/p>\n<\/li>\n<li data-start=\"1277\" data-end=\"1295\">\n<p data-start=\"1279\" data-end=\"1295\">2x <strong data-start=\"1282\" data-end=\"1293\">USB 2.0<\/strong><\/p>\n<\/li>\n<li data-start=\"1296\" data-end=\"1331\">\n<p data-start=\"1298\" data-end=\"1331\">1x <strong data-start=\"1301\" data-end=\"1329\">Gigabit Ethernet (RJ-45)<\/strong><\/p>\n<\/li>\n<li data-start=\"1332\" data-end=\"1366\">\n<p data-start=\"1334\" data-end=\"1366\">1x <strong data-start=\"1337\" data-end=\"1364\">3.5 mm audio vhod\/izhod<\/strong><\/p>\n<\/li>\n<li data-start=\"1367\" data-end=\"1415\">\n<p data-start=\"1369\" data-end=\"1415\"><strong data-start=\"1369\" data-end=\"1378\">Wi-Fi<\/strong> in <strong data-start=\"1382\" data-end=\"1395\">Bluetooth<\/strong> (odvisno od modela)<\/p>\n<\/li>\n<\/ul>\n<hr data-start=\"1417\" data-end=\"1420\" \/>\n<h3 data-start=\"1422\" data-end=\"1450\">\u2705 <strong data-start=\"1428\" data-end=\"1450\">Prednosti naprave:<\/strong><\/h3>\n<ul data-start=\"1452\" data-end=\"2155\">\n<li data-start=\"1452\" data-end=\"1610\">\n<p data-start=\"1454\" data-end=\"1610\"><strong data-start=\"1454\" data-end=\"1474\">Kompaktno ohi\u0161je<\/strong>: Zaradi majhnih dimenzij je popoln za pisarni\u0161ke prostore, majhne mize ali kot ra\u010dunalnik, ki ga lahko enostavno skrijete za monitor.<\/p>\n<\/li>\n<li data-start=\"1611\" data-end=\"1745\">\n<p data-start=\"1613\" data-end=\"1745\"><strong data-start=\"1613\" data-end=\"1631\">Intel i5-6500T<\/strong> procesor: Zmogljivost za vsakodnevna opravila, od brskanja po spletu do dela z dokumenti in osnovnih aplikacij.<\/p>\n<\/li>\n<li data-start=\"1746\" data-end=\"1813\">\n<p data-start=\"1748\" data-end=\"1813\"><strong data-start=\"1748\" data-end=\"1762\">8 GB RAM-a<\/strong> omogo\u010da teko\u010de ve\u010dopravilno delo brez zatikanja.<\/p>\n<\/li>\n<li data-start=\"1814\" data-end=\"1900\">\n<p data-start=\"1816\" data-end=\"1900\"><strong data-start=\"1816\" data-end=\"1830\">128 GB SSD<\/strong> za hitrej\u0161i zagon sistema, nalaganje aplikacij in bolj\u0161o odzivnost.<\/p>\n<\/li>\n<li data-start=\"1901\" data-end=\"2038\">\n<p data-start=\"1903\" data-end=\"2038\"><strong data-start=\"1903\" data-end=\"1946\">Zanesljivost in energetska u\u010dinkovitost<\/strong> \u2013 Dell OptiPlex ra\u010dunalniki so znani po dolgi \u017eivljenjski dobi in majhni porabi energije.<\/p>\n<\/li>\n<li data-start=\"2039\" data-end=\"2155\">\n<p data-start=\"2041\" data-end=\"2155\"><strong data-start=\"2041\" data-end=\"2069\">Enostavna nadgradljivost<\/strong> \u2013 mo\u017enost raz\u0161iritve RAM-a in SSD-ja za dalj\u0161o \u017eivljenjsko dobo in ve\u010djo zmogljivost.<\/p>\n<\/li>\n<\/ul>\n<hr data-start=\"2157\" data-end=\"2160\" \/>\n<h3 data-start=\"2162\" data-end=\"2188\">\ud83e\uddd1\u200d\ud83d\udcbc <strong data-start=\"2172\" data-end=\"2188\">Primeren za:<\/strong><\/h3>\n<ul data-start=\"2190\" data-end=\"2486\">\n<li data-start=\"2190\" data-end=\"2286\">\n<p data-start=\"2192\" data-end=\"2286\"><strong data-start=\"2192\" data-end=\"2234\">Pisarni\u0161ka in administrativna opravila<\/strong>: e-po\u0161ta, brskanje po spletu, pisarni\u0161ki programi<\/p>\n<\/li>\n<li data-start=\"2287\" data-end=\"2346\">\n<p data-start=\"2289\" data-end=\"2346\"><strong data-start=\"2289\" data-end=\"2305\">Delo od doma<\/strong>: videoklici, osnovno ra\u010dunalni\u0161ko delo<\/p>\n<\/li>\n<li data-start=\"2347\" data-end=\"2402\">\n<p data-start=\"2349\" data-end=\"2402\"><strong data-start=\"2349\" data-end=\"2378\">Osnovna obdelava podatkov<\/strong> in naloge z dokumenti<\/p>\n<\/li>\n<li data-start=\"2403\" data-end=\"2486\">\n<p data-start=\"2405\" data-end=\"2486\"><strong data-start=\"2405\" data-end=\"2427\">Multimedijska raba<\/strong>: predvajanje video vsebin in osnovno upravljanje z grafiko<\/p>\n<\/li>\n<\/ul>\n<hr data-start=\"2628\" data-end=\"2631\" \/>\n<h3 data-start=\"2633\" data-end=\"2661\">\u2139\ufe0f <strong data-start=\"2640\" data-end=\"2659\">Stanje izdelka:<\/strong><\/h3>\n<p data-start=\"2662\" data-end=\"2766\">Rabljeno \u2013 profesionalno o\u010di\u0161\u010deno, testirano in pripravljeno na uporabo.<\/p>\n<hr data-start=\"2768\" data-end=\"2771\" \/>\n<h3 data-start=\"2773\" data-end=\"2820\"><strong data-start=\"2777\" data-end=\"2820\">Zakaj izbrati Dell OptiPlex 7040 Micro?<\/strong><\/h3>\n<p data-start=\"2822\" data-end=\"3269\"><strong data-start=\"2822\" data-end=\"2850\">Dell OptiPlex 7040 Micro<\/strong> je idealna izbira za uporabnike, ki potrebujejo zmogljiv ra\u010dunalnik v izjemno kompaktnem formatu. \u010ce i\u0161\u010dete napravo za vsakodnevno pisarni\u0161ko delo, brskanje po spletu ali osnovno obdelavo podatkov, je OptiPlex 7040 Micro odli\u010dna izbira. Zasnovan za trajnost, energetsko u\u010dinkovitost in dolgotrajno zanesljivost je idealen za majhne pisarne, doma\u010de uporabnike ali kot dodatna delovna postaja v ve\u010djih poslovnih okoljih.<\/p>\n","protected":false},"excerpt":{"rendered":"<p>Dell Optiplex 7040 Micro, i5-6500T, 8 GB RAM in 128 GB SATA SSD \u2013 majhno ohi\u0161je z u\u010dinkovito zmogljivostjo za pisarne.<\/p>\n","protected":false},"featured_media":19386,"comment_status":"open","ping_status":"closed","template":"","meta":{"_acf_changed":false},"product_brand":[255],"product_cat":[369,225],"product_tag":[],"class_list":{"0":"post-19385","1":"product","2":"type-product","3":"status-publish","4":"has-post-thumbnail","6":"product_brand-dell","7":"product_cat-micro_tiny_ultra","8":"product_cat-namizni-racunalniki","9":"pa_generacija-procesorja-i5-6500t","10":"pa_model-optiplex-7040","11":"pa_os-windows-10","12":"pa_podpira-windows-11-ne","13":"pa_tip-diska-ssd","14":"pa_velikost-diska-128gb","16":"first","17":"outofstock","18":"taxable","19":"shipping-taxable","20":"purchasable","21":"product-type-simple"},"acf":[],"_links":{"self":[{"href":"https:\/\/renovatus.si\/sl\/wp-json\/wp\/v2\/product\/19385","targetHints":{"allow":["GET"]}}],"collection":[{"href":"https:\/\/renovatus.si\/sl\/wp-json\/wp\/v2\/product"}],"about":[{"href":"https:\/\/renovatus.si\/sl\/wp-json\/wp\/v2\/types\/product"}],"replies":[{"embeddable":true,"href":"https:\/\/renovatus.si\/sl\/wp-json\/wp\/v2\/comments?post=19385"}],"wp:featuredmedia":[{"embeddable":true,"href":"https:\/\/renovatus.si\/sl\/wp-json\/wp\/v2\/media\/19386"}],"wp:attachment":[{"href":"https:\/\/renovatus.si\/sl\/wp-json\/wp\/v2\/media?parent=19385"}],"wp:term":[{"taxonomy":"product_brand","embeddable":true,"href":"https:\/\/renovatus.si\/sl\/wp-json\/wp\/v2\/product_brand?post=19385"},{"taxonomy":"product_cat","embeddable":true,"href":"https:\/\/renovatus.si\/sl\/wp-json\/wp\/v2\/product_cat?post=19385"},{"taxonomy":"product_tag","embeddable":true,"href":"https:\/\/renovatus.si\/sl\/wp-json\/wp\/v2\/product_tag?post=19385"}],"curies":[{"name":"wp","href":"https:\/\/api.w.org\/{rel}","templated":true}]}}