{"id":19897,"date":"2025-09-24T12:09:02","date_gmt":"2025-09-24T11:09:02","guid":{"rendered":"https:\/\/renovatus.si\/?product=lenovo-v15-g4-abp-r7-v1-nb15le00079-w11h"},"modified":"2025-11-11T09:03:08","modified_gmt":"2025-11-11T08:03:08","slug":"lenovo-v15-g4-abp-r7-prenosnik","status":"publish","type":"product","link":"https:\/\/renovatus.si\/sl\/izdelek\/lenovo-v15-g4-abp-r7-prenosnik\/","title":{"rendered":"LENOVO V15 G4 ABP R7 prenosnik \u2013 16GB, 1TB SSD, 15,6&#8243; FHD, Windows 11 Home"},"content":{"rendered":"<p data-start=\"575\" data-end=\"914\"><strong data-start=\"575\" data-end=\"609\">LENOVO V15 G4 ABP R7 prenosnik<\/strong> je zmogljiva in zanesljiva naprava za vsakodnevno delo, \u0161olo ali doma\u010do uporabo. Opremljen je z <strong data-start=\"706\" data-end=\"733\">AMD Ryzen 7 procesorjem<\/strong>, <strong data-start=\"735\" data-end=\"747\">16GB RAM<\/strong> in <strong data-start=\"751\" data-end=\"762\">1TB SSD<\/strong> diskom, kar omogo\u010da hitro nalaganje programov, gladko ve\u010dopravilnost in veliko prostora za shranjevanje dokumentov, multimedije in poslovnih datotek.<\/p>\n<p data-start=\"916\" data-end=\"1165\">15,6-pal\u010dni <strong data-start=\"928\" data-end=\"942\">FHD zaslon<\/strong> nudi jasen in \u017eivahen prikaz, idealen za delo, gledanje filmov ali ustvarjanje vsebin. <strong data-start=\"1030\" data-end=\"1064\">LENOVO V15 G4 ABP R7 prenosnik<\/strong> je tudi odli\u010den za poslovne uporabnike, saj podpira sodobna orodja in aplikacije za produktivnost.<\/p>\n<p data-start=\"1167\" data-end=\"1454\">Prenosnik deluje na <strong data-start=\"1187\" data-end=\"1206\">Windows 11 Home<\/strong>, ki omogo\u010da intuitivno uporabo, napredne varnostne funkcije in stabilno delovanje. Poleg tega ima prenosnik ve\u010d priklju\u010dkov, kot so USB-C, HDMI, Wi-Fi in Bluetooth, kar zagotavlja hitro povezljivost s perifernimi napravami, monitorji in omre\u017eji.<\/p>\n<p data-start=\"1456\" data-end=\"1621\"><strong data-start=\"1456\" data-end=\"1490\">LENOVO V15 G4 ABP R7 prenosnik<\/strong> je odli\u010dna izbira za tiste, ki i\u0161\u010dejo zmogljiv, eleganten in vsestranski prenosnik za delo, u\u010denje in zabavo doma ali v pisarni.<\/p>\n","protected":false},"excerpt":{"rendered":"<p>Prenosnik Lenovo V15 G4 z AMD Ryzen 7, 16GB RAM in 1TB SSD. Mo\u010dna zmogljivost in velik zaslon za produktivno delo.<\/p>\n","protected":false},"featured_media":19763,"comment_status":"open","ping_status":"closed","template":"","meta":{"_acf_changed":false},"product_brand":[254],"product_cat":[2245],"product_tag":[],"class_list":{"0":"post-19897","1":"product","2":"type-product","3":"status-publish","4":"has-post-thumbnail","6":"product_brand-lenovo","7":"product_cat-prenosni-racunalniki-2","8":"pa_generacija-procesorja-amd-ryzen-7-7730u-2-00-ghz","9":"pa_model-v15-g4-abp-r7","10":"pa_os-windows-11-home","11":"pa_podpira-windows-11-da","12":"pa_resolucija-fhd","13":"pa_spletna-kamera-da","14":"pa_tip-diska-ssd","15":"pa_velikost-diska-1tb","17":"first","18":"outofstock","19":"taxable","20":"shipping-taxable","21":"purchasable","22":"product-type-simple"},"acf":[],"_links":{"self":[{"href":"https:\/\/renovatus.si\/sl\/wp-json\/wp\/v2\/product\/19897","targetHints":{"allow":["GET"]}}],"collection":[{"href":"https:\/\/renovatus.si\/sl\/wp-json\/wp\/v2\/product"}],"about":[{"href":"https:\/\/renovatus.si\/sl\/wp-json\/wp\/v2\/types\/product"}],"replies":[{"embeddable":true,"href":"https:\/\/renovatus.si\/sl\/wp-json\/wp\/v2\/comments?post=19897"}],"wp:featuredmedia":[{"embeddable":true,"href":"https:\/\/renovatus.si\/sl\/wp-json\/wp\/v2\/media\/19763"}],"wp:attachment":[{"href":"https:\/\/renovatus.si\/sl\/wp-json\/wp\/v2\/media?parent=19897"}],"wp:term":[{"taxonomy":"product_brand","embeddable":true,"href":"https:\/\/renovatus.si\/sl\/wp-json\/wp\/v2\/product_brand?post=19897"},{"taxonomy":"product_cat","embeddable":true,"href":"https:\/\/renovatus.si\/sl\/wp-json\/wp\/v2\/product_cat?post=19897"},{"taxonomy":"product_tag","embeddable":true,"href":"https:\/\/renovatus.si\/sl\/wp-json\/wp\/v2\/product_tag?post=19897"}],"curies":[{"name":"wp","href":"https:\/\/api.w.org\/{rel}","templated":true}]}}