{"id":19971,"date":"2025-09-24T18:51:24","date_gmt":"2025-09-24T17:51:24","guid":{"rendered":"https:\/\/renovatus.si\/?product=hp-probook-440-g11-ultra7-v1-nb14hp00028-w11p"},"modified":"2026-01-16T17:27:06","modified_gmt":"2026-01-16T16:27:06","slug":"hp-probook-440-g11-ultra-7-prenosnik","status":"publish","type":"product","link":"https:\/\/renovatus.si\/sl\/izdelek\/hp-probook-440-g11-ultra-7-prenosnik\/","title":{"rendered":"HP ProBook 440 G11 Ultra 7 prenosnik \u2013 zmogljiv poslovni prenosnik z 16GB RAM in 1TB SSD"},"content":{"rendered":"<p data-start=\"704\" data-end=\"1060\"><strong data-start=\"704\" data-end=\"744\">HP ProBook 440 G11 Ultra 7 prenosnik<\/strong> je zasnovan za zahtevne uporabnike, ki pri\u010dakujejo popolno kombinacijo zmogljivosti, mobilnosti in varnosti. Opremljen je z naprednim <strong data-start=\"879\" data-end=\"913\">Intel Core Ultra 7 procesorjem<\/strong>, <strong data-start=\"915\" data-end=\"928\">16 GB RAM<\/strong> pomnilnika in <strong data-start=\"943\" data-end=\"962\">1 TB SSD diskom<\/strong>, kar zagotavlja izjemno hitrost pri ve\u010dopravilnosti, shranjevanju podatkov in zagonu aplikacij.<\/p>\n<p data-start=\"1062\" data-end=\"1381\">Njegov <strong data-start=\"1069\" data-end=\"1099\">14-pal\u010dni FHD WUXGA zaslon<\/strong> ponuja kristalno jasno sliko, bogate barve in udoben ogledni kot, kar omogo\u010da u\u010dinkovito delo v pisarni ali na poti. <strong data-start=\"1217\" data-end=\"1257\">HP ProBook 440 G11 Ultra 7 prenosnik<\/strong> izstopa tudi po elegantnem, trpe\u017enem ohi\u0161ju, ki ga \u0161\u010diti pred praskami in obrabo, zato je idealen za vsakodnevno uporabo.<\/p>\n<p data-start=\"1383\" data-end=\"1652\">Z operacijskim sistemom <strong data-start=\"1407\" data-end=\"1425\">Windows 11 Pro<\/strong> zagotavlja napredno varnost in integrirane poslovne funkcije. Poleg tega vklju\u010duje <strong data-start=\"1509\" data-end=\"1529\">HP Wolf Security<\/strong> za za\u0161\u010dito pred kibernetskimi gro\u017enjami ter bogat nabor priklju\u010dkov \u2013 USB-C, HDMI, Wi-Fi 6E \u2013 za enostavno povezljivost.<\/p>\n<p data-start=\"1654\" data-end=\"1784\">\u010ce i\u0161\u010dete zanesljiv poslovni ra\u010dunalnik z dolgo avtonomijo baterije, je <strong data-start=\"1726\" data-end=\"1766\">HP ProBook 440 G11 Ultra 7 prenosnik<\/strong> popolna izbira.<\/p>\n","protected":false},"excerpt":{"rendered":"<p>HP ProBook 440 G11 Ultra7 \u2013 14&#8221; FHD \/ WUXGA prenosnik z 16GB RAM in 1TB SSD. Windows 11 Pro, profesionalen srebrni prenosnik.<\/p>\n","protected":false},"featured_media":19972,"comment_status":"open","ping_status":"closed","template":"","meta":{"_acf_changed":false},"product_brand":[253],"product_cat":[2245],"product_tag":[],"class_list":{"0":"post-19971","1":"product","2":"type-product","3":"status-publish","4":"has-post-thumbnail","6":"product_brand-hp","7":"product_cat-prenosni-racunalniki-2","8":"pa_generacija-procesorja-intel-core-ultra-7-155u","9":"pa_model-probook-440-g11-ultra7","10":"pa_os-windows-11-pro","11":"pa_podpira-windows-11-da","12":"pa_resolucija-fullhd","13":"pa_spletna-kamera-da","14":"pa_tip-diska-ssd","15":"pa_velikost-diska-1tb","17":"first","18":"outofstock","19":"taxable","20":"shipping-taxable","21":"purchasable","22":"product-type-simple"},"acf":[],"_links":{"self":[{"href":"https:\/\/renovatus.si\/sl\/wp-json\/wp\/v2\/product\/19971","targetHints":{"allow":["GET"]}}],"collection":[{"href":"https:\/\/renovatus.si\/sl\/wp-json\/wp\/v2\/product"}],"about":[{"href":"https:\/\/renovatus.si\/sl\/wp-json\/wp\/v2\/types\/product"}],"replies":[{"embeddable":true,"href":"https:\/\/renovatus.si\/sl\/wp-json\/wp\/v2\/comments?post=19971"}],"wp:featuredmedia":[{"embeddable":true,"href":"https:\/\/renovatus.si\/sl\/wp-json\/wp\/v2\/media\/19972"}],"wp:attachment":[{"href":"https:\/\/renovatus.si\/sl\/wp-json\/wp\/v2\/media?parent=19971"}],"wp:term":[{"taxonomy":"product_brand","embeddable":true,"href":"https:\/\/renovatus.si\/sl\/wp-json\/wp\/v2\/product_brand?post=19971"},{"taxonomy":"product_cat","embeddable":true,"href":"https:\/\/renovatus.si\/sl\/wp-json\/wp\/v2\/product_cat?post=19971"},{"taxonomy":"product_tag","embeddable":true,"href":"https:\/\/renovatus.si\/sl\/wp-json\/wp\/v2\/product_tag?post=19971"}],"curies":[{"name":"wp","href":"https:\/\/api.w.org\/{rel}","templated":true}]}}