{"id":19999,"date":"2025-09-25T09:03:27","date_gmt":"2025-09-25T08:03:27","guid":{"rendered":"https:\/\/renovatus.si\/?product=msi-pro-ap222t-13m-092xeu-i5-aiomsi00015"},"modified":"2025-10-07T07:52:24","modified_gmt":"2025-10-07T06:52:24","slug":"msi-pro-ap222t-13m-092xeu-i5-aiomsi00015","status":"publish","type":"product","link":"https:\/\/renovatus.si\/sl\/izdelek\/msi-pro-ap222t-13m-092xeu-i5-aiomsi00015\/","title":{"rendered":"MSI PRO AP222T 13M-092XEU i5 &#8211; 8GB &#8211; 256GB SSD &#8211; 21.5&#8243; FHD IPS &#8211; NoOS"},"content":{"rendered":"<p>MSI PRO AP222T 13M-092XEU je zmogljiv All-in-One ra\u010dunalnik z Intel Core i5 procesorjem, 8GB RAM in 256GB SSD. 21,5-pal\u010dni FHD IPS zaslon zagotavlja izjemno jasne in \u0161irokokotne slike, idealno za delo, multimedijo ali doma\u010do uporabo. Brez operacijskega sistema, kar omogo\u010da popolno prilagoditev va\u0161im potrebam. Elegantna in kompaktna zasnova prihrani prostor na delovni povr\u0161ini.<\/p>\n","protected":false},"excerpt":{"rendered":"<p>U\u010dinkovit MSI PRO All-in-One ra\u010dunalnik z Intel i5, 8GB RAM, 256GB SSD in 21,5&#8243; FHD IPS zaslonom. Idealno za delo in doma\u010do uporabo brez prednalo\u017eenega OS.<\/p>\n","protected":false},"featured_media":20000,"comment_status":"open","ping_status":"closed","template":"","meta":{"_acf_changed":false},"product_brand":[2257],"product_cat":[2250,2249],"product_tag":[],"class_list":{"0":"post-19999","1":"product","2":"type-product","3":"status-publish","4":"has-post-thumbnail","6":"product_brand-msi","7":"product_cat-all-in-one-novi-namizni-racunalniki","8":"product_cat-namizni-racunalniki-racunalniki_in_dodatki","9":"pa_generacija-procesorja-intel-core-i5-13400","10":"pa_model-pro-ap222t-13m-092xeu-i5","11":"pa_os-noos","12":"pa_resolucija-fullhd","13":"pa_spletna-kamera-da","14":"pa_tip-diska-ssd","15":"pa_velikost-diska-256gb","17":"first","18":"outofstock","19":"taxable","20":"shipping-taxable","21":"purchasable","22":"product-type-simple"},"acf":[],"_links":{"self":[{"href":"https:\/\/renovatus.si\/sl\/wp-json\/wp\/v2\/product\/19999","targetHints":{"allow":["GET"]}}],"collection":[{"href":"https:\/\/renovatus.si\/sl\/wp-json\/wp\/v2\/product"}],"about":[{"href":"https:\/\/renovatus.si\/sl\/wp-json\/wp\/v2\/types\/product"}],"replies":[{"embeddable":true,"href":"https:\/\/renovatus.si\/sl\/wp-json\/wp\/v2\/comments?post=19999"}],"wp:featuredmedia":[{"embeddable":true,"href":"https:\/\/renovatus.si\/sl\/wp-json\/wp\/v2\/media\/20000"}],"wp:attachment":[{"href":"https:\/\/renovatus.si\/sl\/wp-json\/wp\/v2\/media?parent=19999"}],"wp:term":[{"taxonomy":"product_brand","embeddable":true,"href":"https:\/\/renovatus.si\/sl\/wp-json\/wp\/v2\/product_brand?post=19999"},{"taxonomy":"product_cat","embeddable":true,"href":"https:\/\/renovatus.si\/sl\/wp-json\/wp\/v2\/product_cat?post=19999"},{"taxonomy":"product_tag","embeddable":true,"href":"https:\/\/renovatus.si\/sl\/wp-json\/wp\/v2\/product_tag?post=19999"}],"curies":[{"name":"wp","href":"https:\/\/api.w.org\/{rel}","templated":true}]}}