{"id":20014,"date":"2025-09-25T09:03:27","date_gmt":"2025-09-25T08:03:27","guid":{"rendered":"https:\/\/renovatus.si\/?product=msi-pro-ap222t-13m-091xeu-i5-aiomsi00014-w11h"},"modified":"2025-10-07T07:54:32","modified_gmt":"2025-10-07T06:54:32","slug":"msi-pro-ap222t-13m-091xeu-i5-aiomsi00014-w11h","status":"publish","type":"product","link":"https:\/\/renovatus.si\/sl\/izdelek\/msi-pro-ap222t-13m-091xeu-i5-aiomsi00014-w11h\/","title":{"rendered":"MSI PRO AP222T 13M-091XEU i5 &#8211; 8GB &#8211; 256GB SSD &#8211; 21.5&#8243; FHD &#8211; Windows 11 Home"},"content":{"rendered":"<p>MSI PRO AP222T 13M-091XEU z Intel i5, 8GB RAM in 256GB SSD je All-in-One ra\u010dunalnik s 21,5-pal\u010dnim FHD zaslonom in prednalo\u017eenim Windows 11 Home. Ponuja hitro in zanesljivo delo, enostaven dostop do Microsoftovih aplikacij in intuitivno uporabni\u0161ko izku\u0161njo. Idealen za doma\u010do pisarno ali multimedijo.<\/p>\n","protected":false},"excerpt":{"rendered":"<p>MSI PRO i5 All-in-One z 8GB RAM, 256GB SSD in Windows 11 Home. 21,5&#8243; FHD zaslon nudi kristalno jasno sliko za delo in zabavo.<\/p>\n","protected":false},"featured_media":20015,"comment_status":"open","ping_status":"closed","template":"","meta":{"_acf_changed":false},"product_brand":[2257],"product_cat":[2249],"product_tag":[],"class_list":{"0":"post-20014","1":"product","2":"type-product","3":"status-publish","4":"has-post-thumbnail","6":"product_brand-msi","7":"product_cat-namizni-racunalniki-racunalniki_in_dodatki","8":"pa_generacija-procesorja-intel-core-i5","9":"pa_model-pro-ap222t-13m-091xeu-i5","10":"pa_os-windows-11-home","11":"pa_podpira-windows-11-da","12":"pa_resolucija-fullhd","13":"pa_spletna-kamera-da","14":"pa_tip-diska-ssd","15":"pa_velikost-diska-256gb","17":"first","18":"outofstock","19":"taxable","20":"shipping-taxable","21":"purchasable","22":"product-type-simple"},"acf":[],"_links":{"self":[{"href":"https:\/\/renovatus.si\/sl\/wp-json\/wp\/v2\/product\/20014","targetHints":{"allow":["GET"]}}],"collection":[{"href":"https:\/\/renovatus.si\/sl\/wp-json\/wp\/v2\/product"}],"about":[{"href":"https:\/\/renovatus.si\/sl\/wp-json\/wp\/v2\/types\/product"}],"replies":[{"embeddable":true,"href":"https:\/\/renovatus.si\/sl\/wp-json\/wp\/v2\/comments?post=20014"}],"wp:featuredmedia":[{"embeddable":true,"href":"https:\/\/renovatus.si\/sl\/wp-json\/wp\/v2\/media\/20015"}],"wp:attachment":[{"href":"https:\/\/renovatus.si\/sl\/wp-json\/wp\/v2\/media?parent=20014"}],"wp:term":[{"taxonomy":"product_brand","embeddable":true,"href":"https:\/\/renovatus.si\/sl\/wp-json\/wp\/v2\/product_brand?post=20014"},{"taxonomy":"product_cat","embeddable":true,"href":"https:\/\/renovatus.si\/sl\/wp-json\/wp\/v2\/product_cat?post=20014"},{"taxonomy":"product_tag","embeddable":true,"href":"https:\/\/renovatus.si\/sl\/wp-json\/wp\/v2\/product_tag?post=20014"}],"curies":[{"name":"wp","href":"https:\/\/api.w.org\/{rel}","templated":true}]}}