{"id":20030,"date":"2025-09-25T09:03:42","date_gmt":"2025-09-25T08:03:42","guid":{"rendered":"https:\/\/renovatus.si\/?product=lenovo-ideacentre-aio-24irh9-i5-aiole00022-w11p"},"modified":"2025-12-11T21:52:20","modified_gmt":"2025-12-11T20:52:20","slug":"lenovo-ideacentre-aio-24irh9-i5-16gb-512gb-ssd-238-fhd","status":"publish","type":"product","link":"https:\/\/renovatus.si\/sl\/izdelek\/lenovo-ideacentre-aio-24irh9-i5-16gb-512gb-ssd-238-fhd\/","title":{"rendered":"LENOVO IdeaCentre AIO 24IRH9 i5 \u2013 zmogljiv All-in-One ra\u010dunalnik z 16GB RAM in 512GB SSD"},"content":{"rendered":"<p data-start=\"726\" data-end=\"1059\"><strong data-start=\"726\" data-end=\"761\">LENOVO IdeaCentre AIO 24IRH9 i5<\/strong> je sodoben <strong data-start=\"773\" data-end=\"798\">All-in-One ra\u010dunalnik<\/strong>, zasnovan za uporabnike, ki \u017eelijo zmogljivost, estetiko in preprostost v enem. Zmogljiv <strong data-start=\"888\" data-end=\"914\">Intel Core i5 procesor<\/strong>, podprt z <strong data-start=\"925\" data-end=\"940\">16 GB RAM-a<\/strong> in <strong data-start=\"944\" data-end=\"965\">512 GB SSD diskom<\/strong>, zagotavlja hitro in teko\u010de delovanje pri vsakodnevnih opravilih, delu od doma ali \u0161tudiju.<\/p>\n<p data-start=\"1061\" data-end=\"1333\">Eleganten <strong data-start=\"1071\" data-end=\"1097\">23,8-pal\u010dni FHD zaslon<\/strong> z ozkimi robovi ponuja odli\u010dno sliko in prostorsko u\u010dinkovitost, saj se ra\u010dunalnik popolnoma zlije z vsakim delovnim okoljem. <strong data-start=\"1224\" data-end=\"1259\">LENOVO IdeaCentre AIO 24IRH9 i5<\/strong> omogo\u010da jasno sliko, \u017eive barve in udobno gledanje pod razli\u010dnimi koti.<\/p>\n<p data-start=\"1335\" data-end=\"1560\">S sistemom <strong data-start=\"1346\" data-end=\"1364\">Windows 11 Pro<\/strong> nudi izbolj\u0161ano produktivnost, napredno varnost in intuitivno uporabni\u0161ko izku\u0161njo. Integrirana kamera, mikrofon in kakovostni zvo\u010dniki poskrbijo za brezhibne video klice in virtualne sestanke.<\/p>\n<p data-start=\"1562\" data-end=\"1763\">\u010ce i\u0161\u010dete vsestranski ra\u010dunalnik, ki zdru\u017euje visoko zmogljivost, moderen dizajn in zanesljivo delovanje, je <strong data-start=\"1671\" data-end=\"1706\">LENOVO IdeaCentre AIO 24IRH9 i5<\/strong> popolna izbira za doma\u010do pisarno ali poslovno uporabo.<\/p>\n","protected":false},"excerpt":{"rendered":"<p>Lenovo IdeaCentre i5 AIO z 16GB RAM, 512GB SSD in Windows 11 Pro. Velik 23,8&#8243; FHD zaslon za produktivno delo in multimedijo.<\/p>\n","protected":false},"featured_media":20031,"comment_status":"open","ping_status":"closed","template":"","meta":{"_acf_changed":false},"product_brand":[254],"product_cat":[2250,2249],"product_tag":[],"class_list":{"0":"post-20030","1":"product","2":"type-product","3":"status-publish","4":"has-post-thumbnail","6":"product_brand-lenovo","7":"product_cat-all-in-one-novi-namizni-racunalniki","8":"product_cat-namizni-racunalniki-racunalniki_in_dodatki","9":"pa_generacija-procesorja-intel-core-i5-13420h","10":"pa_model-ideacentre-aio-24irh9-i5","11":"pa_os-windows-11-pro","12":"pa_podpira-windows-11-da","13":"pa_resolucija-fullhd","14":"pa_spletna-kamera-da","15":"pa_tip-diska-ssd","16":"pa_velikost-diska-512gb","18":"first","19":"outofstock","20":"taxable","21":"shipping-taxable","22":"purchasable","23":"product-type-simple"},"acf":[],"_links":{"self":[{"href":"https:\/\/renovatus.si\/sl\/wp-json\/wp\/v2\/product\/20030","targetHints":{"allow":["GET"]}}],"collection":[{"href":"https:\/\/renovatus.si\/sl\/wp-json\/wp\/v2\/product"}],"about":[{"href":"https:\/\/renovatus.si\/sl\/wp-json\/wp\/v2\/types\/product"}],"replies":[{"embeddable":true,"href":"https:\/\/renovatus.si\/sl\/wp-json\/wp\/v2\/comments?post=20030"}],"wp:featuredmedia":[{"embeddable":true,"href":"https:\/\/renovatus.si\/sl\/wp-json\/wp\/v2\/media\/20031"}],"wp:attachment":[{"href":"https:\/\/renovatus.si\/sl\/wp-json\/wp\/v2\/media?parent=20030"}],"wp:term":[{"taxonomy":"product_brand","embeddable":true,"href":"https:\/\/renovatus.si\/sl\/wp-json\/wp\/v2\/product_brand?post=20030"},{"taxonomy":"product_cat","embeddable":true,"href":"https:\/\/renovatus.si\/sl\/wp-json\/wp\/v2\/product_cat?post=20030"},{"taxonomy":"product_tag","embeddable":true,"href":"https:\/\/renovatus.si\/sl\/wp-json\/wp\/v2\/product_tag?post=20030"}],"curies":[{"name":"wp","href":"https:\/\/api.w.org\/{rel}","templated":true}]}}