{"id":20050,"date":"2025-09-25T09:03:57","date_gmt":"2025-09-25T08:03:57","guid":{"rendered":"https:\/\/renovatus.si\/?product=lenovo-ideacentre-aio-27arr9-a57535hs-r5-aiole00020"},"modified":"2026-01-16T17:31:04","modified_gmt":"2026-01-16T16:31:04","slug":"lenovo-ideacentre-aio-27arr9-a57535hs-r5-16gb-512gb-ssd-27-fhd-windows-11-home","status":"publish","type":"product","link":"https:\/\/renovatus.si\/sl\/izdelek\/lenovo-ideacentre-aio-27arr9-a57535hs-r5-16gb-512gb-ssd-27-fhd-windows-11-home\/","title":{"rendered":"LENOVO IdeaCentre AIO 27ARR9-A57535HS R5 \u2013 eleganten 27&#8243; FHD ra\u010dunalnik z 16GB RAM in 512GB SSD"},"content":{"rendered":"<p data-start=\"763\" data-end=\"1109\"><strong data-start=\"763\" data-end=\"807\">LENOVO IdeaCentre AIO 27ARR9-A57535HS R5<\/strong> je sodoben <strong data-start=\"819\" data-end=\"844\">All-in-One ra\u010dunalnik<\/strong>, zasnovan za uporabnike, ki \u017eelijo zdru\u017eiti eleganco, zmogljivost in u\u010dinkovitost v eni napravi. Ta ra\u010dunalnik s svojim <strong data-start=\"965\" data-end=\"992\">27-pal\u010dnim FHD zaslonom<\/strong> ponuja izjemno vizualno izku\u0161njo z \u017eivimi barvami in jasnimi podrobnostmi, idealno za delo, ustvarjanje in zabavo.<\/p>\n<p data-start=\"1111\" data-end=\"1448\">Zmogljiv procesor <strong data-start=\"1129\" data-end=\"1151\">AMD Ryzen 5 7535HS<\/strong>, skupaj s <strong data-start=\"1162\" data-end=\"1177\">16 GB RAM-a<\/strong> in <strong data-start=\"1181\" data-end=\"1202\">512 GB SSD diskom<\/strong>, zagotavlja hitro in zanesljivo delovanje, tudi pri ve\u010dopravilnosti. <strong data-start=\"1272\" data-end=\"1316\">LENOVO IdeaCentre AIO 27ARR9-A57535HS R5<\/strong> omogo\u010da tiho in u\u010dinkovito delo, ne da bi zasedel veliko prostora, saj ima vse komponente vgrajene v tankem in elegantnem ohi\u0161ju.<\/p>\n<p data-start=\"1450\" data-end=\"1695\">S sistemom <strong data-start=\"1461\" data-end=\"1480\">Windows 11 Home<\/strong> ponuja intuitiven vmesnik, napredne varnostne funkcije in enostavno povezovanje z drugimi napravami. Vgrajena kamera in zvo\u010dniki omogo\u010dajo jasne video klice, kar je idealno za delo od doma ali virtualne sestanke.<\/p>\n<p data-start=\"1697\" data-end=\"1848\">\u010ce i\u0161\u010dete zmogljiv in eleganten ra\u010dunalnik, ki prihrani prostor, je <strong data-start=\"1765\" data-end=\"1809\">LENOVO IdeaCentre AIO 27ARR9-A57535HS R5<\/strong> prava izbira za va\u0161 dom ali pisarno.<\/p>\n","protected":false},"excerpt":{"rendered":"<p>Lenovo IdeaCentre AIO z R5 procesorjem, 16GB RAM, 512GB SSD in 27&#8243; FHD zaslonom. Windows 11 Home za produktivnost in multimedijo.<\/p>\n","protected":false},"featured_media":20051,"comment_status":"open","ping_status":"closed","template":"","meta":{"_acf_changed":false},"product_brand":[254],"product_cat":[2250,2249],"product_tag":[],"class_list":{"0":"post-20050","1":"product","2":"type-product","3":"status-publish","4":"has-post-thumbnail","6":"product_brand-lenovo","7":"product_cat-all-in-one-novi-namizni-racunalniki","8":"product_cat-namizni-racunalniki-racunalniki_in_dodatki","9":"pa_generacija-procesorja-amd-ryzen-5-7535hs","10":"pa_model-ideacentre-aio-27arr9-a57535hs-r5","11":"pa_os-windows-11-home","12":"pa_podpira-windows-11-da","13":"pa_resolucija-fullhd","14":"pa_spletna-kamera-da","15":"pa_tip-diska-ssd","16":"pa_velikost-diska-512gb","18":"first","19":"outofstock","20":"taxable","21":"shipping-taxable","22":"purchasable","23":"product-type-simple"},"acf":[],"_links":{"self":[{"href":"https:\/\/renovatus.si\/sl\/wp-json\/wp\/v2\/product\/20050","targetHints":{"allow":["GET"]}}],"collection":[{"href":"https:\/\/renovatus.si\/sl\/wp-json\/wp\/v2\/product"}],"about":[{"href":"https:\/\/renovatus.si\/sl\/wp-json\/wp\/v2\/types\/product"}],"replies":[{"embeddable":true,"href":"https:\/\/renovatus.si\/sl\/wp-json\/wp\/v2\/comments?post=20050"}],"wp:featuredmedia":[{"embeddable":true,"href":"https:\/\/renovatus.si\/sl\/wp-json\/wp\/v2\/media\/20051"}],"wp:attachment":[{"href":"https:\/\/renovatus.si\/sl\/wp-json\/wp\/v2\/media?parent=20050"}],"wp:term":[{"taxonomy":"product_brand","embeddable":true,"href":"https:\/\/renovatus.si\/sl\/wp-json\/wp\/v2\/product_brand?post=20050"},{"taxonomy":"product_cat","embeddable":true,"href":"https:\/\/renovatus.si\/sl\/wp-json\/wp\/v2\/product_cat?post=20050"},{"taxonomy":"product_tag","embeddable":true,"href":"https:\/\/renovatus.si\/sl\/wp-json\/wp\/v2\/product_tag?post=20050"}],"curies":[{"name":"wp","href":"https:\/\/api.w.org\/{rel}","templated":true}]}}