{"id":20229,"date":"2025-09-25T15:55:05","date_gmt":"2025-09-25T14:55:05","guid":{"rendered":"https:\/\/renovatus.si\/?product=msi-mpg-infinite-x3-ai-2nvp7-u7-pcmsi00005"},"modified":"2026-01-27T16:01:29","modified_gmt":"2026-01-27T15:01:29","slug":"msi-mpg-infinite-x3-ai-2nvp7-u7-32gb-1tb-ssd-rtx5070-win11-home","status":"publish","type":"product","link":"https:\/\/renovatus.si\/sl\/izdelek\/msi-mpg-infinite-x3-ai-2nvp7-u7-32gb-1tb-ssd-rtx5070-win11-home\/","title":{"rendered":"MSI MPG Infinite X3 AI 2NVP7 U7 \u2013 zmogljiv gaming ra\u010dunalnik"},"content":{"rendered":"<p data-start=\"492\" data-end=\"808\">MSI MPG Infinite X3 AI 2NVP7 U7 je napreden namizni ra\u010dunalnik, zasnovan za vrhunsko igralno izku\u0161njo in profesionalno delo. MSI MPG Infinite X3 AI 2NVP7 U7 omogo\u010da hitro in nemoteno delovanje z 32 GB RAM-a, ki zagotavlja brezhibno ve\u010dopravilnost in teko\u010de izvajanje zahtevnih aplikacij.<\/p>\n<p data-start=\"810\" data-end=\"1096\">Shranjevanje podatkov je zagotovljeno z 1TB SSD, kar MSI MPG Infinite X3 AI 2NVP7 U7 spremeni v izjemno hitro in zanesljivo napravo. Grafi\u010dna kartica GeForce RTX 5070 omogo\u010da realisti\u010dno grafiko, podporo za ray tracing in teko\u010de igranje tudi najzahtevnej\u0161ih iger v visoki lo\u010dljivosti.<\/p>\n<p data-start=\"1098\" data-end=\"1384\">MSI MPG Infinite X3 AI 2NVP7 U7 z Windows 11 Home ponuja sodoben in intuitiven uporabni\u0161ki vmesnik, napredne funkcionalnosti ter varnostne funkcije, ki pove\u010dujejo produktivnost. Elegantna in kompaktna zasnova omogo\u010da urejen delovni prostor, hkrati pa izstopa s profesionalnim videzom.<\/p>\n<p data-start=\"1386\" data-end=\"1623\">MSI MPG Infinite X3 AI 2NVP7 U7 je idealna izbira za igralce, ustvarjalce vsebin in uporabnike, ki potrebujejo mo\u010dan ra\u010dunalnik z visoko zmogljivostjo, hitrim SSD-jem in napredno grafi\u010dno kartico, ki prina\u0161a vrhunsko vizualno izku\u0161njo.<\/p>\n","protected":false},"excerpt":{"rendered":"<p>High-end gaming PC z 32GB RAM, 1TB SSD in grafi\u010dno kartico GeForce RTX 5070. Windows 11 Home, idealen za igre in zahtevno multimedijo.<\/p>\n","protected":false},"featured_media":20230,"comment_status":"open","ping_status":"closed","template":"","meta":{"_acf_changed":false},"product_brand":[2257],"product_cat":[2249],"product_tag":[],"class_list":{"0":"post-20229","1":"product","2":"type-product","3":"status-publish","4":"has-post-thumbnail","6":"product_brand-msi","7":"product_cat-namizni-racunalniki-racunalniki_in_dodatki","8":"pa_generacija-procesorja-intel-core-ultra-7-265k","9":"pa_model-mpg-infinite-x3-ai-2nvp7-u7","10":"pa_os-windows-11-home","11":"pa_podpira-windows-11-da","12":"pa_tip-diska-ssd","13":"pa_velikost-diska-1tb","15":"first","16":"instock","17":"sale","18":"taxable","19":"shipping-taxable","20":"purchasable","21":"product-type-simple"},"acf":[],"_links":{"self":[{"href":"https:\/\/renovatus.si\/sl\/wp-json\/wp\/v2\/product\/20229","targetHints":{"allow":["GET"]}}],"collection":[{"href":"https:\/\/renovatus.si\/sl\/wp-json\/wp\/v2\/product"}],"about":[{"href":"https:\/\/renovatus.si\/sl\/wp-json\/wp\/v2\/types\/product"}],"replies":[{"embeddable":true,"href":"https:\/\/renovatus.si\/sl\/wp-json\/wp\/v2\/comments?post=20229"}],"wp:featuredmedia":[{"embeddable":true,"href":"https:\/\/renovatus.si\/sl\/wp-json\/wp\/v2\/media\/20230"}],"wp:attachment":[{"href":"https:\/\/renovatus.si\/sl\/wp-json\/wp\/v2\/media?parent=20229"}],"wp:term":[{"taxonomy":"product_brand","embeddable":true,"href":"https:\/\/renovatus.si\/sl\/wp-json\/wp\/v2\/product_brand?post=20229"},{"taxonomy":"product_cat","embeddable":true,"href":"https:\/\/renovatus.si\/sl\/wp-json\/wp\/v2\/product_cat?post=20229"},{"taxonomy":"product_tag","embeddable":true,"href":"https:\/\/renovatus.si\/sl\/wp-json\/wp\/v2\/product_tag?post=20229"}],"curies":[{"name":"wp","href":"https:\/\/api.w.org\/{rel}","templated":true}]}}