{"id":20825,"date":"2025-10-13T08:53:30","date_gmt":"2025-10-13T07:53:30","guid":{"rendered":"https:\/\/renovatus.si\/?product=karcher-wd-3-batt-105248-2"},"modified":"2026-04-02T10:43:36","modified_gmt":"2026-04-02T09:43:36","slug":"karcher-wd-3-batt-105248-2","status":"publish","type":"product","link":"https:\/\/renovatus.si\/sl\/izdelek\/karcher-wd-3-batt-105248-2\/","title":{"rendered":"K\u00e4rcher sesalnik WD 3 Batt. Premium Set \u2013 akumulatorski sesalnik z dodatno opremo"},"content":{"rendered":"<p data-start=\"512\" data-end=\"864\">K\u00e4rcher sesalnik WD 3 Batt. Premium Set je zmogljiv akumulatorski sesalnik, zasnovan za vsestransko uporabo v razli\u010dnih prostorih, kot so dom, gara\u017ea ali delavnica. Njegova brez\u017ei\u010dna zasnova omogo\u010da enostavno premikanje in \u010di\u0161\u010denje brez omejitev zaradi kabla, medtem ko dodatna oprema zagotavlja maksimalno funkcionalnost.<\/p>\n<p data-start=\"866\" data-end=\"1107\">Sesalnik WD 3 Premium Set se pona\u0161a z mo\u010dnim motorjem in visoko zmogljivo baterijo, ki omogo\u010da dolgotrajno delovanje. Primeren je za sesanje prahu, delcev, drobnih smeti in teko\u010din, kar ga naredi izjemno prakti\u010dnega za vsakodnevno uporabo.<\/p>\n<p data-start=\"1109\" data-end=\"1364\">Kompaktna in ergonomska oblika omogo\u010da enostavno rokovanje, hkrati pa omogo\u010da preprosto shranjevanje. Sesalnik je opremljen z visokozmogljivim filtrom, ki u\u010dinkovito zadr\u017euje prah in alergene, kar prispeva k \u010distej\u0161emu in bolj zdravemu bivalnemu okolju.<\/p>\n<p data-start=\"1366\" data-end=\"1581\">K\u00e4rcher sesalnik WD 3 Batt. Premium Set je idealna izbira za vse, ki i\u0161\u010dejo zmogljiv, akumulatorski in vsestranski sesalnik z dodatno opremo, ki zagotavlja hitro, u\u010dinkovito in priro\u010dno \u010di\u0161\u010denje razli\u010dnih povr\u0161in.<\/p>\n","protected":false},"excerpt":{"rendered":"<p>Karcher WD 3 Batt. Premium Set \u2013 Akumulatorski mokro-suhi sesalnik z dodatno opremo za popolno \u010di\u0161\u010denje.<\/p>\n","protected":false},"featured_media":20805,"comment_status":"open","ping_status":"closed","template":"","meta":{"_acf_changed":false},"product_brand":[2695],"product_cat":[2653,2651],"product_tag":[],"class_list":{"0":"post-20825","1":"product","2":"type-product","3":"status-publish","4":"has-post-thumbnail","6":"product_brand-karcher","7":"product_cat-akumulatorski_sesalci","8":"product_cat-sesalci","9":"pa_barva-rumena","10":"pa_dodatki-obseg-dobave-baterija-in-polnilnik-sta-vkljucena-baterija-akumulator-36-v-25-ah-battery-power-1-kos-baterijski-polnilnik-standardni-polnilnik-36-v-battery-power-1-kos-dolzina-sesalne-cevi","11":"pa_mere-d-x-s-x-v388-x-340-x-525","12":"pa_model-wd-3-batt","13":"pa_namen-uporabe-mokro-suho","14":"pa_rezervoar-za-vodo-17-l","15":"pa_teza-z-embalazo-10-kg","16":"pa_vrecka-posoda-vrecka-posoda","18":"first","19":"instock","20":"taxable","21":"shipping-taxable","22":"purchasable","23":"product-type-simple"},"acf":[],"_links":{"self":[{"href":"https:\/\/renovatus.si\/sl\/wp-json\/wp\/v2\/product\/20825","targetHints":{"allow":["GET"]}}],"collection":[{"href":"https:\/\/renovatus.si\/sl\/wp-json\/wp\/v2\/product"}],"about":[{"href":"https:\/\/renovatus.si\/sl\/wp-json\/wp\/v2\/types\/product"}],"replies":[{"embeddable":true,"href":"https:\/\/renovatus.si\/sl\/wp-json\/wp\/v2\/comments?post=20825"}],"wp:featuredmedia":[{"embeddable":true,"href":"https:\/\/renovatus.si\/sl\/wp-json\/wp\/v2\/media\/20805"}],"wp:attachment":[{"href":"https:\/\/renovatus.si\/sl\/wp-json\/wp\/v2\/media?parent=20825"}],"wp:term":[{"taxonomy":"product_brand","embeddable":true,"href":"https:\/\/renovatus.si\/sl\/wp-json\/wp\/v2\/product_brand?post=20825"},{"taxonomy":"product_cat","embeddable":true,"href":"https:\/\/renovatus.si\/sl\/wp-json\/wp\/v2\/product_cat?post=20825"},{"taxonomy":"product_tag","embeddable":true,"href":"https:\/\/renovatus.si\/sl\/wp-json\/wp\/v2\/product_tag?post=20825"}],"curies":[{"name":"wp","href":"https:\/\/api.w.org\/{rel}","templated":true}]}}