{"id":20843,"date":"2025-10-13T08:53:49","date_gmt":"2025-10-13T07:53:49","guid":{"rendered":"https:\/\/renovatus.si\/?product=karcher-bat-vc6-cordless-115498"},"modified":"2026-01-28T16:33:59","modified_gmt":"2026-01-28T15:33:59","slug":"karcher-bat-vc6-cordless-115498","status":"publish","type":"product","link":"https:\/\/renovatus.si\/sl\/izdelek\/karcher-bat-vc6-cordless-115498\/","title":{"rendered":"K\u00e4rcher sesalnik bat. VC6 Cordless ourFamily Car bel \u2013 zmogljiv sesalnik za avto in dom"},"content":{"rendered":"<p data-start=\"852\" data-end=\"1209\"><strong data-start=\"852\" data-end=\"908\">K\u00e4rcher sesalnik bat. VC6 Cordless ourFamily Car bel<\/strong> je brez\u017ei\u010dni sesalnik nove generacije, zasnovan za \u010di\u0161\u010denje doma in avtomobila. Ta <strong data-start=\"992\" data-end=\"1048\">K\u00e4rcher sesalnik bat. VC6 Cordless ourFamily Car bel<\/strong> zdru\u017euje zmogljivost, priro\u010dnost in sodobno tehnologijo, kar omogo\u010da hitro in u\u010dinkovito odstranjevanje prahu, umazanije, drobtin in dlak hi\u0161nih ljubljen\u010dkov.<\/p>\n<p data-start=\"1211\" data-end=\"1479\">Sesalnik ponuja kompaktno in ergonomsko obliko, ki omogo\u010da enostavno rokovanje tudi na te\u017eko dostopnih mestih v avtomobilu ali v stanovanju. Z zmogljivo baterijo nove generacije se \u010das delovanja podalj\u0161a, kar omogo\u010da \u010di\u0161\u010denje ve\u010djih povr\u0161in brez pogostega polnjenja.<\/p>\n<p data-start=\"1481\" data-end=\"1778\">Vklju\u010deni nastavki in \u0161\u010detke omogo\u010dajo prilagodljivo \u010di\u0161\u010denje razli\u010dnih povr\u0161in, od tal in preprog do sede\u017eev in armaturne plo\u0161\u010de v vozilu. <strong data-start=\"1621\" data-end=\"1677\">K\u00e4rcher sesalnik bat. VC6 Cordless ourFamily Car bel<\/strong> je lahek, enostaven za prena\u0161anje in vzdr\u017eevanje, posoda za prah pa se hitro in higieni\u010dno prazni.<\/p>\n<p data-start=\"1780\" data-end=\"2003\">\u010ce i\u0161\u010dete zmogljiv brez\u017ei\u010dni sesalnik za avto in dom, je <strong data-start=\"1837\" data-end=\"1893\">K\u00e4rcher sesalnik bat. VC6 Cordless ourFamily Car bel<\/strong> prava izbira, saj zdru\u017euje prakti\u010dnost, ergonomijo in visoko zmogljivost za popolno \u010disto\u010do vseh prostorov.<\/p>\n","protected":false},"excerpt":{"rendered":"<p>Karcher VC6 Cordless ourFamily Car bel \u2013 Brez\u017ei\u010dni sesalnik za avto in dom z mo\u010dnim motorjem in dolgo avtonomijo.<\/p>\n","protected":false},"featured_media":20844,"comment_status":"open","ping_status":"closed","template":"","meta":{"_acf_changed":false},"product_brand":[2695],"product_cat":[2654,2651],"product_tag":[],"class_list":{"0":"post-20843","1":"product","2":"type-product","3":"status-publish","4":"has-post-thumbnail","6":"product_brand-karcher","7":"product_cat-baterijski_sesalci","8":"product_cat-sesalci","9":"pa_barva-bela","10":"pa_dodatki-obseg-dobave-baterija-252-v-25-ah-baterija-1-enota-mehki-rocaj-filtrirni-sistem-brez-vrecke-hepa-filter-hepa-12-filter-en-18221998-filter-vstopnega-zraka-1-kosi-power-control-z-2-nivojema-zmog","11":"pa_mere-d-x-s-x-v-mm235-x-266-x-1130","12":"pa_model-bat-vc6-cordless","13":"pa_namen-uporabe-suho","14":"pa_prostornina-800-ml","15":"pa_teza-z-embalazo-52-kg","16":"pa_vrecka-posoda-posoda","18":"first","19":"instock","20":"taxable","21":"shipping-taxable","22":"purchasable","23":"product-type-simple"},"acf":[],"_links":{"self":[{"href":"https:\/\/renovatus.si\/sl\/wp-json\/wp\/v2\/product\/20843","targetHints":{"allow":["GET"]}}],"collection":[{"href":"https:\/\/renovatus.si\/sl\/wp-json\/wp\/v2\/product"}],"about":[{"href":"https:\/\/renovatus.si\/sl\/wp-json\/wp\/v2\/types\/product"}],"replies":[{"embeddable":true,"href":"https:\/\/renovatus.si\/sl\/wp-json\/wp\/v2\/comments?post=20843"}],"wp:featuredmedia":[{"embeddable":true,"href":"https:\/\/renovatus.si\/sl\/wp-json\/wp\/v2\/media\/20844"}],"wp:attachment":[{"href":"https:\/\/renovatus.si\/sl\/wp-json\/wp\/v2\/media?parent=20843"}],"wp:term":[{"taxonomy":"product_brand","embeddable":true,"href":"https:\/\/renovatus.si\/sl\/wp-json\/wp\/v2\/product_brand?post=20843"},{"taxonomy":"product_cat","embeddable":true,"href":"https:\/\/renovatus.si\/sl\/wp-json\/wp\/v2\/product_cat?post=20843"},{"taxonomy":"product_tag","embeddable":true,"href":"https:\/\/renovatus.si\/sl\/wp-json\/wp\/v2\/product_tag?post=20843"}],"curies":[{"name":"wp","href":"https:\/\/api.w.org\/{rel}","templated":true}]}}