{"id":20849,"date":"2025-10-13T08:53:59","date_gmt":"2025-10-13T07:53:59","guid":{"rendered":"https:\/\/renovatus.si\/?product=karcher-bat-vc-6-cordless-ourfamily-battery-plus-119051"},"modified":"2026-01-28T16:27:11","modified_gmt":"2026-01-28T15:27:11","slug":"karcher-bat-vc-6-cordless-ourfamily-battery-plus-119051","status":"publish","type":"product","link":"https:\/\/renovatus.si\/sl\/izdelek\/karcher-bat-vc-6-cordless-ourfamily-battery-plus-119051\/","title":{"rendered":"K\u00e4rcher sesalnik bat. VC6 Cordless ourFamily Battery Plus \u2013 ve\u010dja mo\u010d in dalj\u0161i \u010das delovanja"},"content":{"rendered":"<p data-start=\"875\" data-end=\"1203\"><strong data-start=\"875\" data-end=\"936\">K\u00e4rcher sesalnik bat. VC6 Cordless ourFamily Battery Plus<\/strong> je zmogljiv brez\u017ei\u010dni ro\u010dni sesalnik, zasnovan za dru\u017eine, ki potrebujejo ve\u010djo mo\u010d in dalj\u0161i \u010das delovanja. Ta <strong data-start=\"1049\" data-end=\"1110\">K\u00e4rcher sesalnik bat. VC6 Cordless ourFamily Battery Plus<\/strong> omogo\u010da u\u010dinkovito \u010di\u0161\u010denje tal, preprog in te\u017eje dostopnih koti\u010dkov brez omejitev kablov.<\/p>\n<p data-start=\"1205\" data-end=\"1529\">Ergonomski ro\u010daj in uravnote\u017een dizajn zagotavljata udobno rokovanje, medtem ko visoka sesalna mo\u010d poskrbi za hitro odstranjevanje prahu, drobtin in dlak hi\u0161nih ljubljen\u010dkov. Napredna baterija Battery Plus omogo\u010da dalj\u0161e delovanje in optimalno u\u010dinkovitost pri vsakodnevnem \u010di\u0161\u010denju, kar je idealno za ve\u010dja gospodinjstva.<\/p>\n<p data-start=\"1531\" data-end=\"1806\"><strong data-start=\"1531\" data-end=\"1592\">K\u00e4rcher sesalnik bat. VC6 Cordless ourFamily Battery Plus<\/strong> vklju\u010duje posebne nastavke in \u0161\u010detke za razli\u010dne povr\u0161ine, kar omogo\u010da popolno prilagodljivost pri \u010di\u0161\u010denju. Enostavna praznitev posode za prah in vzdr\u017eevanje sesalnika omogo\u010data hiter za\u010detek naslednje uporabe.<\/p>\n<p data-start=\"1808\" data-end=\"2079\">\u010ce i\u0161\u010dete kombinacijo mo\u010di, prakti\u010dnosti in udobja, je <strong data-start=\"1863\" data-end=\"1924\">K\u00e4rcher sesalnik bat. VC6 Cordless ourFamily Battery Plus<\/strong> odli\u010dna izbira za vsako dru\u017einsko gospodinjstvo. Sesalnik zdru\u017euje trajnost, brez\u017ei\u010dnost in zmogljivost, kar zagotavlja \u010disto in urejeno bivalno okolje.<\/p>\n","protected":false},"excerpt":{"rendered":"<p>Karcher VC6 Cordless ourFamily Battery Plus \u2013 Napreden brez\u017ei\u010dni sesalnik z ve\u010djo mo\u010djo in dalj\u0161im \u010dasom delovanja.<\/p>\n","protected":false},"featured_media":20850,"comment_status":"open","ping_status":"closed","template":"","meta":{"_acf_changed":false},"product_brand":[2695],"product_cat":[2654,2651],"product_tag":[],"class_list":{"0":"post-20849","1":"product","2":"type-product","3":"status-publish","4":"has-post-thumbnail","6":"product_brand-karcher","7":"product_cat-baterijski_sesalci","8":"product_cat-sesalci","9":"pa_barva-bela","10":"pa_dodatki-obseg-dobave-pokoncni-sesalnik-baterija-univerzalna-talna-soba-z-led-diodami-ozka-soba-soba-za-oblazinjenje-in-mehka-krtaca-za-prah-2-v-1-sesalna-cev-stenski-nosilec-s-polnilno-enoto","11":"pa_mere-d-x-s-x-v-mm-235-x-266-x-1130","12":"pa_model-bat-vc-6-cordless-ourfamily-battery-plus","13":"pa_namen-uporabe-suho","14":"pa_prostornina-800-ml","15":"pa_teza-z-embalazo-58-kg","16":"pa_vrecka-posoda-posoda","18":"first","19":"instock","20":"taxable","21":"shipping-taxable","22":"purchasable","23":"product-type-simple"},"acf":[],"_links":{"self":[{"href":"https:\/\/renovatus.si\/sl\/wp-json\/wp\/v2\/product\/20849","targetHints":{"allow":["GET"]}}],"collection":[{"href":"https:\/\/renovatus.si\/sl\/wp-json\/wp\/v2\/product"}],"about":[{"href":"https:\/\/renovatus.si\/sl\/wp-json\/wp\/v2\/types\/product"}],"replies":[{"embeddable":true,"href":"https:\/\/renovatus.si\/sl\/wp-json\/wp\/v2\/comments?post=20849"}],"wp:featuredmedia":[{"embeddable":true,"href":"https:\/\/renovatus.si\/sl\/wp-json\/wp\/v2\/media\/20850"}],"wp:attachment":[{"href":"https:\/\/renovatus.si\/sl\/wp-json\/wp\/v2\/media?parent=20849"}],"wp:term":[{"taxonomy":"product_brand","embeddable":true,"href":"https:\/\/renovatus.si\/sl\/wp-json\/wp\/v2\/product_brand?post=20849"},{"taxonomy":"product_cat","embeddable":true,"href":"https:\/\/renovatus.si\/sl\/wp-json\/wp\/v2\/product_cat?post=20849"},{"taxonomy":"product_tag","embeddable":true,"href":"https:\/\/renovatus.si\/sl\/wp-json\/wp\/v2\/product_tag?post=20849"}],"curies":[{"name":"wp","href":"https:\/\/api.w.org\/{rel}","templated":true}]}}