{"id":20864,"date":"2025-10-13T08:54:10","date_gmt":"2025-10-13T07:54:10","guid":{"rendered":"https:\/\/renovatus.si\/?product=karcher-rcf-3-1-269-115824"},"modified":"2026-04-02T10:42:56","modified_gmt":"2026-04-02T09:42:56","slug":"karcher-rcf-3-1-269-115824","status":"publish","type":"product","link":"https:\/\/renovatus.si\/sl\/izdelek\/karcher-rcf-3-1-269-115824\/","title":{"rendered":"K\u00e4rcher robotski pomivalec tal RCF 3 \u2013 robotski \u010distilec tal z mokrim brisanjem"},"content":{"rendered":"<p data-start=\"789\" data-end=\"1038\"><strong data-start=\"789\" data-end=\"829\">K\u00e4rcher robotski pomivalec tal RCF 3<\/strong> je inovativna re\u0161itev za samodejno \u010di\u0161\u010denje tal doma. Ta napredni <strong data-start=\"896\" data-end=\"921\">robotski \u010distilec tal<\/strong> zdru\u017euje sesanje in mokro brisanje, kar omogo\u010da u\u010dinkovito odstranjevanje umazanije, prahu in made\u017eev brez napora.<\/p>\n<p data-start=\"1040\" data-end=\"1316\">Z inteligentnim navigacijskim sistemom <strong data-start=\"1079\" data-end=\"1119\">K\u00e4rcher robotski pomivalec tal RCF 3<\/strong> premika po prostoru samostojno, izogiba se oviram in dosega tudi te\u017eko dostopna obmo\u010dja. Zaradi kompaktne zasnove je primeren za razli\u010dne vrste tal, vklju\u010dno s plo\u0161\u010dicami, laminatom in parketom.<\/p>\n<p data-start=\"1318\" data-end=\"1567\">RCF 3 omogo\u010da nastavitev intenzivnosti \u010di\u0161\u010denja, \u010dasovno programiranje in prilagajanje urnika glede na potrebe uporabnika. Robotski pomivalec tal je enostaven za upravljanje preko intuitivnega vmesnika, kar zagotavlja popolno uporabni\u0161ko izku\u0161njo.<\/p>\n<p data-start=\"1569\" data-end=\"1764\">Z <strong data-start=\"1571\" data-end=\"1611\">K\u00e4rcher robotski pomivalec tal RCF 3<\/strong> je va\u0161 dom vedno \u010dist in sve\u017e, brez ro\u010dnega brisanja. Idealno za dru\u017eine, ki i\u0161\u010dejo kombinacijo u\u010dinkovitosti in udobja pri vsakodnevnem \u010di\u0161\u010denju tal.<\/p>\n","protected":false},"excerpt":{"rendered":"<p>Karcher RCF 3 \u2013 Robotski pomivalec tal z mokrim brisanjem za sijo\u010de \u010diste povr\u0161ine brez truda.<\/p>\n","protected":false},"featured_media":20865,"comment_status":"open","ping_status":"closed","template":"","meta":{"_acf_changed":false},"product_brand":[2695],"product_cat":[2655,2651],"product_tag":[],"class_list":{"0":"post-20864","1":"product","2":"type-product","3":"status-publish","4":"has-post-thumbnail","6":"product_brand-karcher","7":"product_cat-robotski_sesalci","8":"product_cat-sesalci","9":"pa_barva-bela","10":"pa_dodatki-obseg-dobave-robotski-sesalnik-2-x-valj-iz-mikrovlaken-orodje-za-ciscenje-rezervoar-za-cisto-in-rezervoar-za-umazano-vodo-polnilna-postaja","11":"pa_mere-mere-robota-za-brisanje-d-x-v-mm340-x-120-mere-polnilna-postaja-d-x-s-x-v-mm142-x-153-x-124","12":"pa_model-rcf-3-1-269","13":"pa_namen-uporabe-mokro","14":"pa_rezervoar-za-vodo-430-ml","15":"pa_teza-z-embalazo-72-kg","16":"pa_vrecka-posoda-posoda","18":"first","19":"instock","20":"taxable","21":"shipping-taxable","22":"purchasable","23":"product-type-simple"},"acf":[],"_links":{"self":[{"href":"https:\/\/renovatus.si\/sl\/wp-json\/wp\/v2\/product\/20864","targetHints":{"allow":["GET"]}}],"collection":[{"href":"https:\/\/renovatus.si\/sl\/wp-json\/wp\/v2\/product"}],"about":[{"href":"https:\/\/renovatus.si\/sl\/wp-json\/wp\/v2\/types\/product"}],"replies":[{"embeddable":true,"href":"https:\/\/renovatus.si\/sl\/wp-json\/wp\/v2\/comments?post=20864"}],"wp:featuredmedia":[{"embeddable":true,"href":"https:\/\/renovatus.si\/sl\/wp-json\/wp\/v2\/media\/20865"}],"wp:attachment":[{"href":"https:\/\/renovatus.si\/sl\/wp-json\/wp\/v2\/media?parent=20864"}],"wp:term":[{"taxonomy":"product_brand","embeddable":true,"href":"https:\/\/renovatus.si\/sl\/wp-json\/wp\/v2\/product_brand?post=20864"},{"taxonomy":"product_cat","embeddable":true,"href":"https:\/\/renovatus.si\/sl\/wp-json\/wp\/v2\/product_cat?post=20864"},{"taxonomy":"product_tag","embeddable":true,"href":"https:\/\/renovatus.si\/sl\/wp-json\/wp\/v2\/product_tag?post=20864"}],"curies":[{"name":"wp","href":"https:\/\/api.w.org\/{rel}","templated":true}]}}