{"id":20899,"date":"2025-10-15T08:03:33","date_gmt":"2025-10-15T07:03:33","guid":{"rendered":"https:\/\/renovatus.si\/?product=sony-hts20r-106609-2"},"modified":"2025-11-05T12:13:03","modified_gmt":"2025-11-05T11:13:03","slug":"sony-hts20r-106609-2","status":"publish","type":"product","link":"https:\/\/renovatus.si\/sl\/izdelek\/sony-hts20r-106609-2\/","title":{"rendered":"Sony HT-S20R \u2013 5.1-kanalni soundbar sistem s prostorskim zvokom in nizkotoncem"},"content":{"rendered":"<p data-start=\"770\" data-end=\"1137\"><strong data-start=\"770\" data-end=\"786\">Sony HT-S20R<\/strong> je zmogljiv <strong data-start=\"799\" data-end=\"830\">5.1-kanalni soundbar sistem<\/strong>, ki prina\u0161a resni\u010den prostorski zvok v va\u0161 dom. S kombinacijo soundbara, dveh zadnjih zvo\u010dnikov in lo\u010denega nizkotonca ustvari pristno kino vzdu\u0161je v dnevni sobi. Zahvaljujo\u010d <strong data-start=\"1006\" data-end=\"1028\">400 W izhodne mo\u010di<\/strong> in tehnologiji <strong data-start=\"1044\" data-end=\"1061\">Dolby Digital<\/strong>, ta sistem zagotavlja jasen, uravnote\u017een in mo\u010dan zvok v vsakem trenutku.<\/p>\n<p data-start=\"1139\" data-end=\"1505\">Sistem <strong data-start=\"1146\" data-end=\"1162\">Sony HT-S20R<\/strong> omogo\u010da ve\u010d na\u010dinov povezovanja, vklju\u010dno z <strong data-start=\"1207\" data-end=\"1219\">HDMI ARC<\/strong>, <strong data-start=\"1221\" data-end=\"1242\">optikalnim vhodom<\/strong>, <strong data-start=\"1244\" data-end=\"1251\">USB<\/strong> in <strong data-start=\"1255\" data-end=\"1268\">Bluetooth<\/strong> brez\u017ei\u010dno povezavo, kar omogo\u010da enostavno predvajanje glasbe ali filmov iz razli\u010dnih naprav. S funkcijo <strong data-start=\"1373\" data-end=\"1390\">plug and play<\/strong> je postavitev preprosta \u2013 priklopite, pove\u017eite in u\u017eivajte v visokokakovostnem zvoku brez zapletenih nastavitev.<\/p>\n<p data-start=\"1507\" data-end=\"1828\">Soundbar <strong data-start=\"1516\" data-end=\"1532\">Sony HT-S20R<\/strong> je zasnovan z mislijo na udobje in estetiko. Njegov eleganten \u010drn dizajn se lepo poda k vsakemu televizorju in notranji opremi. S prilo\u017eenim daljinskim upravljalnikom lahko preklapljate med na\u010dini zvoka, kot so kino, glasba, standardni ali no\u010dni na\u010din, da prilagodite izku\u0161njo svojim potrebam.<\/p>\n<p data-start=\"1830\" data-end=\"2019\">\u010ce i\u0161\u010dete cenovno dostopen, a zmogljiv <strong data-start=\"1869\" data-end=\"1894\">5.1 prostorski sistem<\/strong>, je <strong data-start=\"1899\" data-end=\"1915\">Sony HT-S20R<\/strong> idealna izbira za ljubitelje filmov, serij in glasbe, ki \u017eelijo do\u017eiveti resni\u010den surround zvok doma.<\/p>\n","protected":false},"excerpt":{"rendered":"<p>5.1-kanalni Sony HT-S20R soundbar s prostorskim zvokom in nizkotoncem, ki ustvari pravo kino vzdu\u0161je v va\u0161em domu.<\/p>\n","protected":false},"featured_media":20878,"comment_status":"open","ping_status":"closed","template":"","meta":{"_acf_changed":false},"product_brand":[2623],"product_cat":[2823],"product_tag":[],"class_list":{"0":"post-20899","1":"product","2":"type-product","3":"status-publish","4":"has-post-thumbnail","6":"product_brand-sony","7":"product_cat-soundbar","8":"pa_barva-crna","9":"pa_bluetooth-da","10":"pa_dolby-avdio-da","11":"pa_kanalni-sistem-5-1-kanalni-sistem","12":"pa_model-hts20r","13":"pa_moznost-pritrditve-na-steno-da","14":"pa_opticni-prikljucek-da","15":"pa_prikljucek-hdmi-da","16":"pa_prikljucek-usb-da","17":"pa_skupna-izhodna-moc-400-w","19":"first","20":"instock","21":"taxable","22":"shipping-taxable","23":"purchasable","24":"product-type-simple"},"acf":[],"_links":{"self":[{"href":"https:\/\/renovatus.si\/sl\/wp-json\/wp\/v2\/product\/20899","targetHints":{"allow":["GET"]}}],"collection":[{"href":"https:\/\/renovatus.si\/sl\/wp-json\/wp\/v2\/product"}],"about":[{"href":"https:\/\/renovatus.si\/sl\/wp-json\/wp\/v2\/types\/product"}],"replies":[{"embeddable":true,"href":"https:\/\/renovatus.si\/sl\/wp-json\/wp\/v2\/comments?post=20899"}],"wp:featuredmedia":[{"embeddable":true,"href":"https:\/\/renovatus.si\/sl\/wp-json\/wp\/v2\/media\/20878"}],"wp:attachment":[{"href":"https:\/\/renovatus.si\/sl\/wp-json\/wp\/v2\/media?parent=20899"}],"wp:term":[{"taxonomy":"product_brand","embeddable":true,"href":"https:\/\/renovatus.si\/sl\/wp-json\/wp\/v2\/product_brand?post=20899"},{"taxonomy":"product_cat","embeddable":true,"href":"https:\/\/renovatus.si\/sl\/wp-json\/wp\/v2\/product_cat?post=20899"},{"taxonomy":"product_tag","embeddable":true,"href":"https:\/\/renovatus.si\/sl\/wp-json\/wp\/v2\/product_tag?post=20899"}],"curies":[{"name":"wp","href":"https:\/\/api.w.org\/{rel}","templated":true}]}}