{"id":20902,"date":"2025-10-15T08:03:41","date_gmt":"2025-10-15T07:03:41","guid":{"rendered":"https:\/\/renovatus.si\/?product=hisense-hs2100-117282-2"},"modified":"2026-01-16T17:44:58","modified_gmt":"2026-01-16T16:44:58","slug":"hisense-hs2100-117282-2","status":"publish","type":"product","link":"https:\/\/renovatus.si\/sl\/izdelek\/hisense-hs2100-117282-2\/","title":{"rendered":"Hisense HS2100 \u2013 kompaktna 2.1 zvo\u010dna vrstica z brez\u017ei\u010dnim nizkotoncem"},"content":{"rendered":"<p data-start=\"738\" data-end=\"1052\"><strong data-start=\"738\" data-end=\"756\">Hisense HS2100<\/strong> je elegantna in kompaktna <strong data-start=\"783\" data-end=\"813\">2.1-kanalna zvo\u010dna vrstica<\/strong>, zasnovana za izbolj\u0161anje kakovosti zvoka va\u0161ega televizorja. Z vgrajenim <strong data-start=\"888\" data-end=\"914\">brez\u017ei\u010dnim nizkotoncem<\/strong> ponuja globoke base in uravnote\u017een zvok, ki napolni vsak prostor \u2013 ne glede na to, ali gledate filme, poslu\u0161ate glasbo ali igrate igre.<\/p>\n<p data-start=\"1054\" data-end=\"1365\">Z izhodno mo\u010djo 240 W ta soundbar zagotavlja impresivno zvo\u010dno izku\u0161njo, medtem ko tehnologija <strong data-start=\"1149\" data-end=\"1162\">Bluetooth<\/strong> omogo\u010da brez\u017ei\u010dno povezovanje z va\u0161imi pametnimi napravami. Hisense HS2100 vklju\u010duje tudi <strong data-start=\"1253\" data-end=\"1265\">HDMI ARC<\/strong> povezavo, kar omogo\u010da enostavno upravljanje z enim daljincem in hitro integracijo s televizorjem.<\/p>\n<p data-start=\"1367\" data-end=\"1609\">Kompaktna zasnova omogo\u010da diskretno namestitev pod televizor ali na steno, kar poskrbi za sodoben in urejen videz dnevne sobe. Poleg mo\u010dnega zvoka ponuja tudi mo\u017enost prilagajanja nastavitev zvoka za razli\u010dne vsebine \u2013 od glasbe do dialoga.<\/p>\n<p data-start=\"1611\" data-end=\"1775\">\u010ce i\u0161\u010dete razmerje med zmogljivostjo, kakovostjo in ceno, je <strong data-start=\"1672\" data-end=\"1690\">Hisense HS2100<\/strong> idealna izbira za tiste, ki \u017eelijo izbolj\u0161ati svoj zvo\u010dni sistem brez kompromisov.<\/p>\n","protected":false},"excerpt":{"rendered":"<p>Hisense HS2100 je 2.1-kanalna zvo\u010dna vrstica z brez\u017ei\u010dnim nizkotoncem za jasen zvok in mo\u010dne nizke tone.<\/p>\n","protected":false},"featured_media":20884,"comment_status":"open","ping_status":"closed","template":"","meta":{"_acf_changed":false},"product_brand":[2543],"product_cat":[2823],"product_tag":[],"class_list":{"0":"post-20902","1":"product","2":"type-product","3":"status-publish","4":"has-post-thumbnail","6":"product_brand-hisense","7":"product_cat-soundbar","8":"pa_barva-crna","9":"pa_bluetooth-da","10":"pa_dolby-avdio-da","11":"pa_kanalni-sistem-2-1-kanalni-sistem","12":"pa_model-hs2100","13":"pa_moznost-pritrditve-na-steno-da","14":"pa_opticni-prikljucek-da","15":"pa_prikljucek-hdmi-da","16":"pa_prikljucek-usb-da","17":"pa_skupna-izhodna-moc-240-w","18":"pa_stevilo-pc-avdio-vhodov-2850","19":"pa_vkljucena-oprema-stenski-nosilec-daljinski-upravljalnik-baterije-2xaaa-hdmi-kabel","21":"first","22":"outofstock","23":"taxable","24":"shipping-taxable","25":"purchasable","26":"product-type-simple"},"acf":[],"_links":{"self":[{"href":"https:\/\/renovatus.si\/sl\/wp-json\/wp\/v2\/product\/20902","targetHints":{"allow":["GET"]}}],"collection":[{"href":"https:\/\/renovatus.si\/sl\/wp-json\/wp\/v2\/product"}],"about":[{"href":"https:\/\/renovatus.si\/sl\/wp-json\/wp\/v2\/types\/product"}],"replies":[{"embeddable":true,"href":"https:\/\/renovatus.si\/sl\/wp-json\/wp\/v2\/comments?post=20902"}],"wp:featuredmedia":[{"embeddable":true,"href":"https:\/\/renovatus.si\/sl\/wp-json\/wp\/v2\/media\/20884"}],"wp:attachment":[{"href":"https:\/\/renovatus.si\/sl\/wp-json\/wp\/v2\/media?parent=20902"}],"wp:term":[{"taxonomy":"product_brand","embeddable":true,"href":"https:\/\/renovatus.si\/sl\/wp-json\/wp\/v2\/product_brand?post=20902"},{"taxonomy":"product_cat","embeddable":true,"href":"https:\/\/renovatus.si\/sl\/wp-json\/wp\/v2\/product_cat?post=20902"},{"taxonomy":"product_tag","embeddable":true,"href":"https:\/\/renovatus.si\/sl\/wp-json\/wp\/v2\/product_tag?post=20902"}],"curies":[{"name":"wp","href":"https:\/\/api.w.org\/{rel}","templated":true}]}}