{"id":20903,"date":"2025-10-15T08:03:41","date_gmt":"2025-10-15T07:03:41","guid":{"rendered":"https:\/\/renovatus.si\/?product=hisense-ax5125h-119345-2"},"modified":"2026-04-21T08:46:03","modified_gmt":"2026-04-21T07:46:03","slug":"hisense-ax5125h-119345-2","status":"publish","type":"product","link":"https:\/\/renovatus.si\/sl\/izdelek\/hisense-ax5125h-119345-2\/","title":{"rendered":"Hisense AX5125H \u2013 5.1.2-kanalni soundbar z Dolby Atmos in Bluetooth povezavo"},"content":{"rendered":"<p data-start=\"704\" data-end=\"990\"><strong data-start=\"704\" data-end=\"723\">Hisense AX5125H<\/strong> je napreden 5.1.2-kanalni soundbar sistem, zasnovan za popolno doma\u010do kino izku\u0161njo. S podporo <strong data-start=\"819\" data-end=\"834\">Dolby Atmos<\/strong> ponuja izjemen prostorski zvok, ki vas obdaja z vsako noto, u\u010dinkovito reproducira visoke, srednje in nizke tone ter ustvari realisti\u010dno zvokovno okolje.<\/p>\n<p data-start=\"992\" data-end=\"1332\">Sistem vklju\u010duje <strong data-start=\"1009\" data-end=\"1031\">Bluetooth povezavo<\/strong>, kar omogo\u010da brez\u017ei\u010dno predvajanje glasbe iz pametnih telefonov, tablic ali ra\u010dunalnikov, brez nepotrebnih kablov. Hisense AX5125H je enostaven za namestitev in estetsko dopolnjuje vsak dnevni prostor ali medijsko sobo, hkrati pa omogo\u010da enostavno upravljanje s televizorjem prek HDMI ARC povezave.<\/p>\n<p data-start=\"1334\" data-end=\"1660\">Soundbar je idealen za filme, glasbo in \u0161portne vsebine, saj zagotavlja kristalno jasen dialog, mo\u010dne bas linije in bogato zvo\u010dno izku\u0161njo, ki nadgradi vsak trenutek. <strong data-start=\"1501\" data-end=\"1520\">Hisense AX5125H<\/strong> je popolna izbira za tiste, ki \u017eelijo zdru\u017eiti visoko kakovost zvoka, napredno tehnologijo in brez\u017ei\u010dno udobje v enem elegantnem sistemu.<\/p>\n","protected":false},"excerpt":{"rendered":"<p>Hisense AX5125H 5.1.2 soundbar z Dolby Atmos tehnologijo prina\u0161a prostorski zvok, ki vas popolnoma potopi v dogajanje.<\/p>\n","protected":false},"featured_media":20886,"comment_status":"open","ping_status":"closed","template":"","meta":{"_acf_changed":false},"product_brand":[2543],"product_cat":[2823],"product_tag":[],"class_list":{"0":"post-20903","1":"product","2":"type-product","3":"status-publish","4":"has-post-thumbnail","6":"product_brand-hisense","7":"product_cat-soundbar","8":"pa_barva-crna","9":"pa_bluetooth-da","10":"pa_dolby-avdio-da","11":"pa_kanalni-sistem-5-1-2-kanalni-sistem","12":"pa_model-ax5125h","13":"pa_moznost-pritrditve-na-steno-da","14":"pa_opticni-prikljucek-da","15":"pa_prikljucek-hdmi-da","16":"pa_prikljucek-usb-da","17":"pa_skupna-izhodna-moc-500-w","18":"pa_stevilo-pc-avdio-vhodov-2850","19":"pa_vkljucena-oprema-stenski-nosilec-daljinski-upravljalnik-baterije-2xaaa-hdmi-kabel-opticni-kabel-l1500","21":"first","22":"instock","23":"taxable","24":"shipping-taxable","25":"purchasable","26":"product-type-simple"},"acf":[],"_links":{"self":[{"href":"https:\/\/renovatus.si\/sl\/wp-json\/wp\/v2\/product\/20903","targetHints":{"allow":["GET"]}}],"collection":[{"href":"https:\/\/renovatus.si\/sl\/wp-json\/wp\/v2\/product"}],"about":[{"href":"https:\/\/renovatus.si\/sl\/wp-json\/wp\/v2\/types\/product"}],"replies":[{"embeddable":true,"href":"https:\/\/renovatus.si\/sl\/wp-json\/wp\/v2\/comments?post=20903"}],"wp:featuredmedia":[{"embeddable":true,"href":"https:\/\/renovatus.si\/sl\/wp-json\/wp\/v2\/media\/20886"}],"wp:attachment":[{"href":"https:\/\/renovatus.si\/sl\/wp-json\/wp\/v2\/media?parent=20903"}],"wp:term":[{"taxonomy":"product_brand","embeddable":true,"href":"https:\/\/renovatus.si\/sl\/wp-json\/wp\/v2\/product_brand?post=20903"},{"taxonomy":"product_cat","embeddable":true,"href":"https:\/\/renovatus.si\/sl\/wp-json\/wp\/v2\/product_cat?post=20903"},{"taxonomy":"product_tag","embeddable":true,"href":"https:\/\/renovatus.si\/sl\/wp-json\/wp\/v2\/product_tag?post=20903"}],"curies":[{"name":"wp","href":"https:\/\/api.w.org\/{rel}","templated":true}]}}