{"id":20959,"date":"2025-10-15T12:31:01","date_gmt":"2025-10-15T11:31:01","guid":{"rendered":"https:\/\/renovatus.si\/?product=huawei-gt-5-117217"},"modified":"2025-11-11T18:20:02","modified_gmt":"2025-11-11T17:20:02","slug":"huawei-watch-gt-5-46mm-modra-pametna-ura-sport","status":"publish","type":"product","link":"https:\/\/renovatus.si\/sl\/izdelek\/huawei-watch-gt-5-46mm-modra-pametna-ura-sport\/","title":{"rendered":"Huawei Watch GT 5 46mm modra pametna ura za \u0161port"},"content":{"rendered":"<p data-start=\"781\" data-end=\"1053\"><strong data-start=\"781\" data-end=\"825\">Huawei Watch GT 5 46mm modra pametna ura<\/strong> je idealna za \u0161portnike in vse, ki \u017eelijo natan\u010dno spremljati svoje aktivnosti in izbolj\u0161ati zdrav \u017eivljenjski slog. Z vrhunskim <strong data-start=\"955\" data-end=\"974\">AMOLED zaslonom<\/strong> prina\u0161a jasen in \u017eiv prikaz podatkov, ki je odli\u010dno berljiv tudi na prostem.<\/p>\n<p data-start=\"1055\" data-end=\"1350\"><strong data-start=\"1055\" data-end=\"1099\">Huawei Watch GT 5 46mm modra pametna ura<\/strong> omogo\u010da spremljanje vseh pomembnih parametrov, vklju\u010dno s koraki, porabljenimi kalorijami, sr\u010dnim utripom, spanjem in stresom. Podpira \u0161tevilne \u0161portne na\u010dine, kot so tek, kolesarjenje, plavanje in \u0161e ve\u010d, kar omogo\u010da celovito spremljanje napredka.<\/p>\n<p data-start=\"1352\" data-end=\"1535\">Napreden <strong data-start=\"1361\" data-end=\"1368\">GPS<\/strong> omogo\u010da natan\u010dno sledenje poti, hitrosti in razdalje, medtem ko funkcija za obvestila omogo\u010da prejemanje klicev, sporo\u010dil in drugih obvestil neposredno na zapestju.<\/p>\n<p data-start=\"1537\" data-end=\"1777\">Z <strong data-start=\"1539\" data-end=\"1574\">dolgo \u017eivljenjsko dobo baterije<\/strong> je <strong data-start=\"1578\" data-end=\"1622\">Huawei Watch GT 5 46mm modra pametna ura<\/strong> zanesljiva za ve\u010d dni uporabe brez polnjenja. Tanek in eleganten dizajn omogo\u010da uporabo ure tako pri \u0161portu kot pri vsakodnevnih opravilih ali v slu\u017ebi.<\/p>\n<p data-start=\"1779\" data-end=\"1950\">\u010ce i\u0161\u010dete pametno uro, ki zdru\u017euje zmogljivost, \u0161portne funkcije in eleganten videz, je <strong data-start=\"1867\" data-end=\"1911\">Huawei Watch GT 5 46mm modra pametna ura<\/strong> popolna izbira za aktivno \u017eivljenje.<\/p>\n","protected":false},"excerpt":{"rendered":"<p>Huawei Watch GT 5 46mm modra \u2013 \u0160portna pametna ura z dolgo baterijo in naprednim merjenjem aktivnosti.<\/p>\n","protected":false},"featured_media":20960,"comment_status":"open","ping_status":"closed","template":"","meta":{"_acf_changed":false},"product_brand":[2442],"product_cat":[2857],"product_tag":[],"class_list":{"0":"post-20959","1":"product","2":"type-product","3":"status-publish","4":"has-post-thumbnail","6":"product_brand-huawei","7":"product_cat-pametne_ure","8":"pa_baterija-524-mah","9":"pa_dimenzije-ohisje-458-x-458-x-107-mm-pas-fluoroelastomer-pas-dolzina-140-210-mm","10":"pa_model-gt-5","11":"pa_povezljivost-bluetooth","12":"pa_razpolozljivost-aplikacije-z-android-in-ios","13":"pa_vodoodpornost-ip68","14":"pa_zaslon-2881","16":"first","17":"instock","18":"taxable","19":"shipping-taxable","20":"purchasable","21":"product-type-simple"},"acf":[],"_links":{"self":[{"href":"https:\/\/renovatus.si\/sl\/wp-json\/wp\/v2\/product\/20959","targetHints":{"allow":["GET"]}}],"collection":[{"href":"https:\/\/renovatus.si\/sl\/wp-json\/wp\/v2\/product"}],"about":[{"href":"https:\/\/renovatus.si\/sl\/wp-json\/wp\/v2\/types\/product"}],"replies":[{"embeddable":true,"href":"https:\/\/renovatus.si\/sl\/wp-json\/wp\/v2\/comments?post=20959"}],"wp:featuredmedia":[{"embeddable":true,"href":"https:\/\/renovatus.si\/sl\/wp-json\/wp\/v2\/media\/20960"}],"wp:attachment":[{"href":"https:\/\/renovatus.si\/sl\/wp-json\/wp\/v2\/media?parent=20959"}],"wp:term":[{"taxonomy":"product_brand","embeddable":true,"href":"https:\/\/renovatus.si\/sl\/wp-json\/wp\/v2\/product_brand?post=20959"},{"taxonomy":"product_cat","embeddable":true,"href":"https:\/\/renovatus.si\/sl\/wp-json\/wp\/v2\/product_cat?post=20959"},{"taxonomy":"product_tag","embeddable":true,"href":"https:\/\/renovatus.si\/sl\/wp-json\/wp\/v2\/product_tag?post=20959"}],"curies":[{"name":"wp","href":"https:\/\/api.w.org\/{rel}","templated":true}]}}