{"id":21017,"date":"2025-10-16T10:45:45","date_gmt":"2025-10-16T09:45:45","guid":{"rendered":"https:\/\/renovatus.si\/?product=epson-ecotank-l6260-prtep00015"},"modified":"2025-10-28T09:03:49","modified_gmt":"2025-10-28T08:03:49","slug":"epson-ecotank-l6260-prtep00015","status":"publish","type":"product","link":"https:\/\/renovatus.si\/sl\/izdelek\/epson-ecotank-l6260-prtep00015\/","title":{"rendered":"Brizgalni tiskalnik EPSON EcoTank L6260 -ve\u010dfunkcijski"},"content":{"rendered":"<p>Epson EcoTank L6260 je zmogljiv ve\u010dfunkcijski brizgalni tiskalnik, ki zdru\u017euje visoko produktivnost, nizke stro\u0161ke in priro\u010dno uporabo. Zahvaljujo\u010d EcoTank sistemu s polnjenjem \u010drnila iz stekleni\u010dk ponuja izjemno ugodno tiskanje in visoko kapaciteto brez pogostih menjav. Namenjen je manj\u0161im podjetjem, doma\u010dim pisarnam in vsem, ki potrebujejo zanesljivo napravo z visoko u\u010dinkovitostjo. Tiskalnik omogo\u010da hitro tiskanje dokumentov, barvno in \u010drno-belo, z ostrimi podrobnostmi. Vgrajena je funkcija samodejnega obojestranskega tiskanja, kar dodatno prihrani papir in \u010das. Poleg tega ima Epson EcoTank L6260 2,4-pal\u010dni barvni LCD zaslon za preprosto upravljanje in Wi-Fi povezljivost za brez\u017ei\u010dno delo iz ra\u010dunalnikov, tablic in telefonov.<\/p>\n","protected":false},"excerpt":{"rendered":"<p>Zanesljiv Epson EcoTank L6260 prina\u0161a hitro tiskanje, nizke stro\u0161ke na stran in funkcije 3-v-1. Podpira obojestransko tiskanje in brez\u017ei\u010dno povezljivost, popoln za manj\u0161a podjetja.<\/p>\n","protected":false},"featured_media":20412,"comment_status":"open","ping_status":"closed","template":"","meta":{"_acf_changed":false},"product_brand":[2394],"product_cat":[2392],"product_tag":[],"class_list":{"0":"post-21017","1":"product","2":"type-product","3":"status-publish","4":"has-post-thumbnail","6":"product_brand-epson","7":"product_cat-tiskalnik","8":"pa_brezzicna-povezava-da","9":"pa_faks-ne","10":"pa_locljivost-tiskanja-4800-x-1200","11":"pa_model-ecotank-l6260","12":"pa_najvecji-format-izpisa-a4","13":"pa_obojestransko-da","15":"first","16":"outofstock","17":"taxable","18":"shipping-taxable","19":"purchasable","20":"product-type-simple"},"acf":[],"_links":{"self":[{"href":"https:\/\/renovatus.si\/sl\/wp-json\/wp\/v2\/product\/21017","targetHints":{"allow":["GET"]}}],"collection":[{"href":"https:\/\/renovatus.si\/sl\/wp-json\/wp\/v2\/product"}],"about":[{"href":"https:\/\/renovatus.si\/sl\/wp-json\/wp\/v2\/types\/product"}],"replies":[{"embeddable":true,"href":"https:\/\/renovatus.si\/sl\/wp-json\/wp\/v2\/comments?post=21017"}],"wp:featuredmedia":[{"embeddable":true,"href":"https:\/\/renovatus.si\/sl\/wp-json\/wp\/v2\/media\/20412"}],"wp:attachment":[{"href":"https:\/\/renovatus.si\/sl\/wp-json\/wp\/v2\/media?parent=21017"}],"wp:term":[{"taxonomy":"product_brand","embeddable":true,"href":"https:\/\/renovatus.si\/sl\/wp-json\/wp\/v2\/product_brand?post=21017"},{"taxonomy":"product_cat","embeddable":true,"href":"https:\/\/renovatus.si\/sl\/wp-json\/wp\/v2\/product_cat?post=21017"},{"taxonomy":"product_tag","embeddable":true,"href":"https:\/\/renovatus.si\/sl\/wp-json\/wp\/v2\/product_tag?post=21017"}],"curies":[{"name":"wp","href":"https:\/\/api.w.org\/{rel}","templated":true}]}}