{"id":21047,"date":"2025-10-16T11:34:56","date_gmt":"2025-10-16T10:34:56","guid":{"rendered":"https:\/\/renovatus.si\/?product=hp-255-g10-r7-nb15hp00093"},"modified":"2025-11-30T17:29:51","modified_gmt":"2025-11-30T16:29:51","slug":"hp-255-g10-prenosnik","status":"publish","type":"product","link":"https:\/\/renovatus.si\/sl\/izdelek\/hp-255-g10-prenosnik\/","title":{"rendered":"HP 255 G10 prenosnik \u2013 zmogljiv Ryzen 7 prenosnik s 16GB RAM in 512GB SSD"},"content":{"rendered":"<p data-start=\"725\" data-end=\"1099\"><strong data-start=\"725\" data-end=\"749\">HP 255 G10 prenosnik<\/strong> je zasnovan za uporabnike, ki potrebujejo zmogljivost, zanesljivost in eleganco v enem. Poganja ga napreden <strong data-start=\"858\" data-end=\"882\">AMD Ryzen 7 procesor<\/strong>, ki v kombinaciji s <strong data-start=\"903\" data-end=\"916\">16 GB RAM<\/strong> pomnilnika zagotavlja izjemno hitrost in teko\u010de delovanje tudi pri ve\u010dopravilnosti. S <strong data-start=\"1003\" data-end=\"1017\">512 GB SSD<\/strong> diskom se sistem zaganja v trenutku, kar omogo\u010da produktivno delo brez \u010dakanja.<\/p>\n<p data-start=\"1101\" data-end=\"1325\">Zaslon <strong data-start=\"1108\" data-end=\"1131\">15,6-pal\u010dni FHD SVA<\/strong> nudi ostro sliko in \u017eivahne barve, idealne za delo, \u0161tudij ali gledanje filmov. Prenosnik <strong data-start=\"1222\" data-end=\"1236\">HP 255 G10<\/strong> ima name\u0161\u010den <strong data-start=\"1250\" data-end=\"1269\">Windows 11 Home<\/strong>, ki zagotavlja moderno in varno uporabni\u0161ko izku\u0161njo.<\/p>\n<p data-start=\"1327\" data-end=\"1643\">Srebrno ohi\u0161je daje profesionalen videz, hkrati pa ohranja nizko te\u017eo in kompaktnost za prenosljivost na poti. Z dolgo \u017eivljenjsko dobo baterije in naprednimi priklju\u010dki USB-C, HDMI ter Wi-Fi 6, je <strong data-start=\"1525\" data-end=\"1549\">HP 255 G10 prenosnik<\/strong> popoln spremljevalec za vsakodnevne izzive \u2013 od dela v pisarni do \u0161tudija in prostega \u010dasa.<\/p>\n","protected":false},"excerpt":{"rendered":"<p>HP 255 G10 z zmogljivim Ryzen 7 procesorjem, 16GB RAM in 512GB SSD diskom je odli\u010dna izbira za zahtevne uporabnike in podjetja.<\/p>\n","protected":false},"featured_media":21048,"comment_status":"open","ping_status":"closed","template":"","meta":{"_acf_changed":false},"product_brand":[253],"product_cat":[2245],"product_tag":[],"class_list":{"0":"post-21047","1":"product","2":"type-product","3":"status-publish","4":"has-post-thumbnail","6":"product_brand-hp","7":"product_cat-prenosni-racunalniki-2","8":"pa_generacija-procesorja-amd-ryzen-7-7730u","9":"pa_model-255-g10-r7","10":"pa_os-windows-11-home","11":"pa_podpira-windows-11-da","12":"pa_resolucija-fhd","13":"pa_spletna-kamera-da","14":"pa_tip-diska-nvme-ssd","15":"pa_velikost-diska-512-gb","17":"first","18":"outofstock","19":"taxable","20":"shipping-taxable","21":"purchasable","22":"product-type-simple"},"acf":[],"_links":{"self":[{"href":"https:\/\/renovatus.si\/sl\/wp-json\/wp\/v2\/product\/21047","targetHints":{"allow":["GET"]}}],"collection":[{"href":"https:\/\/renovatus.si\/sl\/wp-json\/wp\/v2\/product"}],"about":[{"href":"https:\/\/renovatus.si\/sl\/wp-json\/wp\/v2\/types\/product"}],"replies":[{"embeddable":true,"href":"https:\/\/renovatus.si\/sl\/wp-json\/wp\/v2\/comments?post=21047"}],"wp:featuredmedia":[{"embeddable":true,"href":"https:\/\/renovatus.si\/sl\/wp-json\/wp\/v2\/media\/21048"}],"wp:attachment":[{"href":"https:\/\/renovatus.si\/sl\/wp-json\/wp\/v2\/media?parent=21047"}],"wp:term":[{"taxonomy":"product_brand","embeddable":true,"href":"https:\/\/renovatus.si\/sl\/wp-json\/wp\/v2\/product_brand?post=21047"},{"taxonomy":"product_cat","embeddable":true,"href":"https:\/\/renovatus.si\/sl\/wp-json\/wp\/v2\/product_cat?post=21047"},{"taxonomy":"product_tag","embeddable":true,"href":"https:\/\/renovatus.si\/sl\/wp-json\/wp\/v2\/product_tag?post=21047"}],"curies":[{"name":"wp","href":"https:\/\/api.w.org\/{rel}","templated":true}]}}