{"id":21377,"date":"2025-10-28T07:10:57","date_gmt":"2025-10-28T06:10:57","guid":{"rendered":"https:\/\/renovatus.si\/?product=karcher-k7-prem-smart-control-flex-118027"},"modified":"2026-01-16T18:06:15","modified_gmt":"2026-01-16T17:06:15","slug":"karcher-k7-prem-smart-control-flex-118027","status":"publish","type":"product","link":"https:\/\/renovatus.si\/sl\/izdelek\/karcher-k7-prem-smart-control-flex-118027\/","title":{"rendered":"K\u00e4rcher visokotla\u010dni \u010distilec K7 Premium Smart Control Flex \u2013 zmogljiv \u010distilec z aplikacijo K\u00e4rcher Home &#038; Garden"},"content":{"rendered":"<p data-start=\"973\" data-end=\"1353\"><strong data-start=\"973\" data-end=\"1036\">K\u00e4rcher visokotla\u010dni \u010distilec K7 Premium Smart Control Flex<\/strong> je vrhunski visokotla\u010dni \u010distilec, zasnovan za uporabnike, ki i\u0161\u010dejo zmogljivost, natan\u010dnost in digitalno kontrolo \u010di\u0161\u010denja. Ta model omogo\u010da povezavo z aplikacijo <strong data-start=\"1201\" data-end=\"1226\">K\u00e4rcher Home &amp; Garden<\/strong>, kar omogo\u010da pametno upravljanje tlaka in izbiro razli\u010dnih na\u010dinov \u010di\u0161\u010denja neposredno preko pametnega telefona ali tablice.<\/p>\n<p data-start=\"1355\" data-end=\"1667\">Z nastavljivo fleksibilno cevjo <strong data-start=\"1387\" data-end=\"1395\">Flex<\/strong>, mo\u010dnim curkom in mo\u017enostjo prilagajanja tlaka lahko brez te\u017eav o\u010distite fasade, terase, dvori\u0161\u010da, avtomobile ali vrtno opremo. Digitalni nadzor omogo\u010da varno in u\u010dinkovito \u010di\u0161\u010denje ob\u010dutljivih povr\u0161in, hkrati pa ohranja profesionalno mo\u010d curka za trdovratno umazanijo.<\/p>\n<p data-start=\"1669\" data-end=\"1949\">Ergonomska zasnova in kompaktna oblika \u010distilca omogo\u010data enostavno rokovanje, shranjevanje in prena\u0161anje. <strong data-start=\"1776\" data-end=\"1839\">K\u00e4rcher visokotla\u010dni \u010distilec K7 Premium Smart Control Flex<\/strong> zdru\u017euje vrhunsko tehnologijo \u010di\u0161\u010denja, fleksibilnost in udobje uporabe za doma\u010de in profesionalne potrebe.<\/p>\n<p data-start=\"1951\" data-end=\"2127\">Ta visokotla\u010dni \u010distilec je idealna izbira za tiste, ki \u017eelijo popolno kombinacijo mo\u010di, pametnih funkcij in profesionalne u\u010dinkovitosti v enem kompaktno zasnovanem \u010distilcu.<\/p>\n","protected":false},"excerpt":{"rendered":"<p>K\u00e4rcher K7 Premium Smart Control Flex (1.317-360.0) \u2013 Pametni visokotla\u010dni \u010distilec K\u00e4rcher z digitalnim nadzorom mo\u010di.<\/p>\n","protected":false},"featured_media":21082,"comment_status":"open","ping_status":"closed","template":"","meta":{"_acf_changed":false},"product_brand":[2695],"product_cat":[3114,3113],"product_tag":[],"class_list":{"0":"post-21377","1":"product","2":"type-product","3":"status-publish","4":"has-post-thumbnail","6":"product_brand-karcher","7":"product_cat-elektricni-visokotlacni-cistilci","8":"product_cat-visokotlacni-cistilci","9":"pa_bruto-teza-23-kg","10":"pa_dodatki-obseg-dobave-visokotlacna-pistola-g-180-q-smart-control-multi-jet-3-v-1-visokotlacna-cev-10-m-premiumflex-adapter-za-prikljucek-vrtne-cevi-a3-4","11":"pa_kolicina-pretoka-l-h-2966","12":"pa_mere-d-x-s-x-v-mm-459-x-330-x-669","13":"pa_model-k7-prem-smart-control-flex","14":"pa_oprema-vgrajen-kolut-za-visokotlacno-cev-vgrajena-mreza-za-shranjevanje-quick-connect-na-napravi-uporaba-cistilnega-sredstva-s-pomocjo-plug-n-clean-sistem-teleskopski-rocaj-vodno-hlajeni-motor","15":"pa_povrsinska-zmogljivost-m2-h-2973","16":"pa_prikljucna-moc-kw-2967","17":"pa_prikljucni-kabel-m-2968","18":"pa_tlak-bar-mpa-20-max-180-2-max-18","19":"pa_vrsta-toka-v-hz-230-50","21":"first","22":"outofstock","23":"taxable","24":"shipping-taxable","25":"purchasable","26":"product-type-simple"},"acf":[],"_links":{"self":[{"href":"https:\/\/renovatus.si\/sl\/wp-json\/wp\/v2\/product\/21377","targetHints":{"allow":["GET"]}}],"collection":[{"href":"https:\/\/renovatus.si\/sl\/wp-json\/wp\/v2\/product"}],"about":[{"href":"https:\/\/renovatus.si\/sl\/wp-json\/wp\/v2\/types\/product"}],"replies":[{"embeddable":true,"href":"https:\/\/renovatus.si\/sl\/wp-json\/wp\/v2\/comments?post=21377"}],"wp:featuredmedia":[{"embeddable":true,"href":"https:\/\/renovatus.si\/sl\/wp-json\/wp\/v2\/media\/21082"}],"wp:attachment":[{"href":"https:\/\/renovatus.si\/sl\/wp-json\/wp\/v2\/media?parent=21377"}],"wp:term":[{"taxonomy":"product_brand","embeddable":true,"href":"https:\/\/renovatus.si\/sl\/wp-json\/wp\/v2\/product_brand?post=21377"},{"taxonomy":"product_cat","embeddable":true,"href":"https:\/\/renovatus.si\/sl\/wp-json\/wp\/v2\/product_cat?post=21377"},{"taxonomy":"product_tag","embeddable":true,"href":"https:\/\/renovatus.si\/sl\/wp-json\/wp\/v2\/product_tag?post=21377"}],"curies":[{"name":"wp","href":"https:\/\/api.w.org\/{rel}","templated":true}]}}