{"id":21386,"date":"2025-10-28T07:11:10","date_gmt":"2025-10-28T06:11:10","guid":{"rendered":"https:\/\/renovatus.si\/?product=karcher-k5-power-control-flex-118015"},"modified":"2026-04-02T10:48:19","modified_gmt":"2026-04-02T09:48:19","slug":"karcher-k5-power-control-flex-118015","status":"publish","type":"product","link":"https:\/\/renovatus.si\/sl\/izdelek\/karcher-k5-power-control-flex-118015\/","title":{"rendered":"K\u00e4rcher visokotla\u010dni \u010distilec K5 Power Control Flex \u2013 vsestranski \u010distilec z nadzorom tlaka"},"content":{"rendered":"<p data-start=\"905\" data-end=\"1196\"><strong data-start=\"905\" data-end=\"960\">K\u00e4rcher visokotla\u010dni \u010distilec K5 Power Control Flex<\/strong> je zasnovan za vse, ki i\u0161\u010dejo zmogljiv in vsestranski visokotla\u010dni \u010distilec z natan\u010dnim nadzorom tlaka. Ta \u010distilec omogo\u010da u\u010dinkovito odstranjevanje umazanije, prahu in blata z dvori\u0161\u010d, teras, fasad, vrtnega pohi\u0161tva in avtomobilov.<\/p>\n<p data-start=\"1198\" data-end=\"1554\">Z uporabo <strong data-start=\"1208\" data-end=\"1265\">K\u00e4rcher visokotla\u010dnega \u010distilca K5 Power Control Flex<\/strong> lahko prilagodite pritisk glede na ob\u010dutljivost povr\u0161in, kar omogo\u010da varno in temeljito \u010di\u0161\u010denje brez po\u0161kodb. Napredni curki in razli\u010dni nastavki omogo\u010dajo enostavno \u010di\u0161\u010denje te\u017eko dostopnih mest, medtem ko ergonomi\u010dna in kompaktna zasnova olaj\u0161a rokovanje, prena\u0161anje in shranjevanje.<\/p>\n<p data-start=\"1556\" data-end=\"1795\">Vklju\u010deni dodatki, kot so \u0161\u010detke, fleksibilni nastavki in nadzor tlaka, zagotavljajo popolno prilagodljivost \u010di\u0161\u010denja za razli\u010dne povr\u0161ine. Mo\u010dan motor in kakovostni materiali zagotavljajo dolgo \u017eivljenjsko dobo ter zanesljivo delovanje.<\/p>\n<p data-start=\"1797\" data-end=\"2074\">Izberite <strong data-start=\"1806\" data-end=\"1861\">K\u00e4rcher visokotla\u010dni \u010distilec K5 Power Control Flex<\/strong> za hitro, u\u010dinkovito in varno \u010di\u0161\u010denje doma, na dvori\u0161\u010du ali pri vozilih. Kombinacija mo\u010di, prakti\u010dnosti in nadzora tlaka zagotavlja optimalne rezultate \u010di\u0161\u010denja, ki jih pri\u010dakujete od nem\u0161ke kakovosti K\u00e4rcher.<\/p>\n","protected":false},"excerpt":{"rendered":"<p>K\u00e4rcher K5 Power Control Flex (1.324-700.0) \u2013 Visokotla\u010dni \u010distilec z nastavljivim tlakom za vse vrste povr\u0161in.<\/p>\n","protected":false},"featured_media":21126,"comment_status":"open","ping_status":"closed","template":"","meta":{"_acf_changed":false},"product_brand":[2695],"product_cat":[3114,3113],"product_tag":[],"class_list":{"0":"post-21386","1":"product","2":"type-product","3":"status-publish","4":"has-post-thumbnail","6":"product_brand-karcher","7":"product_cat-elektricni-visokotlacni-cistilci","8":"product_cat-visokotlacni-cistilci","9":"pa_bruto-teza-1588-kg","10":"pa_dodatki-obseg-dobave-visokotlacna-pistola-g-160-q-power-control-razprsilna-cev-s-ploscatim-curkom-razprsilna-cev-z-vrtljivim-curkom-visokotlacna-cev-10-m-premiumflex-adapter-za-prikljucek-vrtne-cevi-a3-4","11":"pa_kolicina-pretoka-l-h-2987","12":"pa_mere-d-x-s-x-v-mm-405-x-306-x-584","13":"pa_model-k5-power-control-flex","14":"pa_oprema-vgrajena-mreza-za-shranjevanje-quick-connect-na-napravi-uporaba-cistilnega-sredstva-s-pomocjo-plug-n-clean-sistem-teleskopski-rocaj-vodno-hlajeni-motor-integriran-vodni-filter","15":"pa_povrsinska-zmogljivost-m2-h-2992","16":"pa_prikljucna-moc-kw-2-1","17":"pa_prikljucni-kabel-m-2968","18":"pa_tlak-bar-mpa-20-max-145-2-max-145","19":"pa_vrsta-toka-v-hz-230-50","21":"first","22":"instock","23":"taxable","24":"shipping-taxable","25":"purchasable","26":"product-type-simple"},"acf":[],"_links":{"self":[{"href":"https:\/\/renovatus.si\/sl\/wp-json\/wp\/v2\/product\/21386","targetHints":{"allow":["GET"]}}],"collection":[{"href":"https:\/\/renovatus.si\/sl\/wp-json\/wp\/v2\/product"}],"about":[{"href":"https:\/\/renovatus.si\/sl\/wp-json\/wp\/v2\/types\/product"}],"replies":[{"embeddable":true,"href":"https:\/\/renovatus.si\/sl\/wp-json\/wp\/v2\/comments?post=21386"}],"wp:featuredmedia":[{"embeddable":true,"href":"https:\/\/renovatus.si\/sl\/wp-json\/wp\/v2\/media\/21126"}],"wp:attachment":[{"href":"https:\/\/renovatus.si\/sl\/wp-json\/wp\/v2\/media?parent=21386"}],"wp:term":[{"taxonomy":"product_brand","embeddable":true,"href":"https:\/\/renovatus.si\/sl\/wp-json\/wp\/v2\/product_brand?post=21386"},{"taxonomy":"product_cat","embeddable":true,"href":"https:\/\/renovatus.si\/sl\/wp-json\/wp\/v2\/product_cat?post=21386"},{"taxonomy":"product_tag","embeddable":true,"href":"https:\/\/renovatus.si\/sl\/wp-json\/wp\/v2\/product_tag?post=21386"}],"curies":[{"name":"wp","href":"https:\/\/api.w.org\/{rel}","templated":true}]}}