{"id":21388,"date":"2025-10-28T07:11:17","date_gmt":"2025-10-28T06:11:17","guid":{"rendered":"https:\/\/renovatus.si\/?product=karcher-k5-classic-home-115740"},"modified":"2026-02-26T12:13:20","modified_gmt":"2026-02-26T11:13:20","slug":"karcher-k5-classic-home-115740","status":"publish","type":"product","link":"https:\/\/renovatus.si\/sl\/izdelek\/karcher-k5-classic-home-115740\/","title":{"rendered":"K\u00e4rcher visokotla\u010dni \u010distilec K5 Classic Home \u2013 kompaktna razli\u010dica za doma\u010do uporabo"},"content":{"rendered":"<p data-start=\"890\" data-end=\"1210\"><strong data-start=\"890\" data-end=\"939\">K\u00e4rcher visokotla\u010dni \u010distilec K5 Classic Home<\/strong> je odli\u010dna izbira za vse, ki i\u0161\u010dejo zmogljivo, kompaktno in enostavno re\u0161itev za doma\u010de \u010di\u0161\u010denje. Ta visokotla\u010dni \u010distilec omogo\u010da u\u010dinkovito odstranjevanje umazanije, prahu, blata in drugih trdovratnih made\u017eev z dvori\u0161\u010d, teras, fasad, vrtnega pohi\u0161tva in avtomobilov.<\/p>\n<p data-start=\"1212\" data-end=\"1568\">S <strong data-start=\"1214\" data-end=\"1265\">K\u00e4rcher visokotla\u010dnim \u010distilcem K5 Classic Home<\/strong> lahko prilagodite pritisk glede na ob\u010dutljivost povr\u0161in, kar zagotavlja varno in temeljito \u010di\u0161\u010denje brez po\u0161kodb. Napredni curki in razli\u010dni nastavki omogo\u010dajo enostavno \u010di\u0161\u010denje te\u017eko dostopnih mest, medtem ko ergonomi\u010dna in kompaktna zasnova omogo\u010da enostavno rokovanje, prena\u0161anje in shranjevanje.<\/p>\n<p data-start=\"1570\" data-end=\"1795\">Vklju\u010deni dodatki, kot so \u0161\u010detke in fleksibilni nastavki, zagotavljajo popolno prilagodljivost \u010di\u0161\u010denja za razli\u010dne povr\u0161ine. Mo\u010dan motor in kakovostni materiali zagotavljajo dolgo \u017eivljenjsko dobo ter zanesljivo delovanje.<\/p>\n<p data-start=\"1797\" data-end=\"2065\">Izberite <strong data-start=\"1806\" data-end=\"1855\">K\u00e4rcher visokotla\u010dni \u010distilec K5 Classic Home<\/strong> za u\u010dinkovito, hitro in varno \u010di\u0161\u010denje doma. Ta kompaktna razli\u010dica omogo\u010da udobno uporabo doma\u010dih povr\u0161in in avtomobilov, hkrati pa ponuja mo\u010d in zanesljivost, ki jo pri\u010dakujete od nem\u0161ke kakovosti K\u00e4rcher.<\/p>\n","protected":false},"excerpt":{"rendered":"<p>K\u00e4rcher K5 Classic Home (1.950-702.0) \u2013 Klasi\u010den visokotla\u010dni \u010distilec za doma\u010do uporabo in manj\u0161e povr\u0161ine.<\/p>\n","protected":false},"featured_media":21136,"comment_status":"open","ping_status":"closed","template":"","meta":{"_acf_changed":false},"product_brand":[2695],"product_cat":[3114,3113],"product_tag":[],"class_list":{"0":"post-21388","1":"product","2":"type-product","3":"status-publish","4":"has-post-thumbnail","6":"product_brand-karcher","7":"product_cat-elektricni-visokotlacni-cistilci","8":"product_cat-visokotlacni-cistilci","9":"pa_bruto-teza-8-kg","10":"pa_dodatki-obseg-dobave-visokotlacna-pistola-g-180-q-razprsilna-cev-s-ploscatim-curkom-razprsilna-cev-z-vrtljivim-curkom-visokotlacna-cev-8-m-adapter-za-prikljucek-vrtne-cevi-a3-4-talna-soba-1l-cistila-z","11":"pa_kolicina-pretoka-l-h-2987","12":"pa_mere-d-x-s-x-v-mm188-x-252-x-445","13":"pa_model-k5-classic-home","14":"pa_oprema-quick-connect-na-napravi-uporaba-cistilnega-sredstva-s-pomocjo-sesanje-teleskopski-rocaj-integriran-vodni-filter","15":"pa_povrsinska-zmogljivost-m2-h-2992","16":"pa_prikljucna-moc-kw-2-1","17":"pa_prikljucni-kabel-m-2968","18":"pa_tlak-bar-mpa-20-max-145-2-max-145","19":"pa_vrsta-toka-v-hz-220-240-50-60","21":"first","22":"outofstock","23":"sale","24":"taxable","25":"shipping-taxable","26":"purchasable","27":"product-type-simple"},"acf":[],"_links":{"self":[{"href":"https:\/\/renovatus.si\/sl\/wp-json\/wp\/v2\/product\/21388","targetHints":{"allow":["GET"]}}],"collection":[{"href":"https:\/\/renovatus.si\/sl\/wp-json\/wp\/v2\/product"}],"about":[{"href":"https:\/\/renovatus.si\/sl\/wp-json\/wp\/v2\/types\/product"}],"replies":[{"embeddable":true,"href":"https:\/\/renovatus.si\/sl\/wp-json\/wp\/v2\/comments?post=21388"}],"wp:featuredmedia":[{"embeddable":true,"href":"https:\/\/renovatus.si\/sl\/wp-json\/wp\/v2\/media\/21136"}],"wp:attachment":[{"href":"https:\/\/renovatus.si\/sl\/wp-json\/wp\/v2\/media?parent=21388"}],"wp:term":[{"taxonomy":"product_brand","embeddable":true,"href":"https:\/\/renovatus.si\/sl\/wp-json\/wp\/v2\/product_brand?post=21388"},{"taxonomy":"product_cat","embeddable":true,"href":"https:\/\/renovatus.si\/sl\/wp-json\/wp\/v2\/product_cat?post=21388"},{"taxonomy":"product_tag","embeddable":true,"href":"https:\/\/renovatus.si\/sl\/wp-json\/wp\/v2\/product_tag?post=21388"}],"curies":[{"name":"wp","href":"https:\/\/api.w.org\/{rel}","templated":true}]}}