{"id":21393,"date":"2025-10-28T07:11:25","date_gmt":"2025-10-28T06:11:25","guid":{"rendered":"https:\/\/renovatus.si\/?product=karcher-k4-classic-car-115895"},"modified":"2026-04-02T10:47:25","modified_gmt":"2026-04-02T09:47:25","slug":"karcher-k4-classic-car-115895","status":"publish","type":"product","link":"https:\/\/renovatus.si\/sl\/izdelek\/karcher-k4-classic-car-115895\/","title":{"rendered":"K\u00e4rcher visokotla\u010dni \u010distilec K4 Classic Car \u2013 komplet za pranje avtomobila"},"content":{"rendered":"<p data-start=\"880\" data-end=\"1222\"><strong data-start=\"880\" data-end=\"928\">K\u00e4rcher visokotla\u010dni \u010distilec K4 Classic Car<\/strong> je zasnovan za vse, ki i\u0161\u010dejo prakti\u010den in zmogljiv \u010distilec za avtomobile in manj\u0161e povr\u0161ine okoli doma. Ta model omogo\u010da enostavno in u\u010dinkovito \u010di\u0161\u010denje vozil, dvori\u0161\u010d, teras in vrtne opreme, hkrati pa nudi visoko zmogljivost pri odstranjevanju umazanije, prahu, blata in drugih ne\u010disto\u010d.<\/p>\n<p data-start=\"1224\" data-end=\"1502\">S <strong data-start=\"1226\" data-end=\"1276\">K\u00e4rcher visokotla\u010dnim \u010distilcem K4 Classic Car<\/strong> lahko prilagajate pritisk vode glede na vrsto povr\u0161ine, kar zagotavlja varno \u010di\u0161\u010denje ob\u010dutljivih delov avtomobila in drugih povr\u0161in. Napredni curki vode omogo\u010dajo temeljito \u010di\u0161\u010denje brez po\u0161kodb in z minimalno porabo vode.<\/p>\n<p data-start=\"1504\" data-end=\"1772\">K4 Classic Car je opremljen s prakti\u010dnimi dodatki, kot so \u0161\u010detke, nastavki in prilagodljive \u0161obe, ki omogo\u010dajo enostavno \u010di\u0161\u010denje koles, karoserije in notranjih delov vozila. Kompaktna oblika in ergonomska ro\u010dica omogo\u010data preprosto rokovanje in prena\u0161anje \u010distilca.<\/p>\n<p data-start=\"1774\" data-end=\"2076\">Izberite <strong data-start=\"1783\" data-end=\"1831\">K\u00e4rcher visokotla\u010dni \u010distilec K4 Classic Car<\/strong> za optimalno kombinacijo mo\u010di, u\u010dinkovitosti in prakti\u010dnosti. Ta visokotla\u010dni \u010distilec zagotavlja hitro, temeljito in varno \u010di\u0161\u010denje avtomobilov ter drugih povr\u0161in, kar ga naredi idealnega za doma\u010de uporabnike in manj\u0161e profesionalne potrebe.<\/p>\n","protected":false},"excerpt":{"rendered":"<p>K\u00e4rcher K4 Classic Car (1.679-422.0) \u2013 Komplet s priborom za enostavno \u010di\u0161\u010denje avtomobilov.<\/p>\n","protected":false},"featured_media":21158,"comment_status":"open","ping_status":"closed","template":"","meta":{"_acf_changed":false},"product_brand":[2695],"product_cat":[3114,3113],"product_tag":[],"class_list":{"0":"post-21393","1":"product","2":"type-product","3":"status-publish","4":"has-post-thumbnail","6":"product_brand-karcher","7":"product_cat-elektricni-visokotlacni-cistilci","8":"product_cat-visokotlacni-cistilci","9":"pa_bruto-teza-65-kg","10":"pa_dodatki-obseg-dobave-visokotlacna-pistola-g-120-q-razprsilna-cev-s-ploscatim-curkom-razprsilna-cev-z-vrtljivim-curkom-visokotlacna-cev-6-m-adapter-za-prikljucek-vrtne-cevi-a3-4-soba-za-penjenje-krtaca","11":"pa_kolicina-pretoka-l-h-3024","12":"pa_mere-d-x-s-x-v-mm264-x-256-x-450","13":"pa_model-k4-classic-car","14":"pa_oprema-quick-connect-na-napravi-uporaba-cistilnega-sredstva-s-pomocjo-sesalna-cev-teleskopski-rocaj-integriran-vodni-filter","15":"pa_povrsinska-zmogljivost-m2-h-3027","16":"pa_prikljucni-kabel-m-2968","17":"pa_tlak-bar-mpa-20-max-130","18":"pa_vrsta-toka-v-hz-1-220-240-50-60","20":"first","21":"instock","22":"taxable","23":"shipping-taxable","24":"purchasable","25":"product-type-simple"},"acf":[],"_links":{"self":[{"href":"https:\/\/renovatus.si\/sl\/wp-json\/wp\/v2\/product\/21393","targetHints":{"allow":["GET"]}}],"collection":[{"href":"https:\/\/renovatus.si\/sl\/wp-json\/wp\/v2\/product"}],"about":[{"href":"https:\/\/renovatus.si\/sl\/wp-json\/wp\/v2\/types\/product"}],"replies":[{"embeddable":true,"href":"https:\/\/renovatus.si\/sl\/wp-json\/wp\/v2\/comments?post=21393"}],"wp:featuredmedia":[{"embeddable":true,"href":"https:\/\/renovatus.si\/sl\/wp-json\/wp\/v2\/media\/21158"}],"wp:attachment":[{"href":"https:\/\/renovatus.si\/sl\/wp-json\/wp\/v2\/media?parent=21393"}],"wp:term":[{"taxonomy":"product_brand","embeddable":true,"href":"https:\/\/renovatus.si\/sl\/wp-json\/wp\/v2\/product_brand?post=21393"},{"taxonomy":"product_cat","embeddable":true,"href":"https:\/\/renovatus.si\/sl\/wp-json\/wp\/v2\/product_cat?post=21393"},{"taxonomy":"product_tag","embeddable":true,"href":"https:\/\/renovatus.si\/sl\/wp-json\/wp\/v2\/product_tag?post=21393"}],"curies":[{"name":"wp","href":"https:\/\/api.w.org\/{rel}","templated":true}]}}