{"id":21394,"date":"2025-10-28T07:11:25","date_gmt":"2025-10-28T06:11:25","guid":{"rendered":"https:\/\/renovatus.si\/?product=karcher-k3-power-control-home-107756"},"modified":"2026-01-28T18:34:44","modified_gmt":"2026-01-28T17:34:44","slug":"karcher-k3-power-control-home-107756","status":"publish","type":"product","link":"https:\/\/renovatus.si\/sl\/izdelek\/karcher-k3-power-control-home-107756\/","title":{"rendered":"K\u00e4rcher visokotla\u010dni \u010distilec K3 Power Control Home \u2013 lahek \u010distilec z dodatki za dom"},"content":{"rendered":"<p data-start=\"918\" data-end=\"1233\"><strong data-start=\"918\" data-end=\"973\">K\u00e4rcher visokotla\u010dni \u010distilec K3 Power Control Home<\/strong> je idealen za uporabnike, ki i\u0161\u010dejo prakti\u010den in lahek visokotla\u010dni \u010distilec za doma\u010do uporabo. Ta model je zasnovan tako, da omogo\u010da u\u010dinkovito \u010di\u0161\u010denje dvori\u0161\u010d, teras, vozil in manj\u0161ih zunanjih povr\u0161in okoli doma, pri \u010demer je uporaba preprosta in udobna.<\/p>\n<p data-start=\"1235\" data-end=\"1564\">Z <strong data-start=\"1237\" data-end=\"1294\">K\u00e4rcher visokotla\u010dnim \u010distilcem K3 Power Control Home<\/strong> je mogo\u010de prilagoditi pritisk vode glede na povr\u0161ino, kar omogo\u010da temeljito, a varno odstranjevanje umazanije, prahu, blata in drugih ne\u010disto\u010d. Napredni curki omogo\u010dajo hitro \u010di\u0161\u010denje, medtem ko ergonomi\u010dna in kompaktna oblika olaj\u0161a rokovanje in prena\u0161anje \u010distilca.<\/p>\n<p data-start=\"1566\" data-end=\"1900\">Ta model vklju\u010duje prakti\u010dne dodatke, kot so \u0161\u010detke in nastavki, ki omogo\u010dajo enostavno \u010di\u0161\u010denje avtomobilov, koles, vrtne opreme in fasad, brez dodatnega truda. <strong data-start=\"1728\" data-end=\"1783\">K\u00e4rcher visokotla\u010dni \u010distilec K3 Power Control Home<\/strong> zdru\u017euje zmogljivost, prakti\u010dnost in vzdr\u017eljivost, kar ga naredi idealnega za vsakodnevno uporabo v gospodinjstvu.<\/p>\n<p data-start=\"1902\" data-end=\"2174\">Izberite <strong data-start=\"1911\" data-end=\"1966\">K\u00e4rcher visokotla\u010dni \u010distilec K3 Power Control Home<\/strong> za zanesljivo, hitro in u\u010dinkovito \u010di\u0161\u010denje doma\u010dih povr\u0161in. Ta \u010distilec zagotavlja optimalno kombinacijo mo\u010di, vsestranskosti in enostavnega rokovanja, kar ga uvr\u0161\u010da med najbolj prakti\u010dne \u010distilce za dom.<\/p>\n","protected":false},"excerpt":{"rendered":"<p>K\u00e4rcher K3 Power Control Home (1.676-103.0) \u2013 Lahek \u010distilec z dodatki za dom in vrt.<\/p>\n","protected":false},"featured_media":21162,"comment_status":"open","ping_status":"closed","template":"","meta":{"_acf_changed":false},"product_brand":[2695],"product_cat":[3114,3113],"product_tag":[],"class_list":{"0":"post-21394","1":"product","2":"type-product","3":"status-publish","4":"has-post-thumbnail","6":"product_brand-karcher","7":"product_cat-elektricni-visokotlacni-cistilci","8":"product_cat-visokotlacni-cistilci","9":"pa_bruto-teza-7-kg","10":"pa_dodatki-obseg-dobave-komplet-za-dom-k-3-power-talna-soba-t-1-cistilo-patio-deck-05-l-visokotlacne-pistole-g-120-q-power-control-vario-power-jet-odstranjevalec-umazanije-visokotlacna-cev-7-qui","11":"pa_kolicina-pretoka-l-h-3046","12":"pa_mere-d-x-s-x-v-297-x-280-x-677","13":"pa_model-k3-power-control-home","14":"pa_povrsinska-zmogljivost-m2-h-3051","15":"pa_prikljucna-moc-kw-1-6","16":"pa_prikljucni-kabel-m-2968","17":"pa_tlak-bar-mpa-20-120-2-12","18":"pa_vrsta-toka-v-hz-220-240-50-60","20":"first","21":"instock","22":"taxable","23":"shipping-taxable","24":"purchasable","25":"product-type-simple"},"acf":[],"_links":{"self":[{"href":"https:\/\/renovatus.si\/sl\/wp-json\/wp\/v2\/product\/21394","targetHints":{"allow":["GET"]}}],"collection":[{"href":"https:\/\/renovatus.si\/sl\/wp-json\/wp\/v2\/product"}],"about":[{"href":"https:\/\/renovatus.si\/sl\/wp-json\/wp\/v2\/types\/product"}],"replies":[{"embeddable":true,"href":"https:\/\/renovatus.si\/sl\/wp-json\/wp\/v2\/comments?post=21394"}],"wp:featuredmedia":[{"embeddable":true,"href":"https:\/\/renovatus.si\/sl\/wp-json\/wp\/v2\/media\/21162"}],"wp:attachment":[{"href":"https:\/\/renovatus.si\/sl\/wp-json\/wp\/v2\/media?parent=21394"}],"wp:term":[{"taxonomy":"product_brand","embeddable":true,"href":"https:\/\/renovatus.si\/sl\/wp-json\/wp\/v2\/product_brand?post=21394"},{"taxonomy":"product_cat","embeddable":true,"href":"https:\/\/renovatus.si\/sl\/wp-json\/wp\/v2\/product_cat?post=21394"},{"taxonomy":"product_tag","embeddable":true,"href":"https:\/\/renovatus.si\/sl\/wp-json\/wp\/v2\/product_tag?post=21394"}],"curies":[{"name":"wp","href":"https:\/\/api.w.org\/{rel}","templated":true}]}}