{"id":21397,"date":"2025-10-28T07:11:25","date_gmt":"2025-10-28T06:11:25","guid":{"rendered":"https:\/\/renovatus.si\/?product=karcher-k3-classic-car-115896"},"modified":"2026-04-02T10:46:53","modified_gmt":"2026-04-02T09:46:53","slug":"karcher-k3-classic-car-115896","status":"publish","type":"product","link":"https:\/\/renovatus.si\/sl\/izdelek\/karcher-k3-classic-car-115896\/","title":{"rendered":"K\u00e4rcher visokotla\u010dni \u010distilec K3 Classic Car \u2013 \u010distilec z dodatki za avto"},"content":{"rendered":"<p data-start=\"892\" data-end=\"1267\"><strong data-start=\"892\" data-end=\"940\">K\u00e4rcher visokotla\u010dni \u010distilec K3 Classic Car<\/strong> je posebej zasnovan za lastnike vozil, ki \u017eelijo preprosto in u\u010dinkovito \u010di\u0161\u010denje avtomobilov, dvori\u0161\u010d in manj\u0161ih povr\u0161in okoli doma. Ta model vklju\u010duje prakti\u010dne dodatke, kot so \u0161\u010detke in nastavki, ki omogo\u010dajo temeljito \u010di\u0161\u010denje koles, karoserije in drugih povr\u0161in avtomobila, ne da bi pri tem po\u0161kodovali ob\u010dutljive dele.<\/p>\n<p data-start=\"1269\" data-end=\"1551\">Ta <strong data-start=\"1272\" data-end=\"1320\">K\u00e4rcher visokotla\u010dni \u010distilec K3 Classic Car<\/strong> je opremljen z zmogljivim curkom vode, ki hitro odstranjuje umazanijo, blato in prah. Kompaktna zasnova in lahka konstrukcija omogo\u010data enostavno prena\u0161anje in shranjevanje, medtem ko ergonomi\u010dna oblika olaj\u0161a rokovanje in delo.<\/p>\n<p data-start=\"1553\" data-end=\"1770\">K3 Classic Car je idealen za vsakodnevno uporabo, saj zdru\u017euje zmogljivost, prakti\u010dnost in vzdr\u017eljivost. Nastavljiv pritisk in razli\u010dni nastavki zagotavljajo optimalno \u010di\u0161\u010denje vseh povr\u0161in brez nepotrebnega napora.<\/p>\n<p data-start=\"1772\" data-end=\"2041\">Izberite <strong data-start=\"1781\" data-end=\"1829\">K\u00e4rcher visokotla\u010dni \u010distilec K3 Classic Car<\/strong> za u\u010dinkovito, hitro in zanesljivo \u010di\u0161\u010denje avtomobilov, dvori\u0161\u010d, teras in drugih povr\u0161in okoli va\u0161ega doma. Ta visokotla\u010dni \u010distilec je popolna kombinacija zmogljivosti, priro\u010dnosti in dolge \u017eivljenjske dobe.<\/p>\n","protected":false},"excerpt":{"rendered":"<p>K\u00e4rcher K3 Classic Car (1.676-222.0) \u2013 Komplet za pranje vozil z zmogljivim curkom vode.<\/p>\n","protected":false},"featured_media":21171,"comment_status":"open","ping_status":"closed","template":"","meta":{"_acf_changed":false},"product_brand":[2695],"product_cat":[3114,3113],"product_tag":[],"class_list":{"0":"post-21397","1":"product","2":"type-product","3":"status-publish","4":"has-post-thumbnail","6":"product_brand-karcher","7":"product_cat-elektricni-visokotlacni-cistilci","8":"product_cat-visokotlacni-cistilci","9":"pa_bruto-teza-594-kg","10":"pa_dodatki-obseg-dobave-visokotlacna-pistola-g-120-q-razprsilna-cev-s-ploscatim-curkom-razprsilna-cev-z-vrtljivim-curkom-visokotlacna-cev-6-m-adapter-za-prikljucek-vrtne-cevi-a3-4-krtaca-za-avto-razprsil","11":"pa_kolicina-pretoka-l-h-3046","12":"pa_mere-d-x-s-x-v-mm264-x-256-x-450","13":"pa_model-k3-classic-car","14":"pa_oprema-quick-connect-na-napravi-uporaba-cistilnega-sredstva-s-pomocjo-sesalna-cev-teleskopski-rocaj-integriran-vodni-filter","15":"pa_povrsinska-zmogljivost-m2-h-3051","16":"pa_prikljucna-moc-kw-1-6","17":"pa_prikljucni-kabel-m-2968","18":"pa_tlak-bar-mpa-20-max-120-2-max-12","19":"pa_vrsta-toka-v-hz-220-240-50-60","21":"first","22":"instock","23":"taxable","24":"shipping-taxable","25":"purchasable","26":"product-type-simple"},"acf":[],"_links":{"self":[{"href":"https:\/\/renovatus.si\/sl\/wp-json\/wp\/v2\/product\/21397","targetHints":{"allow":["GET"]}}],"collection":[{"href":"https:\/\/renovatus.si\/sl\/wp-json\/wp\/v2\/product"}],"about":[{"href":"https:\/\/renovatus.si\/sl\/wp-json\/wp\/v2\/types\/product"}],"replies":[{"embeddable":true,"href":"https:\/\/renovatus.si\/sl\/wp-json\/wp\/v2\/comments?post=21397"}],"wp:featuredmedia":[{"embeddable":true,"href":"https:\/\/renovatus.si\/sl\/wp-json\/wp\/v2\/media\/21171"}],"wp:attachment":[{"href":"https:\/\/renovatus.si\/sl\/wp-json\/wp\/v2\/media?parent=21397"}],"wp:term":[{"taxonomy":"product_brand","embeddable":true,"href":"https:\/\/renovatus.si\/sl\/wp-json\/wp\/v2\/product_brand?post=21397"},{"taxonomy":"product_cat","embeddable":true,"href":"https:\/\/renovatus.si\/sl\/wp-json\/wp\/v2\/product_cat?post=21397"},{"taxonomy":"product_tag","embeddable":true,"href":"https:\/\/renovatus.si\/sl\/wp-json\/wp\/v2\/product_tag?post=21397"}],"curies":[{"name":"wp","href":"https:\/\/api.w.org\/{rel}","templated":true}]}}