{"id":21398,"date":"2025-10-28T07:11:31","date_gmt":"2025-10-28T06:11:31","guid":{"rendered":"https:\/\/renovatus.si\/?product=karcher-k2-prem-power-control-107759"},"modified":"2026-04-07T13:22:33","modified_gmt":"2026-04-07T12:22:33","slug":"karcher-k2-prem-power-control-107759","status":"publish","type":"product","link":"https:\/\/renovatus.si\/sl\/izdelek\/karcher-k2-prem-power-control-107759\/","title":{"rendered":"K\u00e4rcher visokotla\u010dni \u010distilec K2 Premium Power Control \u2013 za\u010detni model z nadzorom tlaka"},"content":{"rendered":"<p data-start=\"927\" data-end=\"1237\"><strong data-start=\"927\" data-end=\"985\">K\u00e4rcher visokotla\u010dni \u010distilec K2 Premium Power Control<\/strong> je idealen za uporabnike, ki i\u0161\u010dejo za\u010detni model visokotla\u010dnega \u010distilca z mo\u017enostjo nadzora tlaka. Ta model zdru\u017euje kompaktno zasnovo, enostavno uporabo in u\u010dinkovito \u010di\u0161\u010denje razli\u010dnih povr\u0161in okoli doma, vklju\u010dno z dvori\u0161\u010di, terasami in vozili.<\/p>\n<p data-start=\"1239\" data-end=\"1551\">Ta <strong data-start=\"1242\" data-end=\"1300\">K\u00e4rcher visokotla\u010dni \u010distilec K2 Premium Power Control<\/strong> omogo\u010da prilagajanje tlaka glede na povr\u0161ino, kar zagotavlja optimalno \u010di\u0161\u010denje brez po\u0161kodb ob\u010dutljivih povr\u0161in. Napredni visokotla\u010dni curki u\u010dinkovito odstranjujejo umazanijo, prah, blato in druge ne\u010disto\u010de, hkrati pa prihranijo vodo in energijo.<\/p>\n<p data-start=\"1553\" data-end=\"1842\">Kompaktna in lahka oblika omogo\u010da enostavno prena\u0161anje in shranjevanje, medtem ko ergonomi\u010dna zasnova olaj\u0161a rokovanje. <strong data-start=\"1673\" data-end=\"1731\">K\u00e4rcher visokotla\u010dni \u010distilec K2 Premium Power Control<\/strong> je idealen za doma\u010de uporabnike, ki \u017eelijo zanesljiv, u\u010dinkovit in preprost \u010distilec za vsakodnevno uporabo.<\/p>\n<p data-start=\"1844\" data-end=\"2039\">Izberite <strong data-start=\"1853\" data-end=\"1911\">K\u00e4rcher visokotla\u010dni \u010distilec K2 Premium Power Control<\/strong> za zanesljivo, hitro in u\u010dinkovito \u010di\u0161\u010denje vseh povr\u0161in okoli va\u0161ega doma z minimalnim naporom in maksimalno u\u010dinkovitostjo.<\/p>\n","protected":false},"excerpt":{"rendered":"<p>K\u00e4rcher K2 Premium Power Control (1.673-630.0) \u2013 Osnovni model z nadzorom mo\u010di in lahkotnim rokovanjem.<\/p>\n","protected":false},"featured_media":21173,"comment_status":"open","ping_status":"closed","template":"","meta":{"_acf_changed":false},"product_brand":[2695],"product_cat":[3114,3113],"product_tag":[],"class_list":{"0":"post-21398","1":"product","2":"type-product","3":"status-publish","4":"has-post-thumbnail","6":"product_brand-karcher","7":"product_cat-elektricni-visokotlacni-cistilci","8":"product_cat-visokotlacni-cistilci","9":"pa_bruto-teza-6-kg","10":"pa_dodatki-obseg-dobave-visokotlacne-pistole-g-120-q-click-vario-power-cev-odstranjevalec-umazanije-visokotlacna-cev-7-quick-connect-na-napravi-uporaba-cistilnega-sredstva-s-pomocjo-sesanje-teleskopski-rocaj","11":"pa_kolicina-pretoka-l-h-3065","12":"pa_mere-d-x-s-x-v-246-x-280-x-586","13":"pa_model-k2-prem-power-control","14":"pa_povrsinska-zmogljivost-m2-h-3070","15":"pa_prikljucna-moc-kw-1-4","16":"pa_prikljucni-kabel-m-2968","17":"pa_tlak-bar-mpa-20-110-2-11","18":"pa_vrsta-toka-v-hz-220-240-50-60","20":"first","21":"outofstock","22":"taxable","23":"shipping-taxable","24":"purchasable","25":"product-type-simple"},"acf":[],"_links":{"self":[{"href":"https:\/\/renovatus.si\/sl\/wp-json\/wp\/v2\/product\/21398","targetHints":{"allow":["GET"]}}],"collection":[{"href":"https:\/\/renovatus.si\/sl\/wp-json\/wp\/v2\/product"}],"about":[{"href":"https:\/\/renovatus.si\/sl\/wp-json\/wp\/v2\/types\/product"}],"replies":[{"embeddable":true,"href":"https:\/\/renovatus.si\/sl\/wp-json\/wp\/v2\/comments?post=21398"}],"wp:featuredmedia":[{"embeddable":true,"href":"https:\/\/renovatus.si\/sl\/wp-json\/wp\/v2\/media\/21173"}],"wp:attachment":[{"href":"https:\/\/renovatus.si\/sl\/wp-json\/wp\/v2\/media?parent=21398"}],"wp:term":[{"taxonomy":"product_brand","embeddable":true,"href":"https:\/\/renovatus.si\/sl\/wp-json\/wp\/v2\/product_brand?post=21398"},{"taxonomy":"product_cat","embeddable":true,"href":"https:\/\/renovatus.si\/sl\/wp-json\/wp\/v2\/product_cat?post=21398"},{"taxonomy":"product_tag","embeddable":true,"href":"https:\/\/renovatus.si\/sl\/wp-json\/wp\/v2\/product_tag?post=21398"}],"curies":[{"name":"wp","href":"https:\/\/api.w.org\/{rel}","templated":true}]}}