{"id":21402,"date":"2025-10-28T07:11:31","date_gmt":"2025-10-28T06:11:31","guid":{"rendered":"https:\/\/renovatus.si\/?product=karcher-k2-classic-115797"},"modified":"2026-04-02T10:45:33","modified_gmt":"2026-04-02T09:45:33","slug":"karcher-k2-classic-115797","status":"publish","type":"product","link":"https:\/\/renovatus.si\/sl\/izdelek\/karcher-k2-classic-115797\/","title":{"rendered":"K\u00e4rcher visokotla\u010dni \u010distilec K2 Classic \u2013 cenovno dostopen \u010distilec za osnovna opravila"},"content":{"rendered":"<p data-start=\"896\" data-end=\"1219\"><strong data-start=\"896\" data-end=\"940\">K\u00e4rcher visokotla\u010dni \u010distilec K2 Classic<\/strong> je idealna re\u0161itev za vse, ki i\u0161\u010dejo cenovno dostopen, a zmogljiv visokotla\u010dni \u010distilec za osnovna opravila doma in okoli hi\u0161e. Ta \u010distilec omogo\u010da enostavno in u\u010dinkovito odstranjevanje umazanije, prahu in blata z dvori\u0161\u010d, teras, koles, avtomobilov in drugih manj\u0161ih povr\u0161in.<\/p>\n<p data-start=\"1221\" data-end=\"1466\">Ta <strong data-start=\"1224\" data-end=\"1268\">K\u00e4rcher visokotla\u010dni \u010distilec K2 Classic<\/strong> zdru\u017euje prakti\u010dnost, kompaktno zasnovo in enostavno uporabo. Zaradi lahke konstrukcije ga je enostavno premikati, transportirati in shranjevati, kar omogo\u010da hitro \u010di\u0161\u010denje brez dodatnega napora.<\/p>\n<p data-start=\"1468\" data-end=\"1745\">Visokotla\u010dni curki zagotavljajo u\u010dinkovito odstranjevanje ne\u010disto\u010d, medtem ko cenovno dostopna zasnova omogo\u010da, da kakovost K\u00e4rcher dobite po ugodni ceni. K2 Classic je primeren za uporabnike, ki potrebujejo zmogljiv \u010distilec za ob\u010dasno ali rutinsko \u010di\u0161\u010denje doma\u010dih povr\u0161in.<\/p>\n<p data-start=\"1747\" data-end=\"2030\">Izberite <strong data-start=\"1756\" data-end=\"1800\">K\u00e4rcher visokotla\u010dni \u010distilec K2 Classic<\/strong> za zanesljivo, prakti\u010dno in cenovno dostopno re\u0161itev, ki zagotavlja u\u010dinkovito \u010di\u0161\u010denje teras, dvori\u0161\u010d in drugih povr\u0161in okoli va\u0161ega doma. Ta \u010distilec je odli\u010dna izbira za vse, ki \u017eelijo kakovost K\u00e4rcher brez visokih stro\u0161kov.<\/p>\n","protected":false},"excerpt":{"rendered":"<p>K\u00e4rcher K2 Classic (1.673-570.0) \u2013 Cenovno ugoden \u010distilec za osnovno \u010di\u0161\u010denje okolic hi\u0161e.<\/p>\n","protected":false},"featured_media":21187,"comment_status":"open","ping_status":"closed","template":"","meta":{"_acf_changed":false},"product_brand":[2695],"product_cat":[3114,3113],"product_tag":[],"class_list":{"0":"post-21402","1":"product","2":"type-product","3":"status-publish","4":"has-post-thumbnail","6":"product_brand-karcher","7":"product_cat-elektricni-visokotlacni-cistilci","8":"product_cat-visokotlacni-cistilci","9":"pa_bruto-teza-46-kg","10":"pa_dodatki-obseg-dobave-visokotlacna-pistola-g-120-q-enojna-prsilna-cev-razprsilna-cev-z-vrtljivim-curkom-visokotlacna-cev-3-m-adapter-za-prikljucek-vrtne-cevi-a3-4","11":"pa_kolicina-pretoka-l-h-3065","12":"pa_mere-d-x-s-x-v-mm178-x-219-x-415","13":"pa_model-k2-classic","14":"pa_oprema-quick-connect-na-napravi-integriran-vodni-filter","15":"pa_povrsinska-zmogljivost-m2-h-3070","16":"pa_prikljucna-moc-kw-1-4","17":"pa_prikljucni-kabel-m-2968","18":"pa_tlak-bar-mpa-110-max-11","19":"pa_vrsta-toka-v-hz-220-240-50-60","21":"first","22":"instock","23":"taxable","24":"shipping-taxable","25":"purchasable","26":"product-type-simple"},"acf":[],"_links":{"self":[{"href":"https:\/\/renovatus.si\/sl\/wp-json\/wp\/v2\/product\/21402","targetHints":{"allow":["GET"]}}],"collection":[{"href":"https:\/\/renovatus.si\/sl\/wp-json\/wp\/v2\/product"}],"about":[{"href":"https:\/\/renovatus.si\/sl\/wp-json\/wp\/v2\/types\/product"}],"replies":[{"embeddable":true,"href":"https:\/\/renovatus.si\/sl\/wp-json\/wp\/v2\/comments?post=21402"}],"wp:featuredmedia":[{"embeddable":true,"href":"https:\/\/renovatus.si\/sl\/wp-json\/wp\/v2\/media\/21187"}],"wp:attachment":[{"href":"https:\/\/renovatus.si\/sl\/wp-json\/wp\/v2\/media?parent=21402"}],"wp:term":[{"taxonomy":"product_brand","embeddable":true,"href":"https:\/\/renovatus.si\/sl\/wp-json\/wp\/v2\/product_brand?post=21402"},{"taxonomy":"product_cat","embeddable":true,"href":"https:\/\/renovatus.si\/sl\/wp-json\/wp\/v2\/product_cat?post=21402"},{"taxonomy":"product_tag","embeddable":true,"href":"https:\/\/renovatus.si\/sl\/wp-json\/wp\/v2\/product_tag?post=21402"}],"curies":[{"name":"wp","href":"https:\/\/api.w.org\/{rel}","templated":true}]}}