{"id":21404,"date":"2025-10-28T07:11:37","date_gmt":"2025-10-28T06:11:37","guid":{"rendered":"https:\/\/renovatus.si\/?product=karcher-k-silent-anniversary-ed-ition-118296"},"modified":"2026-04-07T13:22:18","modified_gmt":"2026-04-07T12:22:18","slug":"karcher-k-silent-anniversary-ed-ition-118296","status":"publish","type":"product","link":"https:\/\/renovatus.si\/sl\/izdelek\/karcher-k-silent-anniversary-ed-ition-118296\/","title":{"rendered":"K\u00e4rcher visokotla\u010dni \u010distilec K Silent Anniversary Edition \u2013 tiha jubilejna izdaja \u010distilca"},"content":{"rendered":"<p data-start=\"949\" data-end=\"1293\"><strong data-start=\"949\" data-end=\"1011\">K\u00e4rcher visokotla\u010dni \u010distilec K Silent Anniversary Edition<\/strong> je edinstvena tiha jubilejna izdaja, ki zdru\u017euje zmogljivost, kakovost in inovativno tehnologijo za minimalen hrup. Ta visokotla\u010dni \u010distilec je idealen za doma\u010do uporabo, kjer \u017eelite u\u010dinkovito odstranjevanje umazanije, prahu in blata, ne da bi motili dru\u017einske \u010dlane ali sosede.<\/p>\n<p data-start=\"1295\" data-end=\"1663\">Ta <strong data-start=\"1298\" data-end=\"1360\">K\u00e4rcher visokotla\u010dni \u010distilec K Silent Anniversary Edition<\/strong> ponuja tiho delovanje, hkrati pa zagotavlja vrhunsko zmogljivost in trajnost. Kompaktna zasnova omogo\u010da enostavno rokovanje, prena\u0161anje in shranjevanje. Visokotla\u010dni curki omogo\u010dajo u\u010dinkovito \u010di\u0161\u010denje teras, dvori\u0161\u010d, avtomobilov in drugih povr\u0161in, kjer je potrebna mo\u010d, a hkrati tudi tiho delovanje.<\/p>\n<p data-start=\"1665\" data-end=\"1835\">Jubilejna izdaja zdru\u017euje napredno tehnologijo K\u00e4rcher s presti\u017enim dizajnom in kakovostnimi materiali, ki zagotavljajo dolgo \u017eivljenjsko dobo in minimalno vzdr\u017eevanje.<\/p>\n<p data-start=\"1837\" data-end=\"2036\">Izberite <strong data-start=\"1846\" data-end=\"1908\">K\u00e4rcher visokotla\u010dni \u010distilec K Silent Anniversary Edition<\/strong> za tiho, zmogljivo in u\u010dinkovito \u010di\u0161\u010denje, ki zdru\u017euje mo\u010d, kakovost in udobje pri vsakodnevnem \u010di\u0161\u010denju doma ali okoli hi\u0161e.<\/p>\n","protected":false},"excerpt":{"rendered":"<p>K\u00e4rcher K Silent Anniversary Edition (1.600-956.0) \u2013 Tiha jubilejna izdaja \u010distilca z zmogljivim motorjem.<\/p>\n","protected":false},"featured_media":21193,"comment_status":"open","ping_status":"closed","template":"","meta":{"_acf_changed":false},"product_brand":[2695],"product_cat":[3114,3113],"product_tag":[],"class_list":{"0":"post-21404","1":"product","2":"type-product","3":"status-publish","4":"has-post-thumbnail","6":"product_brand-karcher","7":"product_cat-elektricni-visokotlacni-cistilci","8":"product_cat-visokotlacni-cistilci","9":"pa_bruto-teza-89-kg","10":"pa_dodatki-obseg-dobave-komplet-za-ciscenje-avtomobila-scetka-za-pranje-sampon-za-avto-05-l-soba-za-peno-visokotlacna-pistola-g-120-q-razprsilna-cev-s-ploscatim-curkom-razprsilna-cev-z-vrtljivim-curkom","11":"pa_kolicina-pretoka-l-h-3024","12":"pa_mere-d-x-s-x-v-mm-313-x-262-x-419","13":"pa_model-k-silent-anniversary-ed-ition","14":"pa_oprema-quick-connect-na-napravi-integriran-vodni-filter-shranjevanje-kabla","15":"pa_povrsinska-zmogljivost-m2-h-3027","16":"pa_prikljucna-moc-kw-1-8","17":"pa_prikljucni-kabel-m-2968","18":"pa_tlak-bar-mpa-3094","19":"pa_vrsta-toka-v-hz-1-220-240-50-60","21":"first","22":"outofstock","23":"taxable","24":"shipping-taxable","25":"purchasable","26":"product-type-simple"},"acf":[],"_links":{"self":[{"href":"https:\/\/renovatus.si\/sl\/wp-json\/wp\/v2\/product\/21404","targetHints":{"allow":["GET"]}}],"collection":[{"href":"https:\/\/renovatus.si\/sl\/wp-json\/wp\/v2\/product"}],"about":[{"href":"https:\/\/renovatus.si\/sl\/wp-json\/wp\/v2\/types\/product"}],"replies":[{"embeddable":true,"href":"https:\/\/renovatus.si\/sl\/wp-json\/wp\/v2\/comments?post=21404"}],"wp:featuredmedia":[{"embeddable":true,"href":"https:\/\/renovatus.si\/sl\/wp-json\/wp\/v2\/media\/21193"}],"wp:attachment":[{"href":"https:\/\/renovatus.si\/sl\/wp-json\/wp\/v2\/media?parent=21404"}],"wp:term":[{"taxonomy":"product_brand","embeddable":true,"href":"https:\/\/renovatus.si\/sl\/wp-json\/wp\/v2\/product_brand?post=21404"},{"taxonomy":"product_cat","embeddable":true,"href":"https:\/\/renovatus.si\/sl\/wp-json\/wp\/v2\/product_cat?post=21404"},{"taxonomy":"product_tag","embeddable":true,"href":"https:\/\/renovatus.si\/sl\/wp-json\/wp\/v2\/product_tag?post=21404"}],"curies":[{"name":"wp","href":"https:\/\/api.w.org\/{rel}","templated":true}]}}