{"id":21547,"date":"2025-10-28T09:19:19","date_gmt":"2025-10-28T08:19:19","guid":{"rendered":"https:\/\/renovatus.si\/?product=livolo-idl-8667p-d600-11-sve055"},"modified":"2026-01-14T09:57:03","modified_gmt":"2026-01-14T08:57:03","slug":"livolo-idl-8667p-d600-11-sve055","status":"publish","type":"product","link":"https:\/\/renovatus.si\/sl\/izdelek\/livolo-idl-8667p-d600-11-sve055\/","title":{"rendered":"LED stropna vise\u010da svetilka \u00d8600xV150 mm Dupont papir 3000K bela \u2013 unikatna svetilka iz papirja za ambientno svetlobo"},"content":{"rendered":"<p data-start=\"1285\" data-end=\"1601\"><strong data-start=\"1285\" data-end=\"1353\">LED stropna vise\u010da svetilka \u00d8600xV150 mm Dupont papir 3000K bela<\/strong> je popolna izbira za vse, ki \u017eelijo dodati prostoru unikaten in eleganten pridih. Svetilka je izdelana iz kakovostnega Dupont papirja, kar ji daje lahkotno, a presti\u017eno estetiko, idealno za dnevne sobe, jedilnice, spalnice ali hotelske prostore.<\/p>\n<p data-start=\"1603\" data-end=\"1884\">S svetlobno mo\u010djo <strong data-start=\"1621\" data-end=\"1634\">LED 3000K<\/strong> oddaja prijetno <strong data-start=\"1651\" data-end=\"1674\">toplo belo svetlobo<\/strong>, ki ustvarja spro\u0161\u010dujo\u010de in udobno vzdu\u0161je. Zaradi dimenzij <strong data-start=\"1735\" data-end=\"1751\">\u00d8600xV150 mm<\/strong> je svetilka primerna za osvetlitev srednje velikih prostorov, kjer \u017eelite zdru\u017eiti funkcionalno osvetlitev in dekorativni element.<\/p>\n<p data-start=\"1886\" data-end=\"2179\">Ta <strong data-start=\"1889\" data-end=\"1957\">LED stropna vise\u010da svetilka \u00d8600xV150 mm Dupont papir 3000K bela<\/strong> je energetsko u\u010dinkovita, kar pomeni ni\u017ejo porabo elektri\u010dne energije in dolgo \u017eivljenjsko dobo LED tehnologije. Papirnati material omogo\u010da mehko, difuzno svetlobo, ki ne ble\u0161\u010di in ustvarja prijetno ambientalno vzdu\u0161je.<\/p>\n<p data-start=\"2181\" data-end=\"2546\">Namestitev svetilke je enostavna, njen dizajn pa se brezhibno poda k modernim in minimalisti\u010dnim interierjem, pa tudi k bolj klasi\u010dnim prostorom, ki \u017eelijo pridih unikatnosti. Izberite <strong data-start=\"2366\" data-end=\"2434\">LED stropno vise\u010do svetilko \u00d8600xV150 mm Dupont papir 3000K bela<\/strong> in u\u017eivajte v elegantni, funkcionalni in prijetni ambientni osvetlitvi, ki bo va\u0161 prostor vizualno obogatila.<\/p>\n","protected":false},"excerpt":{"rendered":"<p>Unikatna svetilka iz Dupont papirja za mehko in ambientno svetlobo. Naraven videz in sodoben dizajn v enem.<\/p>\n","protected":false},"featured_media":21548,"comment_status":"open","ping_status":"closed","template":"","meta":{"_acf_changed":false},"product_brand":[3128],"product_cat":[3119,3118],"product_tag":[],"class_list":{"0":"post-21547","1":"product","2":"type-product","3":"status-publish","4":"has-post-thumbnail","6":"product_brand-livolo","7":"product_cat-stropna-svetila","8":"product_cat-svetila","9":"pa_barva-bela","10":"pa_dimenzije-d600xh150mm","11":"pa_material-dupontov-papir","12":"pa_moc-3000k","13":"pa_model-idl-8667p-d600-11","14":"pa_oblika-okrogla","16":"first","17":"outofstock","18":"taxable","19":"shipping-taxable","20":"purchasable","21":"product-type-simple"},"acf":[],"_links":{"self":[{"href":"https:\/\/renovatus.si\/sl\/wp-json\/wp\/v2\/product\/21547","targetHints":{"allow":["GET"]}}],"collection":[{"href":"https:\/\/renovatus.si\/sl\/wp-json\/wp\/v2\/product"}],"about":[{"href":"https:\/\/renovatus.si\/sl\/wp-json\/wp\/v2\/types\/product"}],"replies":[{"embeddable":true,"href":"https:\/\/renovatus.si\/sl\/wp-json\/wp\/v2\/comments?post=21547"}],"wp:featuredmedia":[{"embeddable":true,"href":"https:\/\/renovatus.si\/sl\/wp-json\/wp\/v2\/media\/21548"}],"wp:attachment":[{"href":"https:\/\/renovatus.si\/sl\/wp-json\/wp\/v2\/media?parent=21547"}],"wp:term":[{"taxonomy":"product_brand","embeddable":true,"href":"https:\/\/renovatus.si\/sl\/wp-json\/wp\/v2\/product_brand?post=21547"},{"taxonomy":"product_cat","embeddable":true,"href":"https:\/\/renovatus.si\/sl\/wp-json\/wp\/v2\/product_cat?post=21547"},{"taxonomy":"product_tag","embeddable":true,"href":"https:\/\/renovatus.si\/sl\/wp-json\/wp\/v2\/product_tag?post=21547"}],"curies":[{"name":"wp","href":"https:\/\/api.w.org\/{rel}","templated":true}]}}